{"id":1216,"date":"2021-10-14T13:58:16","date_gmt":"2021-10-14T11:58:16","guid":{"rendered":"https:\/\/medtronv2.bluealpha.de\/?page_id=1216"},"modified":"2025-05-12T10:10:52","modified_gmt":"2025-05-12T08:10:52","slug":"consumibles-irm","status":"publish","type":"page","link":"https:\/\/medtron-msls.zeitraum.dev\/es\/imagenes-de-resonancia-magnetica\/consumibles-irm\/","title":{"rendered":"Consumibles IRM"},"content":{"rendered":"\t\t<div data-elementor-type=\"wp-page\" data-elementor-id=\"1216\" class=\"elementor elementor-1216\">\n\t\t\t\t\t\t<section class=\"elementor-section elementor-top-section elementor-element elementor-element-26d48937 content-block elementor-section-boxed elementor-section-height-default elementor-section-height-default parallax_section_no qode_elementor_container_no\" data-id=\"26d48937\" data-element_type=\"section\">\n\t\t\t\t\t\t<div class=\"elementor-container elementor-column-gap-default\">\n\t\t\t\t\t<div class=\"elementor-column elementor-col-100 elementor-top-column elementor-element elementor-element-619c1528\" data-id=\"619c1528\" data-element_type=\"column\">\n\t\t\t<div class=\"elementor-widget-wrap elementor-element-populated\">\n\t\t\t\t\t\t<section class=\"elementor-section elementor-inner-section elementor-element elementor-element-6dba784b elementor-section-boxed elementor-section-height-default elementor-section-height-default parallax_section_no qode_elementor_container_no\" data-id=\"6dba784b\" data-element_type=\"section\">\n\t\t\t\t\t\t<div class=\"elementor-container elementor-column-gap-default\">\n\t\t\t\t\t<div class=\"elementor-column elementor-col-100 elementor-inner-column elementor-element elementor-element-26ae559b\" data-id=\"26ae559b\" data-element_type=\"column\">\n\t\t\t<div class=\"elementor-widget-wrap elementor-element-populated\">\n\t\t\t\t\t\t<div class=\"elementor-element elementor-element-11bcffa6 elementor-widget elementor-widget-spacer\" data-id=\"11bcffa6\" data-element_type=\"widget\" data-widget_type=\"spacer.default\">\n\t\t\t\t<div class=\"elementor-widget-container\">\n\t\t\t\t\t\t\t<div class=\"elementor-spacer\">\n\t\t\t<div class=\"elementor-spacer-inner\"><\/div>\n\t\t<\/div>\n\t\t\t\t\t\t<\/div>\n\t\t\t\t<\/div>\n\t\t\t\t<div class=\"elementor-element elementor-element-eb90c27 elementor-widget elementor-widget-heading\" data-id=\"eb90c27\" data-element_type=\"widget\" data-widget_type=\"heading.default\">\n\t\t\t\t<div class=\"elementor-widget-container\">\n\t\t\t\t\t<h1 class=\"elementor-heading-title elementor-size-default\">Resonancia magn\u00e9tica Consumibles<\/h1>\t\t\t\t<\/div>\n\t\t\t\t<\/div>\n\t\t\t\t\t<\/div>\n\t\t<\/div>\n\t\t\t\t\t<\/div>\n\t\t<\/section>\n\t\t\t\t\t<\/div>\n\t\t<\/div>\n\t\t\t\t\t<\/div>\n\t\t<\/section>\n\t\t\t\t<section class=\"elementor-section elementor-top-section elementor-element elementor-element-3f6a696 elementor-section-boxed elementor-section-height-default elementor-section-height-default parallax_section_no qode_elementor_container_no\" data-id=\"3f6a696\" data-element_type=\"section\">\n\t\t\t\t\t\t<div class=\"elementor-container elementor-column-gap-default\">\n\t\t\t\t\t<div class=\"elementor-column elementor-col-100 elementor-top-column elementor-element elementor-element-9c5e3b0\" data-id=\"9c5e3b0\" data-element_type=\"column\">\n\t\t\t<div class=\"elementor-widget-wrap elementor-element-populated\">\n\t\t\t\t\t\t<div class=\"elementor-element elementor-element-ccbffaa elementor-widget elementor-widget-text-editor\" data-id=\"ccbffaa\" data-element_type=\"widget\" data-widget_type=\"text-editor.default\">\n\t\t\t\t<div class=\"elementor-widget-container\">\n\t\t\t\t\t\t\t\t\t<p class=\"MsoNormal\">Los\u00a0<strong>consumibles de resonancia magn\u00e9tica (RM)<\/strong>\u00a0para el Accutron<strong><sup>\u00ae<\/sup><\/strong>\u00a0MR3 y el Accutron<sup>\u00ae<\/sup>\u00a0MR abarcan desde sondas de paciente, sistemas de sondas, jeringas y sets de varios tama\u00f1os y dise\u00f1os hasta v\u00e1lvulas de tres v\u00edas y minispikes.<\/p>\t\t\t\t\t\t\t\t<\/div>\n\t\t\t\t<\/div>\n\t\t\t\t<div class=\"elementor-element elementor-element-215ee5d elementor-widget elementor-widget-bridge_portfolio_list\" data-id=\"215ee5d\" data-element_type=\"widget\" data-widget_type=\"bridge_portfolio_list.default\">\n\t\t\t\t<div class=\"elementor-widget-container\">\n\t\t\t\t\t<div class='projects_holder_outer v4 portfolio_with_space portfolio_standard'>\n        <div class='projects_holder portfolio_main_holder clearfix v4 standard portfolio_full_image portfolio_one_by_one'>\n        \n        <p>Sorry, no posts matched your criteria.<\/p>    <\/div>\n\n    \n    <\/div>\t\t\t\t<\/div>\n\t\t\t\t<\/div>\n\t\t\t\t\t<\/div>\n\t\t<\/div>\n\t\t\t\t\t<\/div>\n\t\t<\/section>\n\t\t\t\t<\/div>\n\t\t","protected":false},"excerpt":{"rendered":"<p>Resonancia magn\u00e9tica Consumibles Los\u00a0consumibles de resonancia magn\u00e9tica (RM)\u00a0para el Accutron\u00ae\u00a0MR3 y el Accutron\u00ae\u00a0MR abarcan desde sondas de paciente, sistemas de sondas, jeringas y sets de varios tama\u00f1os y dise\u00f1os hasta v\u00e1lvulas de tres v\u00edas y minispikes. + CT2\/MRT Set ELS (S) 317627-100 CT, Einmalgebrauch, MR,&#8230;<\/p>\n","protected":false},"author":1,"featured_media":10896,"parent":1087,"menu_order":2,"comment_status":"closed","ping_status":"closed","template":"","meta":{"_acf_changed":false,"footnotes":""},"class_list":["post-1216","page","type-page","status-publish","has-post-thumbnail","hentry"],"acf":[],"yoast_head":"<!-- This site is optimized with the Yoast SEO plugin v25.0 - https:\/\/yoast.com\/wordpress\/plugins\/seo\/ -->\n<title>Consumibles IRM | MEDTRON AG<\/title>\n<meta name=\"description\" content=\"Consumibles IRM para Accutron MR3 y Accutron MR para uso en imagenes de resonancia magn\u00e9tica | MEDTRON AG\" \/>\n<meta name=\"robots\" content=\"noindex, follow, max-snippet:-1, max-image-preview:large, max-video-preview:-1\" \/>\n<meta property=\"og:locale\" content=\"es_ES\" \/>\n<meta property=\"og:type\" content=\"article\" \/>\n<meta property=\"og:title\" content=\"Consumibles IRM | MEDTRON AG\" \/>\n<meta property=\"og:description\" content=\"Consumibles IRM para Accutron MR3 y Accutron MR para uso en imagenes de resonancia magn\u00e9tica | MEDTRON AG\" \/>\n<meta property=\"og:url\" content=\"https:\/\/medtron-msls.zeitraum.dev\/es\/imagenes-de-resonancia-magnetica\/consumibles-irm\/\" \/>\n<meta property=\"og:site_name\" content=\"Medtron ES\" \/>\n<meta property=\"article:modified_time\" content=\"2025-05-12T08:10:52+00:00\" \/>\n<meta property=\"og:image\" content=\"https:\/\/medtron-msls.zeitraum.dev\/es\/wp-content\/uploads\/sites\/3\/2022\/09\/MRT-Verbrauchsmaterial-Medtron-AG.jpg\" \/>\n\t<meta property=\"og:image:width\" content=\"963\" \/>\n\t<meta property=\"og:image:height\" content=\"700\" \/>\n\t<meta property=\"og:image:type\" content=\"image\/jpeg\" \/>\n<meta name=\"twitter:card\" content=\"summary_large_image\" \/>\n<meta name=\"twitter:label1\" content=\"Tiempo de lectura\" \/>\n\t<meta name=\"twitter:data1\" content=\"13 minutos\" \/>\n<script type=\"application\/ld+json\" class=\"yoast-schema-graph\">{\"@context\":\"https:\/\/schema.org\",\"@graph\":[{\"@type\":\"WebPage\",\"@id\":\"https:\/\/medtron-msls.zeitraum.dev\/es\/imagenes-de-resonancia-magnetica\/consumibles-irm\/\",\"url\":\"https:\/\/medtron-msls.zeitraum.dev\/es\/imagenes-de-resonancia-magnetica\/consumibles-irm\/\",\"name\":\"Consumibles IRM | MEDTRON AG\",\"isPartOf\":{\"@id\":\"https:\/\/medtron-msls.zeitraum.dev\/es\/#website\"},\"primaryImageOfPage\":{\"@id\":\"https:\/\/medtron-msls.zeitraum.dev\/es\/imagenes-de-resonancia-magnetica\/consumibles-irm\/#primaryimage\"},\"image\":{\"@id\":\"https:\/\/medtron-msls.zeitraum.dev\/es\/imagenes-de-resonancia-magnetica\/consumibles-irm\/#primaryimage\"},\"thumbnailUrl\":\"https:\/\/medtron-msls.zeitraum.dev\/es\/wp-content\/uploads\/sites\/3\/2022\/09\/MRT-Verbrauchsmaterial-Medtron-AG.jpg\",\"datePublished\":\"2021-10-14T11:58:16+00:00\",\"dateModified\":\"2025-05-12T08:10:52+00:00\",\"description\":\"Consumibles IRM para Accutron MR3 y Accutron MR para uso en imagenes de resonancia magn\u00e9tica | MEDTRON AG\",\"breadcrumb\":{\"@id\":\"https:\/\/medtron-msls.zeitraum.dev\/es\/imagenes-de-resonancia-magnetica\/consumibles-irm\/#breadcrumb\"},\"inLanguage\":\"es\",\"potentialAction\":[{\"@type\":\"ReadAction\",\"target\":[\"https:\/\/medtron-msls.zeitraum.dev\/es\/imagenes-de-resonancia-magnetica\/consumibles-irm\/\"]}]},{\"@type\":\"ImageObject\",\"inLanguage\":\"es\",\"@id\":\"https:\/\/medtron-msls.zeitraum.dev\/es\/imagenes-de-resonancia-magnetica\/consumibles-irm\/#primaryimage\",\"url\":\"https:\/\/medtron-msls.zeitraum.dev\/es\/wp-content\/uploads\/sites\/3\/2022\/09\/MRT-Verbrauchsmaterial-Medtron-AG.jpg\",\"contentUrl\":\"https:\/\/medtron-msls.zeitraum.dev\/es\/wp-content\/uploads\/sites\/3\/2022\/09\/MRT-Verbrauchsmaterial-Medtron-AG.jpg\",\"width\":963,\"height\":700,\"caption\":\"Verbrauchsmaterial f\u00fcr die Magnetresonanztomographie\"},{\"@type\":\"BreadcrumbList\",\"@id\":\"https:\/\/medtron-msls.zeitraum.dev\/es\/imagenes-de-resonancia-magnetica\/consumibles-irm\/#breadcrumb\",\"itemListElement\":[{\"@type\":\"ListItem\",\"position\":1,\"name\":\"Startseite\",\"item\":\"https:\/\/medtron-msls.zeitraum.dev\/es\/\"},{\"@type\":\"ListItem\",\"position\":2,\"name\":\"Imagenes de resonancia magn\u00e9tica\",\"item\":\"https:\/\/medtron-msls.zeitraum.dev\/es\/imagenes-de-resonancia-magnetica\/\"},{\"@type\":\"ListItem\",\"position\":3,\"name\":\"Consumibles IRM\"}]},{\"@type\":\"WebSite\",\"@id\":\"https:\/\/medtron-msls.zeitraum.dev\/es\/#website\",\"url\":\"https:\/\/medtron-msls.zeitraum.dev\/es\/\",\"name\":\"Medtron ES\",\"description\":\"Herzlich Willkommen\",\"potentialAction\":[{\"@type\":\"SearchAction\",\"target\":{\"@type\":\"EntryPoint\",\"urlTemplate\":\"https:\/\/medtron-msls.zeitraum.dev\/es\/?s={search_term_string}\"},\"query-input\":{\"@type\":\"PropertyValueSpecification\",\"valueRequired\":true,\"valueName\":\"search_term_string\"}}],\"inLanguage\":\"es\"}]}<\/script>\n<!-- \/ Yoast SEO plugin. -->","yoast_head_json":{"title":"Consumibles IRM | MEDTRON AG","description":"Consumibles IRM para Accutron MR3 y Accutron MR para uso en imagenes de resonancia magn\u00e9tica | MEDTRON AG","robots":{"index":"noindex","follow":"follow","max-snippet":"max-snippet:-1","max-image-preview":"max-image-preview:large","max-video-preview":"max-video-preview:-1"},"og_locale":"es_ES","og_type":"article","og_title":"Consumibles IRM | MEDTRON AG","og_description":"Consumibles IRM para Accutron MR3 y Accutron MR para uso en imagenes de resonancia magn\u00e9tica | MEDTRON AG","og_url":"https:\/\/medtron-msls.zeitraum.dev\/es\/imagenes-de-resonancia-magnetica\/consumibles-irm\/","og_site_name":"Medtron ES","article_modified_time":"2025-05-12T08:10:52+00:00","og_image":[{"width":963,"height":700,"url":"https:\/\/medtron-msls.zeitraum.dev\/es\/wp-content\/uploads\/sites\/3\/2022\/09\/MRT-Verbrauchsmaterial-Medtron-AG.jpg","type":"image\/jpeg"}],"twitter_card":"summary_large_image","twitter_misc":{"Tiempo de lectura":"13 minutos"},"schema":{"@context":"https:\/\/schema.org","@graph":[{"@type":"WebPage","@id":"https:\/\/medtron-msls.zeitraum.dev\/es\/imagenes-de-resonancia-magnetica\/consumibles-irm\/","url":"https:\/\/medtron-msls.zeitraum.dev\/es\/imagenes-de-resonancia-magnetica\/consumibles-irm\/","name":"Consumibles IRM | MEDTRON AG","isPartOf":{"@id":"https:\/\/medtron-msls.zeitraum.dev\/es\/#website"},"primaryImageOfPage":{"@id":"https:\/\/medtron-msls.zeitraum.dev\/es\/imagenes-de-resonancia-magnetica\/consumibles-irm\/#primaryimage"},"image":{"@id":"https:\/\/medtron-msls.zeitraum.dev\/es\/imagenes-de-resonancia-magnetica\/consumibles-irm\/#primaryimage"},"thumbnailUrl":"https:\/\/medtron-msls.zeitraum.dev\/es\/wp-content\/uploads\/sites\/3\/2022\/09\/MRT-Verbrauchsmaterial-Medtron-AG.jpg","datePublished":"2021-10-14T11:58:16+00:00","dateModified":"2025-05-12T08:10:52+00:00","description":"Consumibles IRM para Accutron MR3 y Accutron MR para uso en imagenes de resonancia magn\u00e9tica | MEDTRON AG","breadcrumb":{"@id":"https:\/\/medtron-msls.zeitraum.dev\/es\/imagenes-de-resonancia-magnetica\/consumibles-irm\/#breadcrumb"},"inLanguage":"es","potentialAction":[{"@type":"ReadAction","target":["https:\/\/medtron-msls.zeitraum.dev\/es\/imagenes-de-resonancia-magnetica\/consumibles-irm\/"]}]},{"@type":"ImageObject","inLanguage":"es","@id":"https:\/\/medtron-msls.zeitraum.dev\/es\/imagenes-de-resonancia-magnetica\/consumibles-irm\/#primaryimage","url":"https:\/\/medtron-msls.zeitraum.dev\/es\/wp-content\/uploads\/sites\/3\/2022\/09\/MRT-Verbrauchsmaterial-Medtron-AG.jpg","contentUrl":"https:\/\/medtron-msls.zeitraum.dev\/es\/wp-content\/uploads\/sites\/3\/2022\/09\/MRT-Verbrauchsmaterial-Medtron-AG.jpg","width":963,"height":700,"caption":"Verbrauchsmaterial f\u00fcr die Magnetresonanztomographie"},{"@type":"BreadcrumbList","@id":"https:\/\/medtron-msls.zeitraum.dev\/es\/imagenes-de-resonancia-magnetica\/consumibles-irm\/#breadcrumb","itemListElement":[{"@type":"ListItem","position":1,"name":"Startseite","item":"https:\/\/medtron-msls.zeitraum.dev\/es\/"},{"@type":"ListItem","position":2,"name":"Imagenes de resonancia magn\u00e9tica","item":"https:\/\/medtron-msls.zeitraum.dev\/es\/imagenes-de-resonancia-magnetica\/"},{"@type":"ListItem","position":3,"name":"Consumibles IRM"}]},{"@type":"WebSite","@id":"https:\/\/medtron-msls.zeitraum.dev\/es\/#website","url":"https:\/\/medtron-msls.zeitraum.dev\/es\/","name":"Medtron ES","description":"Herzlich Willkommen","potentialAction":[{"@type":"SearchAction","target":{"@type":"EntryPoint","urlTemplate":"https:\/\/medtron-msls.zeitraum.dev\/es\/?s={search_term_string}"},"query-input":{"@type":"PropertyValueSpecification","valueRequired":true,"valueName":"search_term_string"}}],"inLanguage":"es"}]}},"_links":{"self":[{"href":"https:\/\/medtron-msls.zeitraum.dev\/es\/wp-json\/wp\/v2\/pages\/1216","targetHints":{"allow":["GET"]}}],"collection":[{"href":"https:\/\/medtron-msls.zeitraum.dev\/es\/wp-json\/wp\/v2\/pages"}],"about":[{"href":"https:\/\/medtron-msls.zeitraum.dev\/es\/wp-json\/wp\/v2\/types\/page"}],"author":[{"embeddable":true,"href":"https:\/\/medtron-msls.zeitraum.dev\/es\/wp-json\/wp\/v2\/users\/1"}],"replies":[{"embeddable":true,"href":"https:\/\/medtron-msls.zeitraum.dev\/es\/wp-json\/wp\/v2\/comments?post=1216"}],"version-history":[{"count":4,"href":"https:\/\/medtron-msls.zeitraum.dev\/es\/wp-json\/wp\/v2\/pages\/1216\/revisions"}],"predecessor-version":[{"id":17419,"href":"https:\/\/medtron-msls.zeitraum.dev\/es\/wp-json\/wp\/v2\/pages\/1216\/revisions\/17419"}],"up":[{"embeddable":true,"href":"https:\/\/medtron-msls.zeitraum.dev\/es\/wp-json\/wp\/v2\/pages\/1087"}],"wp:featuredmedia":[{"embeddable":true,"href":"https:\/\/medtron-msls.zeitraum.dev\/es\/wp-json\/wp\/v2\/media\/10896"}],"wp:attachment":[{"href":"https:\/\/medtron-msls.zeitraum.dev\/es\/wp-json\/wp\/v2\/media?parent=1216"}],"curies":[{"name":"wp","href":"https:\/\/api.w.org\/{rel}","templated":true}]}}