{"id":1521,"date":"2021-10-20T12:23:51","date_gmt":"2021-10-20T10:23:51","guid":{"rendered":"https:\/\/medtronv2.bluealpha.de\/?page_id=1521"},"modified":"2025-05-12T10:55:29","modified_gmt":"2025-05-12T08:55:29","slug":"el-uso-multiple-8h","status":"publish","type":"page","link":"https:\/\/medtron-msls.zeitraum.dev\/es\/consumibles\/el-uso-multiple-8h\/","title":{"rendered":"El uso m\u00faltiple (8h)"},"content":{"rendered":"\t\t<div data-elementor-type=\"wp-page\" data-elementor-id=\"1521\" class=\"elementor elementor-1521\">\n\t\t\t\t\t\t<section class=\"elementor-section elementor-top-section elementor-element elementor-element-3cfed8bd content-block full-width elementor-section-boxed elementor-section-height-default elementor-section-height-default parallax_section_no qode_elementor_container_no\" data-id=\"3cfed8bd\" data-element_type=\"section\">\n\t\t\t\t\t\t<div class=\"elementor-container elementor-column-gap-default\">\n\t\t\t\t\t<div class=\"elementor-column elementor-col-100 elementor-top-column elementor-element elementor-element-6e1a684b\" data-id=\"6e1a684b\" data-element_type=\"column\">\n\t\t\t<div class=\"elementor-widget-wrap elementor-element-populated\">\n\t\t\t\t\t\t<section class=\"elementor-section elementor-inner-section elementor-element elementor-element-6eaeb505 elementor-section-boxed elementor-section-height-default elementor-section-height-default parallax_section_no qode_elementor_container_no\" data-id=\"6eaeb505\" data-element_type=\"section\">\n\t\t\t\t\t\t<div class=\"elementor-container elementor-column-gap-default\">\n\t\t\t\t\t<div class=\"elementor-column elementor-col-100 elementor-inner-column elementor-element elementor-element-6762f499\" data-id=\"6762f499\" data-element_type=\"column\">\n\t\t\t<div class=\"elementor-widget-wrap elementor-element-populated\">\n\t\t\t\t\t\t<div class=\"elementor-element elementor-element-dc76810 elementor-widget elementor-widget-heading\" data-id=\"dc76810\" data-element_type=\"widget\" data-widget_type=\"heading.default\">\n\t\t\t\t<div class=\"elementor-widget-container\">\n\t\t\t\t\t<h1 class=\"elementor-heading-title elementor-size-default\">EL USO M\u00daLTIPLE (8H)<\/h1>\t\t\t\t<\/div>\n\t\t\t\t<\/div>\n\t\t\t\t<div class=\"elementor-element elementor-element-2faf0080 elementor-widget elementor-widget-text-editor\" data-id=\"2faf0080\" data-element_type=\"widget\" data-widget_type=\"text-editor.default\">\n\t\t\t\t<div class=\"elementor-widget-container\">\n\t\t\t\t\t\t\t\t\t<h2 class=\"magenta_small\">Consumibles por un uso multiple hasta 8 horas<\/h2>\t\t\t\t\t\t\t\t<\/div>\n\t\t\t\t<\/div>\n\t\t\t\t\t<\/div>\n\t\t<\/div>\n\t\t\t\t\t<\/div>\n\t\t<\/section>\n\t\t\t\t\t<\/div>\n\t\t<\/div>\n\t\t\t\t\t<\/div>\n\t\t<\/section>\n\t\t\t\t<section class=\"elementor-section elementor-top-section elementor-element elementor-element-ae32547 elementor-section-boxed elementor-section-height-default elementor-section-height-default parallax_section_no qode_elementor_container_no\" data-id=\"ae32547\" data-element_type=\"section\">\n\t\t\t\t\t\t<div class=\"elementor-container elementor-column-gap-default\">\n\t\t\t\t\t<div class=\"elementor-column elementor-col-100 elementor-top-column elementor-element elementor-element-cccd756\" data-id=\"cccd756\" data-element_type=\"column\">\n\t\t\t<div class=\"elementor-widget-wrap elementor-element-populated\">\n\t\t\t\t\t\t<div class=\"elementor-element elementor-element-3902d4b elementor-widget elementor-widget-text-editor\" data-id=\"3902d4b\" data-element_type=\"widget\" data-widget_type=\"text-editor.default\">\n\t\t\t\t<div class=\"elementor-widget-container\">\n\t\t\t\t\t\t\t\t\t<p>Trabajamos para facilitar el manejo de nuestros productos. \u00a1Nuestro avanzado sistema es f\u00e1cil de usar y permite simplifi car considerablemente su trabajo durante el tratamiento!Usted puede ahorrar tiempo y material con nuestro sistema modular personalizable que comprende un sistema de 8 jeringas de 8 horas y una l\u00ednea de paciente (con v\u00e1lvula de retenci\u00f3n verde). Al\u00e9grese por las hasta 8 horas de descanso sin tener que cambiar jeringas y el sistema de sondas.<\/p>\t\t\t\t\t\t\t\t<\/div>\n\t\t\t\t<\/div>\n\t\t\t\t\t<\/div>\n\t\t<\/div>\n\t\t\t\t\t<\/div>\n\t\t<\/section>\n\t\t\t\t<section class=\"elementor-section elementor-top-section elementor-element elementor-element-110997d elementor-section-boxed elementor-section-height-default elementor-section-height-default parallax_section_no qode_elementor_container_no\" data-id=\"110997d\" data-element_type=\"section\">\n\t\t\t\t\t\t<div class=\"elementor-container elementor-column-gap-default\">\n\t\t\t\t\t<div class=\"elementor-column elementor-col-100 elementor-top-column elementor-element elementor-element-3268e34\" data-id=\"3268e34\" data-element_type=\"column\">\n\t\t\t<div class=\"elementor-widget-wrap elementor-element-populated\">\n\t\t\t\t\t\t<div class=\"elementor-element elementor-element-fb7026d elementor-widget elementor-widget-text-editor\" data-id=\"fb7026d\" data-element_type=\"widget\" data-widget_type=\"text-editor.default\">\n\t\t\t\t<div class=\"elementor-widget-container\">\n\t\t\t\t\t\t\t\t\t<h3>Vosotros ventajas<\/h3><ul><li>Rentable gracias al ahorro de tiempo y costes<\/li><li>Hasta ocho horas de uso<\/li><li>Orden y control gracias al etiquetado especial<\/li><li>Sistema de soluciones individuales<\/li><li>Facilidad de uso<\/li><li>Respetuoso con el medio ambiente<\/li><li>Dise\u00f1o compacto y sencillo<\/li><\/ul>\t\t\t\t\t\t\t\t<\/div>\n\t\t\t\t<\/div>\n\t\t\t\t\t<\/div>\n\t\t<\/div>\n\t\t\t\t\t<\/div>\n\t\t<\/section>\n\t\t\t\t<section class=\"elementor-section elementor-top-section elementor-element elementor-element-3f6a696 elementor-section-boxed elementor-section-height-default elementor-section-height-default parallax_section_no qode_elementor_container_no\" data-id=\"3f6a696\" data-element_type=\"section\">\n\t\t\t\t\t\t<div class=\"elementor-container elementor-column-gap-default\">\n\t\t\t\t\t<div class=\"elementor-column elementor-col-100 elementor-top-column elementor-element elementor-element-9c5e3b0\" data-id=\"9c5e3b0\" data-element_type=\"column\">\n\t\t\t<div class=\"elementor-widget-wrap elementor-element-populated\">\n\t\t\t\t\t\t<div class=\"elementor-element elementor-element-215ee5d elementor-widget elementor-widget-bridge_portfolio_list\" data-id=\"215ee5d\" data-element_type=\"widget\" data-widget_type=\"bridge_portfolio_list.default\">\n\t\t\t\t<div class=\"elementor-widget-container\">\n\t\t\t\t\t<div class='projects_holder_outer v4 portfolio_with_space portfolio_standard'>\n        <div class='projects_holder portfolio_main_holder clearfix v4 standard portfolio_full_image portfolio_one_by_one'>\n        \n        <p>Sorry, no posts matched your criteria.<\/p>    <\/div>\n\n    \n    <\/div>\t\t\t\t<\/div>\n\t\t\t\t<\/div>\n\t\t\t\t\t<\/div>\n\t\t<\/div>\n\t\t\t\t\t<\/div>\n\t\t<\/section>\n\t\t\t\t<section class=\"elementor-section elementor-top-section elementor-element elementor-element-d17bd11 elementor-section-boxed elementor-section-height-default elementor-section-height-default parallax_section_no qode_elementor_container_no\" data-id=\"d17bd11\" data-element_type=\"section\">\n\t\t\t\t\t\t<div class=\"elementor-container elementor-column-gap-default\">\n\t\t\t\t\t<div class=\"elementor-column elementor-col-100 elementor-top-column elementor-element elementor-element-3e3fece\" data-id=\"3e3fece\" data-element_type=\"column\">\n\t\t\t<div class=\"elementor-widget-wrap elementor-element-populated\">\n\t\t\t\t\t\t<div class=\"elementor-element elementor-element-f80a344 elementor-widget elementor-widget-text-editor\" data-id=\"f80a344\" data-element_type=\"widget\" data-widget_type=\"text-editor.default\">\n\t\t\t\t<div class=\"elementor-widget-container\">\n\t\t\t\t\t\t\t\t\t<h3>USO M\u00daLTIPLE HASTA 8h<\/h3><p>\u00a0<\/p><p><strong>En cuanto a nuestras c\u00e1maras de goteo con una espiga:<\/strong><\/p><p>Las c\u00e1maras de goteo est\u00e1n equipadas con ventilaci\u00f3n microbiol\u00f3gica y un filtro de base para una filtraci\u00f3n libre de part\u00edculas.\u00a0<\/p><p>\u00a0<\/p><p><strong>En cuanto a nuestras c\u00e1maras de goteo en l\u00ednea:<\/strong><\/p><p>Las c\u00e1maras de goteo est\u00e1n equipadas con un filtro de base para una instalaci\u00f3n libre de part\u00edculas.<\/p><p>\u00a0<\/p><p><strong>Nuestra tecnolog\u00eda de v\u00e1lvulas es microbiol\u00f3gica y viralmente segura hasta por 8 horas.<\/strong>\u00a0Tambi\u00e9n es de cierre autom\u00e1tico. La presi\u00f3n de apertura es de 250 mbar.\u00a0<\/p>\t\t\t\t\t\t\t\t<\/div>\n\t\t\t\t<\/div>\n\t\t\t\t\t<\/div>\n\t\t<\/div>\n\t\t\t\t\t<\/div>\n\t\t<\/section>\n\t\t\t\t<section class=\"elementor-section elementor-top-section elementor-element elementor-element-bcb7750 elementor-section-boxed elementor-section-height-default elementor-section-height-default parallax_section_no qode_elementor_container_no\" data-id=\"bcb7750\" data-element_type=\"section\">\n\t\t\t\t\t\t<div class=\"elementor-container elementor-column-gap-default\">\n\t\t\t\t\t<div class=\"elementor-column elementor-col-100 elementor-top-column elementor-element elementor-element-fffb5f2\" data-id=\"fffb5f2\" data-element_type=\"column\">\n\t\t\t<div class=\"elementor-widget-wrap elementor-element-populated\">\n\t\t\t\t\t\t<div class=\"elementor-element elementor-element-5b842e3 elementor-widget elementor-widget-spacer\" data-id=\"5b842e3\" data-element_type=\"widget\" data-widget_type=\"spacer.default\">\n\t\t\t\t<div class=\"elementor-widget-container\">\n\t\t\t\t\t\t\t<div class=\"elementor-spacer\">\n\t\t\t<div class=\"elementor-spacer-inner\"><\/div>\n\t\t<\/div>\n\t\t\t\t\t\t<\/div>\n\t\t\t\t<\/div>\n\t\t\t\t\t<\/div>\n\t\t<\/div>\n\t\t\t\t\t<\/div>\n\t\t<\/section>\n\t\t\t\t<section class=\"elementor-section elementor-top-section elementor-element elementor-element-7a567fa elementor-section-boxed elementor-section-height-default elementor-section-height-default parallax_section_no qode_elementor_container_no\" data-id=\"7a567fa\" data-element_type=\"section\">\n\t\t\t\t\t\t<div class=\"elementor-container elementor-column-gap-default\">\n\t\t\t\t\t<div class=\"elementor-column elementor-col-100 elementor-top-column elementor-element elementor-element-ebacac9\" data-id=\"ebacac9\" data-element_type=\"column\">\n\t\t\t<div class=\"elementor-widget-wrap elementor-element-populated\">\n\t\t\t\t\t\t<div class=\"elementor-element elementor-element-9543820 elementor-widget elementor-widget-spacer\" data-id=\"9543820\" data-element_type=\"widget\" data-widget_type=\"spacer.default\">\n\t\t\t\t<div class=\"elementor-widget-container\">\n\t\t\t\t\t\t\t<div class=\"elementor-spacer\">\n\t\t\t<div class=\"elementor-spacer-inner\"><\/div>\n\t\t<\/div>\n\t\t\t\t\t\t<\/div>\n\t\t\t\t<\/div>\n\t\t\t\t\t<\/div>\n\t\t<\/div>\n\t\t\t\t\t<\/div>\n\t\t<\/section>\n\t\t\t\t<\/div>\n\t\t","protected":false},"excerpt":{"rendered":"<p>EL USO M\u00daLTIPLE (8H) Consumibles por un uso multiple hasta 8 horas Trabajamos para facilitar el manejo de nuestros productos. \u00a1Nuestro avanzado sistema es f\u00e1cil de usar y permite simplifi car considerablemente su trabajo durante el tratamiento!Usted puede ahorrar tiempo y material con nuestro sistema&#8230;<\/p>\n","protected":false},"author":1,"featured_media":10906,"parent":1483,"menu_order":1,"comment_status":"closed","ping_status":"closed","template":"","meta":{"_acf_changed":false,"footnotes":""},"class_list":["post-1521","page","type-page","status-publish","has-post-thumbnail","hentry"],"acf":[],"yoast_head":"<!-- This site is optimized with the Yoast SEO plugin v25.0 - https:\/\/yoast.com\/wordpress\/plugins\/seo\/ -->\n<title>Consumibles por el uso multiple (8h) | MEDTRON AG<\/title>\n<meta name=\"description\" content=\"Consumible por el uso m\u00faltiple (8h) - Consumible para inyectores de medio de contraste para TC y RM hasta 8 horas. | MEDTRON AG\" \/>\n<meta name=\"robots\" content=\"noindex, follow, max-snippet:-1, max-image-preview:large, max-video-preview:-1\" \/>\n<meta property=\"og:locale\" content=\"es_ES\" \/>\n<meta property=\"og:type\" content=\"article\" \/>\n<meta property=\"og:title\" content=\"Consumibles por el uso multiple (8h) | MEDTRON AG\" \/>\n<meta property=\"og:description\" content=\"Consumible por el uso m\u00faltiple (8h) - Consumible para inyectores de medio de contraste para TC y RM hasta 8 horas. | MEDTRON AG\" \/>\n<meta property=\"og:url\" content=\"https:\/\/medtron-msls.zeitraum.dev\/es\/consumibles\/el-uso-multiple-8h\/\" \/>\n<meta property=\"og:site_name\" content=\"Medtron ES\" \/>\n<meta property=\"article:modified_time\" content=\"2025-05-12T08:55:29+00:00\" \/>\n<meta property=\"og:image\" content=\"https:\/\/medtron-msls.zeitraum.dev\/es\/wp-content\/uploads\/sites\/3\/2022\/09\/Verbrauchsmaterial-Mehrfachanwednung-Medtron-AG.jpg\" \/>\n\t<meta property=\"og:image:width\" content=\"963\" \/>\n\t<meta property=\"og:image:height\" content=\"700\" \/>\n\t<meta property=\"og:image:type\" content=\"image\/jpeg\" \/>\n<meta name=\"twitter:card\" content=\"summary_large_image\" \/>\n<meta name=\"twitter:label1\" content=\"Tiempo de lectura\" \/>\n\t<meta name=\"twitter:data1\" content=\"3 minutos\" \/>\n<script type=\"application\/ld+json\" class=\"yoast-schema-graph\">{\"@context\":\"https:\/\/schema.org\",\"@graph\":[{\"@type\":\"WebPage\",\"@id\":\"https:\/\/medtron-msls.zeitraum.dev\/es\/consumibles\/el-uso-multiple-8h\/\",\"url\":\"https:\/\/medtron-msls.zeitraum.dev\/es\/consumibles\/el-uso-multiple-8h\/\",\"name\":\"Consumibles por el uso multiple (8h) | MEDTRON AG\",\"isPartOf\":{\"@id\":\"https:\/\/medtron-msls.zeitraum.dev\/es\/#website\"},\"primaryImageOfPage\":{\"@id\":\"https:\/\/medtron-msls.zeitraum.dev\/es\/consumibles\/el-uso-multiple-8h\/#primaryimage\"},\"image\":{\"@id\":\"https:\/\/medtron-msls.zeitraum.dev\/es\/consumibles\/el-uso-multiple-8h\/#primaryimage\"},\"thumbnailUrl\":\"https:\/\/medtron-msls.zeitraum.dev\/es\/wp-content\/uploads\/sites\/3\/2022\/09\/Verbrauchsmaterial-Mehrfachanwednung-Medtron-AG.jpg\",\"datePublished\":\"2021-10-20T10:23:51+00:00\",\"dateModified\":\"2025-05-12T08:55:29+00:00\",\"description\":\"Consumible por el uso m\u00faltiple (8h) - Consumible para inyectores de medio de contraste para TC y RM hasta 8 horas. | MEDTRON AG\",\"breadcrumb\":{\"@id\":\"https:\/\/medtron-msls.zeitraum.dev\/es\/consumibles\/el-uso-multiple-8h\/#breadcrumb\"},\"inLanguage\":\"es\",\"potentialAction\":[{\"@type\":\"ReadAction\",\"target\":[\"https:\/\/medtron-msls.zeitraum.dev\/es\/consumibles\/el-uso-multiple-8h\/\"]}]},{\"@type\":\"ImageObject\",\"inLanguage\":\"es\",\"@id\":\"https:\/\/medtron-msls.zeitraum.dev\/es\/consumibles\/el-uso-multiple-8h\/#primaryimage\",\"url\":\"https:\/\/medtron-msls.zeitraum.dev\/es\/wp-content\/uploads\/sites\/3\/2022\/09\/Verbrauchsmaterial-Mehrfachanwednung-Medtron-AG.jpg\",\"contentUrl\":\"https:\/\/medtron-msls.zeitraum.dev\/es\/wp-content\/uploads\/sites\/3\/2022\/09\/Verbrauchsmaterial-Mehrfachanwednung-Medtron-AG.jpg\",\"width\":963,\"height\":700,\"caption\":\"Vebrauchsmaterial Mehrfachanwendung\"},{\"@type\":\"BreadcrumbList\",\"@id\":\"https:\/\/medtron-msls.zeitraum.dev\/es\/consumibles\/el-uso-multiple-8h\/#breadcrumb\",\"itemListElement\":[{\"@type\":\"ListItem\",\"position\":1,\"name\":\"Startseite\",\"item\":\"https:\/\/medtron-msls.zeitraum.dev\/es\/\"},{\"@type\":\"ListItem\",\"position\":2,\"name\":\"Consumibles\",\"item\":\"https:\/\/medtron-msls.zeitraum.dev\/es\/consumibles\/\"},{\"@type\":\"ListItem\",\"position\":3,\"name\":\"El uso m\u00faltiple (8h)\"}]},{\"@type\":\"WebSite\",\"@id\":\"https:\/\/medtron-msls.zeitraum.dev\/es\/#website\",\"url\":\"https:\/\/medtron-msls.zeitraum.dev\/es\/\",\"name\":\"Medtron ES\",\"description\":\"Herzlich Willkommen\",\"potentialAction\":[{\"@type\":\"SearchAction\",\"target\":{\"@type\":\"EntryPoint\",\"urlTemplate\":\"https:\/\/medtron-msls.zeitraum.dev\/es\/?s={search_term_string}\"},\"query-input\":{\"@type\":\"PropertyValueSpecification\",\"valueRequired\":true,\"valueName\":\"search_term_string\"}}],\"inLanguage\":\"es\"}]}<\/script>\n<!-- \/ Yoast SEO plugin. -->","yoast_head_json":{"title":"Consumibles por el uso multiple (8h) | MEDTRON AG","description":"Consumible por el uso m\u00faltiple (8h) - Consumible para inyectores de medio de contraste para TC y RM hasta 8 horas. | MEDTRON AG","robots":{"index":"noindex","follow":"follow","max-snippet":"max-snippet:-1","max-image-preview":"max-image-preview:large","max-video-preview":"max-video-preview:-1"},"og_locale":"es_ES","og_type":"article","og_title":"Consumibles por el uso multiple (8h) | MEDTRON AG","og_description":"Consumible por el uso m\u00faltiple (8h) - Consumible para inyectores de medio de contraste para TC y RM hasta 8 horas. | MEDTRON AG","og_url":"https:\/\/medtron-msls.zeitraum.dev\/es\/consumibles\/el-uso-multiple-8h\/","og_site_name":"Medtron ES","article_modified_time":"2025-05-12T08:55:29+00:00","og_image":[{"width":963,"height":700,"url":"https:\/\/medtron-msls.zeitraum.dev\/es\/wp-content\/uploads\/sites\/3\/2022\/09\/Verbrauchsmaterial-Mehrfachanwednung-Medtron-AG.jpg","type":"image\/jpeg"}],"twitter_card":"summary_large_image","twitter_misc":{"Tiempo de lectura":"3 minutos"},"schema":{"@context":"https:\/\/schema.org","@graph":[{"@type":"WebPage","@id":"https:\/\/medtron-msls.zeitraum.dev\/es\/consumibles\/el-uso-multiple-8h\/","url":"https:\/\/medtron-msls.zeitraum.dev\/es\/consumibles\/el-uso-multiple-8h\/","name":"Consumibles por el uso multiple (8h) | MEDTRON AG","isPartOf":{"@id":"https:\/\/medtron-msls.zeitraum.dev\/es\/#website"},"primaryImageOfPage":{"@id":"https:\/\/medtron-msls.zeitraum.dev\/es\/consumibles\/el-uso-multiple-8h\/#primaryimage"},"image":{"@id":"https:\/\/medtron-msls.zeitraum.dev\/es\/consumibles\/el-uso-multiple-8h\/#primaryimage"},"thumbnailUrl":"https:\/\/medtron-msls.zeitraum.dev\/es\/wp-content\/uploads\/sites\/3\/2022\/09\/Verbrauchsmaterial-Mehrfachanwednung-Medtron-AG.jpg","datePublished":"2021-10-20T10:23:51+00:00","dateModified":"2025-05-12T08:55:29+00:00","description":"Consumible por el uso m\u00faltiple (8h) - Consumible para inyectores de medio de contraste para TC y RM hasta 8 horas. | MEDTRON AG","breadcrumb":{"@id":"https:\/\/medtron-msls.zeitraum.dev\/es\/consumibles\/el-uso-multiple-8h\/#breadcrumb"},"inLanguage":"es","potentialAction":[{"@type":"ReadAction","target":["https:\/\/medtron-msls.zeitraum.dev\/es\/consumibles\/el-uso-multiple-8h\/"]}]},{"@type":"ImageObject","inLanguage":"es","@id":"https:\/\/medtron-msls.zeitraum.dev\/es\/consumibles\/el-uso-multiple-8h\/#primaryimage","url":"https:\/\/medtron-msls.zeitraum.dev\/es\/wp-content\/uploads\/sites\/3\/2022\/09\/Verbrauchsmaterial-Mehrfachanwednung-Medtron-AG.jpg","contentUrl":"https:\/\/medtron-msls.zeitraum.dev\/es\/wp-content\/uploads\/sites\/3\/2022\/09\/Verbrauchsmaterial-Mehrfachanwednung-Medtron-AG.jpg","width":963,"height":700,"caption":"Vebrauchsmaterial Mehrfachanwendung"},{"@type":"BreadcrumbList","@id":"https:\/\/medtron-msls.zeitraum.dev\/es\/consumibles\/el-uso-multiple-8h\/#breadcrumb","itemListElement":[{"@type":"ListItem","position":1,"name":"Startseite","item":"https:\/\/medtron-msls.zeitraum.dev\/es\/"},{"@type":"ListItem","position":2,"name":"Consumibles","item":"https:\/\/medtron-msls.zeitraum.dev\/es\/consumibles\/"},{"@type":"ListItem","position":3,"name":"El uso m\u00faltiple (8h)"}]},{"@type":"WebSite","@id":"https:\/\/medtron-msls.zeitraum.dev\/es\/#website","url":"https:\/\/medtron-msls.zeitraum.dev\/es\/","name":"Medtron ES","description":"Herzlich Willkommen","potentialAction":[{"@type":"SearchAction","target":{"@type":"EntryPoint","urlTemplate":"https:\/\/medtron-msls.zeitraum.dev\/es\/?s={search_term_string}"},"query-input":{"@type":"PropertyValueSpecification","valueRequired":true,"valueName":"search_term_string"}}],"inLanguage":"es"}]}},"_links":{"self":[{"href":"https:\/\/medtron-msls.zeitraum.dev\/es\/wp-json\/wp\/v2\/pages\/1521","targetHints":{"allow":["GET"]}}],"collection":[{"href":"https:\/\/medtron-msls.zeitraum.dev\/es\/wp-json\/wp\/v2\/pages"}],"about":[{"href":"https:\/\/medtron-msls.zeitraum.dev\/es\/wp-json\/wp\/v2\/types\/page"}],"author":[{"embeddable":true,"href":"https:\/\/medtron-msls.zeitraum.dev\/es\/wp-json\/wp\/v2\/users\/1"}],"replies":[{"embeddable":true,"href":"https:\/\/medtron-msls.zeitraum.dev\/es\/wp-json\/wp\/v2\/comments?post=1521"}],"version-history":[{"count":4,"href":"https:\/\/medtron-msls.zeitraum.dev\/es\/wp-json\/wp\/v2\/pages\/1521\/revisions"}],"predecessor-version":[{"id":17467,"href":"https:\/\/medtron-msls.zeitraum.dev\/es\/wp-json\/wp\/v2\/pages\/1521\/revisions\/17467"}],"up":[{"embeddable":true,"href":"https:\/\/medtron-msls.zeitraum.dev\/es\/wp-json\/wp\/v2\/pages\/1483"}],"wp:featuredmedia":[{"embeddable":true,"href":"https:\/\/medtron-msls.zeitraum.dev\/es\/wp-json\/wp\/v2\/media\/10906"}],"wp:attachment":[{"href":"https:\/\/medtron-msls.zeitraum.dev\/es\/wp-json\/wp\/v2\/media?parent=1521"}],"curies":[{"name":"wp","href":"https:\/\/api.w.org\/{rel}","templated":true}]}}