{"id":1522,"date":"2021-10-20T14:59:03","date_gmt":"2021-10-20T12:59:03","guid":{"rendered":"https:\/\/medtronv2.bluealpha.de\/?page_id=1522"},"modified":"2025-05-12T11:00:39","modified_gmt":"2025-05-12T09:00:39","slug":"tubos-de-paciente","status":"publish","type":"page","link":"https:\/\/medtron-msls.zeitraum.dev\/es\/consumibles\/tubos-de-paciente\/","title":{"rendered":"Tubos de Pacien"},"content":{"rendered":"\t\t<div data-elementor-type=\"wp-page\" data-elementor-id=\"1522\" class=\"elementor elementor-1522\">\n\t\t\t\t\t\t<section class=\"elementor-section elementor-top-section elementor-element elementor-element-7a38cc86 content-block full-width elementor-section-boxed elementor-section-height-default elementor-section-height-default parallax_section_no qode_elementor_container_no\" data-id=\"7a38cc86\" data-element_type=\"section\">\n\t\t\t\t\t\t<div class=\"elementor-container elementor-column-gap-default\">\n\t\t\t\t\t<div class=\"elementor-column elementor-col-100 elementor-top-column elementor-element elementor-element-252d9e88\" data-id=\"252d9e88\" data-element_type=\"column\">\n\t\t\t<div class=\"elementor-widget-wrap elementor-element-populated\">\n\t\t\t\t\t\t<section class=\"elementor-section elementor-inner-section elementor-element elementor-element-371dba3d elementor-section-boxed elementor-section-height-default elementor-section-height-default parallax_section_no qode_elementor_container_no\" data-id=\"371dba3d\" data-element_type=\"section\">\n\t\t\t\t\t\t<div class=\"elementor-container elementor-column-gap-default\">\n\t\t\t\t\t<div class=\"elementor-column elementor-col-100 elementor-inner-column elementor-element elementor-element-4c67e282\" data-id=\"4c67e282\" data-element_type=\"column\">\n\t\t\t<div class=\"elementor-widget-wrap elementor-element-populated\">\n\t\t\t\t\t\t<div class=\"elementor-element elementor-element-14a241d9 elementor-widget elementor-widget-heading\" data-id=\"14a241d9\" data-element_type=\"widget\" data-widget_type=\"heading.default\">\n\t\t\t\t<div class=\"elementor-widget-container\">\n\t\t\t\t\t<h1 class=\"elementor-heading-title elementor-size-default\">Tubos de paciente<\/h1>\t\t\t\t<\/div>\n\t\t\t\t<\/div>\n\t\t\t\t<div class=\"elementor-element elementor-element-492afdc4 elementor-widget elementor-widget-text-editor\" data-id=\"492afdc4\" data-element_type=\"widget\" data-widget_type=\"text-editor.default\">\n\t\t\t\t<div class=\"elementor-widget-container\">\n\t\t\t\t\t\t\t\t\t<h3>Consumibles<\/h3>\t\t\t\t\t\t\t\t<\/div>\n\t\t\t\t<\/div>\n\t\t\t\t\t<\/div>\n\t\t<\/div>\n\t\t\t\t\t<\/div>\n\t\t<\/section>\n\t\t\t\t\t<\/div>\n\t\t<\/div>\n\t\t\t\t\t<\/div>\n\t\t<\/section>\n\t\t\t\t<section class=\"elementor-section elementor-top-section elementor-element elementor-element-d83c690 elementor-section-boxed elementor-section-height-default elementor-section-height-default parallax_section_no qode_elementor_container_no\" data-id=\"d83c690\" data-element_type=\"section\">\n\t\t\t\t\t\t<div class=\"elementor-container elementor-column-gap-default\">\n\t\t\t\t\t<div class=\"elementor-column elementor-col-100 elementor-top-column elementor-element elementor-element-7a24f0a\" data-id=\"7a24f0a\" data-element_type=\"column\">\n\t\t\t<div class=\"elementor-widget-wrap elementor-element-populated\">\n\t\t\t\t\t\t<div class=\"elementor-element elementor-element-8b8b360 elementor-widget elementor-widget-text-editor\" data-id=\"8b8b360\" data-element_type=\"widget\" data-widget_type=\"text-editor.default\">\n\t\t\t\t<div class=\"elementor-widget-container\">\n\t\t\t\t\t\t\t\t\t<p>En nuestra amplia selecci\u00f3n encontrar\u00e1 tubos flexibles para pacientes de diferentes estaturas, desde 150\u00a0cm hasta 300\u00a0cm. Asimismo, se dispone de tubos en espiral, as\u00ed como tubos flexibles para pacientes, fabricados en PVC flexible. Los tubos para pacientes est\u00e1n equipados con Luer Locks y se comercializan con una o dos v\u00e1lvulas. Su resistencia a la presi\u00f3n est\u00e1 validada y no contienen DEHP.<\/p><p>Le proporcionamos tubos para pacientes para TAC y RM con una resistencia a la presi\u00f3n de 21\u00a0bar, as\u00ed como tubos para pacientes para inyecciones de alta presi\u00f3n en angiograf\u00eda de 83\u00a0bar.<\/p><p>Todos los tubos para pacientes est\u00e1n desarrollados para monouso. Se tienen disponibles tubos para pacientes adaptados, que est\u00e1n equipados con v\u00e1lvulas adecuadas, para nuestros sistemas de tubos y jeringas reutilizables (multiuso de 8\u00a0horas o sistema Day Safe de 24\u00a0horas).<\/p>\t\t\t\t\t\t\t\t<\/div>\n\t\t\t\t<\/div>\n\t\t\t\t\t<\/div>\n\t\t<\/div>\n\t\t\t\t\t<\/div>\n\t\t<\/section>\n\t\t\t\t<section class=\"elementor-section elementor-top-section elementor-element elementor-element-3f6a696 elementor-section-boxed elementor-section-height-default elementor-section-height-default parallax_section_no qode_elementor_container_no\" data-id=\"3f6a696\" data-element_type=\"section\">\n\t\t\t\t\t\t<div class=\"elementor-container elementor-column-gap-default\">\n\t\t\t\t\t<div class=\"elementor-column elementor-col-100 elementor-top-column elementor-element elementor-element-9c5e3b0\" data-id=\"9c5e3b0\" data-element_type=\"column\">\n\t\t\t<div class=\"elementor-widget-wrap elementor-element-populated\">\n\t\t\t\t\t\t<div class=\"elementor-element elementor-element-215ee5d elementor-widget elementor-widget-bridge_portfolio_list\" data-id=\"215ee5d\" data-element_type=\"widget\" data-widget_type=\"bridge_portfolio_list.default\">\n\t\t\t\t<div class=\"elementor-widget-container\">\n\t\t\t\t\t<div class='projects_holder_outer v4 portfolio_with_space portfolio_standard'>\n        <div class='projects_holder portfolio_main_holder clearfix v4 standard portfolio_full_image portfolio_one_by_one'>\n        \n        <p>Sorry, no posts matched your criteria.<\/p>    <\/div>\n\n    \n    <\/div>\t\t\t\t<\/div>\n\t\t\t\t<\/div>\n\t\t\t\t\t<\/div>\n\t\t<\/div>\n\t\t\t\t\t<\/div>\n\t\t<\/section>\n\t\t\t\t<\/div>\n\t\t","protected":false},"excerpt":{"rendered":"<p>Tubos de paciente Consumibles En nuestra amplia selecci\u00f3n encontrar\u00e1 tubos flexibles para pacientes de diferentes estaturas, desde 150\u00a0cm hasta 300\u00a0cm. Asimismo, se dispone de tubos en espiral, as\u00ed como tubos flexibles para pacientes, fabricados en PVC flexible. Los tubos para pacientes est\u00e1n equipados con Luer&#8230;<\/p>\n","protected":false},"author":1,"featured_media":10920,"parent":1483,"menu_order":2,"comment_status":"closed","ping_status":"closed","template":"","meta":{"_acf_changed":false,"footnotes":""},"class_list":["post-1522","page","type-page","status-publish","has-post-thumbnail","hentry"],"acf":[],"yoast_head":"<!-- This site is optimized with the Yoast SEO plugin v25.0 - https:\/\/yoast.com\/wordpress\/plugins\/seo\/ -->\n<title>Tubos de paciente - Consumibles | MEDTRON AG<\/title>\n<meta name=\"description\" content=\"Tubos de paciente - consumible para TC, IRM y angiograf\u00eda \u2713 Tubo espiral \u2713 Con v\u00e1lvula \u2713 PVC flexible | MEDTRON AG\" \/>\n<meta name=\"robots\" content=\"noindex, follow, max-snippet:-1, max-image-preview:large, max-video-preview:-1\" \/>\n<meta property=\"og:locale\" content=\"es_ES\" \/>\n<meta property=\"og:type\" content=\"article\" \/>\n<meta property=\"og:title\" content=\"Tubos de paciente - Consumibles | MEDTRON AG\" \/>\n<meta property=\"og:description\" content=\"Tubos de paciente - consumible para TC, IRM y angiograf\u00eda \u2713 Tubo espiral \u2713 Con v\u00e1lvula \u2713 PVC flexible | MEDTRON AG\" \/>\n<meta property=\"og:url\" content=\"https:\/\/medtron-msls.zeitraum.dev\/es\/consumibles\/tubos-de-paciente\/\" \/>\n<meta property=\"og:site_name\" content=\"Medtron ES\" \/>\n<meta property=\"article:modified_time\" content=\"2025-05-12T09:00:39+00:00\" \/>\n<meta property=\"og:image\" content=\"https:\/\/medtron-msls.zeitraum.dev\/es\/wp-content\/uploads\/sites\/3\/2022\/09\/Verbrauchsmaterial-Patientenschlaeuche-Medtron-AG.jpg\" \/>\n\t<meta property=\"og:image:width\" content=\"963\" \/>\n\t<meta property=\"og:image:height\" content=\"700\" \/>\n\t<meta property=\"og:image:type\" content=\"image\/jpeg\" \/>\n<meta name=\"twitter:card\" content=\"summary_large_image\" \/>\n<meta name=\"twitter:label1\" content=\"Tiempo de lectura\" \/>\n\t<meta name=\"twitter:data1\" content=\"10 minutos\" \/>\n<script type=\"application\/ld+json\" class=\"yoast-schema-graph\">{\"@context\":\"https:\/\/schema.org\",\"@graph\":[{\"@type\":\"WebPage\",\"@id\":\"https:\/\/medtron-msls.zeitraum.dev\/es\/consumibles\/tubos-de-paciente\/\",\"url\":\"https:\/\/medtron-msls.zeitraum.dev\/es\/consumibles\/tubos-de-paciente\/\",\"name\":\"Tubos de paciente - Consumibles | MEDTRON AG\",\"isPartOf\":{\"@id\":\"https:\/\/medtron-msls.zeitraum.dev\/es\/#website\"},\"primaryImageOfPage\":{\"@id\":\"https:\/\/medtron-msls.zeitraum.dev\/es\/consumibles\/tubos-de-paciente\/#primaryimage\"},\"image\":{\"@id\":\"https:\/\/medtron-msls.zeitraum.dev\/es\/consumibles\/tubos-de-paciente\/#primaryimage\"},\"thumbnailUrl\":\"https:\/\/medtron-msls.zeitraum.dev\/es\/wp-content\/uploads\/sites\/3\/2022\/09\/Verbrauchsmaterial-Patientenschlaeuche-Medtron-AG.jpg\",\"datePublished\":\"2021-10-20T12:59:03+00:00\",\"dateModified\":\"2025-05-12T09:00:39+00:00\",\"description\":\"Tubos de paciente - consumible para TC, IRM y angiograf\u00eda \u2713 Tubo espiral \u2713 Con v\u00e1lvula \u2713 PVC flexible | MEDTRON AG\",\"breadcrumb\":{\"@id\":\"https:\/\/medtron-msls.zeitraum.dev\/es\/consumibles\/tubos-de-paciente\/#breadcrumb\"},\"inLanguage\":\"es\",\"potentialAction\":[{\"@type\":\"ReadAction\",\"target\":[\"https:\/\/medtron-msls.zeitraum.dev\/es\/consumibles\/tubos-de-paciente\/\"]}]},{\"@type\":\"ImageObject\",\"inLanguage\":\"es\",\"@id\":\"https:\/\/medtron-msls.zeitraum.dev\/es\/consumibles\/tubos-de-paciente\/#primaryimage\",\"url\":\"https:\/\/medtron-msls.zeitraum.dev\/es\/wp-content\/uploads\/sites\/3\/2022\/09\/Verbrauchsmaterial-Patientenschlaeuche-Medtron-AG.jpg\",\"contentUrl\":\"https:\/\/medtron-msls.zeitraum.dev\/es\/wp-content\/uploads\/sites\/3\/2022\/09\/Verbrauchsmaterial-Patientenschlaeuche-Medtron-AG.jpg\",\"width\":963,\"height\":700,\"caption\":\"Verbrauchsmaterial Patientenschl\u00e4uche\"},{\"@type\":\"BreadcrumbList\",\"@id\":\"https:\/\/medtron-msls.zeitraum.dev\/es\/consumibles\/tubos-de-paciente\/#breadcrumb\",\"itemListElement\":[{\"@type\":\"ListItem\",\"position\":1,\"name\":\"Startseite\",\"item\":\"https:\/\/medtron-msls.zeitraum.dev\/es\/\"},{\"@type\":\"ListItem\",\"position\":2,\"name\":\"Consumibles\",\"item\":\"https:\/\/medtron-msls.zeitraum.dev\/es\/consumibles\/\"},{\"@type\":\"ListItem\",\"position\":3,\"name\":\"Tubos de Pacien\"}]},{\"@type\":\"WebSite\",\"@id\":\"https:\/\/medtron-msls.zeitraum.dev\/es\/#website\",\"url\":\"https:\/\/medtron-msls.zeitraum.dev\/es\/\",\"name\":\"Medtron ES\",\"description\":\"Herzlich Willkommen\",\"potentialAction\":[{\"@type\":\"SearchAction\",\"target\":{\"@type\":\"EntryPoint\",\"urlTemplate\":\"https:\/\/medtron-msls.zeitraum.dev\/es\/?s={search_term_string}\"},\"query-input\":{\"@type\":\"PropertyValueSpecification\",\"valueRequired\":true,\"valueName\":\"search_term_string\"}}],\"inLanguage\":\"es\"}]}<\/script>\n<!-- \/ Yoast SEO plugin. -->","yoast_head_json":{"title":"Tubos de paciente - Consumibles | MEDTRON AG","description":"Tubos de paciente - consumible para TC, IRM y angiograf\u00eda \u2713 Tubo espiral \u2713 Con v\u00e1lvula \u2713 PVC flexible | MEDTRON AG","robots":{"index":"noindex","follow":"follow","max-snippet":"max-snippet:-1","max-image-preview":"max-image-preview:large","max-video-preview":"max-video-preview:-1"},"og_locale":"es_ES","og_type":"article","og_title":"Tubos de paciente - Consumibles | MEDTRON AG","og_description":"Tubos de paciente - consumible para TC, IRM y angiograf\u00eda \u2713 Tubo espiral \u2713 Con v\u00e1lvula \u2713 PVC flexible | MEDTRON AG","og_url":"https:\/\/medtron-msls.zeitraum.dev\/es\/consumibles\/tubos-de-paciente\/","og_site_name":"Medtron ES","article_modified_time":"2025-05-12T09:00:39+00:00","og_image":[{"width":963,"height":700,"url":"https:\/\/medtron-msls.zeitraum.dev\/es\/wp-content\/uploads\/sites\/3\/2022\/09\/Verbrauchsmaterial-Patientenschlaeuche-Medtron-AG.jpg","type":"image\/jpeg"}],"twitter_card":"summary_large_image","twitter_misc":{"Tiempo de lectura":"10 minutos"},"schema":{"@context":"https:\/\/schema.org","@graph":[{"@type":"WebPage","@id":"https:\/\/medtron-msls.zeitraum.dev\/es\/consumibles\/tubos-de-paciente\/","url":"https:\/\/medtron-msls.zeitraum.dev\/es\/consumibles\/tubos-de-paciente\/","name":"Tubos de paciente - Consumibles | MEDTRON AG","isPartOf":{"@id":"https:\/\/medtron-msls.zeitraum.dev\/es\/#website"},"primaryImageOfPage":{"@id":"https:\/\/medtron-msls.zeitraum.dev\/es\/consumibles\/tubos-de-paciente\/#primaryimage"},"image":{"@id":"https:\/\/medtron-msls.zeitraum.dev\/es\/consumibles\/tubos-de-paciente\/#primaryimage"},"thumbnailUrl":"https:\/\/medtron-msls.zeitraum.dev\/es\/wp-content\/uploads\/sites\/3\/2022\/09\/Verbrauchsmaterial-Patientenschlaeuche-Medtron-AG.jpg","datePublished":"2021-10-20T12:59:03+00:00","dateModified":"2025-05-12T09:00:39+00:00","description":"Tubos de paciente - consumible para TC, IRM y angiograf\u00eda \u2713 Tubo espiral \u2713 Con v\u00e1lvula \u2713 PVC flexible | MEDTRON AG","breadcrumb":{"@id":"https:\/\/medtron-msls.zeitraum.dev\/es\/consumibles\/tubos-de-paciente\/#breadcrumb"},"inLanguage":"es","potentialAction":[{"@type":"ReadAction","target":["https:\/\/medtron-msls.zeitraum.dev\/es\/consumibles\/tubos-de-paciente\/"]}]},{"@type":"ImageObject","inLanguage":"es","@id":"https:\/\/medtron-msls.zeitraum.dev\/es\/consumibles\/tubos-de-paciente\/#primaryimage","url":"https:\/\/medtron-msls.zeitraum.dev\/es\/wp-content\/uploads\/sites\/3\/2022\/09\/Verbrauchsmaterial-Patientenschlaeuche-Medtron-AG.jpg","contentUrl":"https:\/\/medtron-msls.zeitraum.dev\/es\/wp-content\/uploads\/sites\/3\/2022\/09\/Verbrauchsmaterial-Patientenschlaeuche-Medtron-AG.jpg","width":963,"height":700,"caption":"Verbrauchsmaterial Patientenschl\u00e4uche"},{"@type":"BreadcrumbList","@id":"https:\/\/medtron-msls.zeitraum.dev\/es\/consumibles\/tubos-de-paciente\/#breadcrumb","itemListElement":[{"@type":"ListItem","position":1,"name":"Startseite","item":"https:\/\/medtron-msls.zeitraum.dev\/es\/"},{"@type":"ListItem","position":2,"name":"Consumibles","item":"https:\/\/medtron-msls.zeitraum.dev\/es\/consumibles\/"},{"@type":"ListItem","position":3,"name":"Tubos de Pacien"}]},{"@type":"WebSite","@id":"https:\/\/medtron-msls.zeitraum.dev\/es\/#website","url":"https:\/\/medtron-msls.zeitraum.dev\/es\/","name":"Medtron ES","description":"Herzlich Willkommen","potentialAction":[{"@type":"SearchAction","target":{"@type":"EntryPoint","urlTemplate":"https:\/\/medtron-msls.zeitraum.dev\/es\/?s={search_term_string}"},"query-input":{"@type":"PropertyValueSpecification","valueRequired":true,"valueName":"search_term_string"}}],"inLanguage":"es"}]}},"_links":{"self":[{"href":"https:\/\/medtron-msls.zeitraum.dev\/es\/wp-json\/wp\/v2\/pages\/1522","targetHints":{"allow":["GET"]}}],"collection":[{"href":"https:\/\/medtron-msls.zeitraum.dev\/es\/wp-json\/wp\/v2\/pages"}],"about":[{"href":"https:\/\/medtron-msls.zeitraum.dev\/es\/wp-json\/wp\/v2\/types\/page"}],"author":[{"embeddable":true,"href":"https:\/\/medtron-msls.zeitraum.dev\/es\/wp-json\/wp\/v2\/users\/1"}],"replies":[{"embeddable":true,"href":"https:\/\/medtron-msls.zeitraum.dev\/es\/wp-json\/wp\/v2\/comments?post=1522"}],"version-history":[{"count":4,"href":"https:\/\/medtron-msls.zeitraum.dev\/es\/wp-json\/wp\/v2\/pages\/1522\/revisions"}],"predecessor-version":[{"id":17471,"href":"https:\/\/medtron-msls.zeitraum.dev\/es\/wp-json\/wp\/v2\/pages\/1522\/revisions\/17471"}],"up":[{"embeddable":true,"href":"https:\/\/medtron-msls.zeitraum.dev\/es\/wp-json\/wp\/v2\/pages\/1483"}],"wp:featuredmedia":[{"embeddable":true,"href":"https:\/\/medtron-msls.zeitraum.dev\/es\/wp-json\/wp\/v2\/media\/10920"}],"wp:attachment":[{"href":"https:\/\/medtron-msls.zeitraum.dev\/es\/wp-json\/wp\/v2\/media?parent=1522"}],"curies":[{"name":"wp","href":"https:\/\/api.w.org\/{rel}","templated":true}]}}