{"id":1672,"date":"2021-10-21T15:20:46","date_gmt":"2021-10-21T13:20:46","guid":{"rendered":"https:\/\/medtronv2.bluealpha.de\/?page_id=1672"},"modified":"2025-05-12T11:04:35","modified_gmt":"2025-05-12T09:04:35","slug":"sistemas-de-tubos","status":"publish","type":"page","link":"https:\/\/medtron-msls.zeitraum.dev\/es\/consumibles\/sistemas-de-tubos\/","title":{"rendered":"Sistemas de tubos"},"content":{"rendered":"\t\t<div data-elementor-type=\"wp-page\" data-elementor-id=\"1672\" class=\"elementor elementor-1672\">\n\t\t\t\t\t\t<section class=\"elementor-section elementor-top-section elementor-element elementor-element-14150420 content-block full-width elementor-section-boxed elementor-section-height-default elementor-section-height-default parallax_section_no qode_elementor_container_no\" data-id=\"14150420\" data-element_type=\"section\">\n\t\t\t\t\t\t<div class=\"elementor-container elementor-column-gap-default\">\n\t\t\t\t\t<div class=\"elementor-column elementor-col-100 elementor-top-column elementor-element elementor-element-78228624\" data-id=\"78228624\" data-element_type=\"column\">\n\t\t\t<div class=\"elementor-widget-wrap elementor-element-populated\">\n\t\t\t\t\t\t<section class=\"elementor-section elementor-inner-section elementor-element elementor-element-4880fe9d elementor-section-boxed elementor-section-height-default elementor-section-height-default parallax_section_no qode_elementor_container_no\" data-id=\"4880fe9d\" data-element_type=\"section\">\n\t\t\t\t\t\t<div class=\"elementor-container elementor-column-gap-default\">\n\t\t\t\t\t<div class=\"elementor-column elementor-col-100 elementor-inner-column elementor-element elementor-element-32391073\" data-id=\"32391073\" data-element_type=\"column\">\n\t\t\t<div class=\"elementor-widget-wrap elementor-element-populated\">\n\t\t\t\t\t\t<div class=\"elementor-element elementor-element-41b68322 elementor-widget elementor-widget-heading\" data-id=\"41b68322\" data-element_type=\"widget\" data-widget_type=\"heading.default\">\n\t\t\t\t<div class=\"elementor-widget-container\">\n\t\t\t\t\t<h1 class=\"elementor-heading-title elementor-size-default\">Sistemas de tubos<\/h1>\t\t\t\t<\/div>\n\t\t\t\t<\/div>\n\t\t\t\t<div class=\"elementor-element elementor-element-633d466 elementor-widget elementor-widget-text-editor\" data-id=\"633d466\" data-element_type=\"widget\" data-widget_type=\"text-editor.default\">\n\t\t\t\t<div class=\"elementor-widget-container\">\n\t\t\t\t\t\t\t\t\t<h2 class=\"magenta_small\">Consumibles<\/h2>\t\t\t\t\t\t\t\t<\/div>\n\t\t\t\t<\/div>\n\t\t\t\t\t<\/div>\n\t\t<\/div>\n\t\t\t\t\t<\/div>\n\t\t<\/section>\n\t\t\t\t\t<\/div>\n\t\t<\/div>\n\t\t\t\t\t<\/div>\n\t\t<\/section>\n\t\t\t\t<section class=\"elementor-section elementor-top-section elementor-element elementor-element-a626f77 elementor-section-boxed elementor-section-height-default elementor-section-height-default parallax_section_no qode_elementor_container_no\" data-id=\"a626f77\" data-element_type=\"section\">\n\t\t\t\t\t\t<div class=\"elementor-container elementor-column-gap-default\">\n\t\t\t\t\t<div class=\"elementor-column elementor-col-100 elementor-top-column elementor-element elementor-element-91073ea\" data-id=\"91073ea\" data-element_type=\"column\">\n\t\t\t<div class=\"elementor-widget-wrap elementor-element-populated\">\n\t\t\t\t\t\t<div class=\"elementor-element elementor-element-0149961 elementor-widget elementor-widget-text-editor\" data-id=\"0149961\" data-element_type=\"widget\" data-widget_type=\"text-editor.default\">\n\t\t\t\t<div class=\"elementor-widget-container\">\n\t\t\t\t\t\t\t\t\t<p>MEDTRON ofrece una amplia gama de sistemas de tubos para la inyecci\u00f3n de medios de contraste. Est\u00e1 compuesta por tubos de succi\u00f3n de una sola v\u00eda, as\u00ed como sistemas de tubos de dos cabezas o conectores en Y de dos v\u00edas para medio de contraste y soluci\u00f3n salina que se mezclan en una sola v\u00eda.\u00a0<\/p><p>Podemos proporcionarle sistemas de tubos con y sin c\u00e1mara de goteo y con una o m\u00e1s v\u00e1lvulas. Se puede elegir entre sistemas de tubos rectos o en espiral. Algunos de los sistemas de tubos tienen una v\u00e1lvula de tres v\u00edas y est\u00e1n equipados con puntas.<\/p><p>Los sistemas de tubos para TAC y RM son adecuados para una presi\u00f3n de hasta 21\u00a0bar. Nuestros sistemas de tubos para angiograf\u00eda son resistentes a presiones de hasta 83\u00a0bar. Se puede elegir entre sistemas de tubos monouso y tubos multiuso de hasta 8\u00a0horas, as\u00ed como el tubo de llenado Day Safe en D multiuso de hasta 24\u00a0horas.\u00a0\u00a0<\/p>\t\t\t\t\t\t\t\t<\/div>\n\t\t\t\t<\/div>\n\t\t\t\t\t<\/div>\n\t\t<\/div>\n\t\t\t\t\t<\/div>\n\t\t<\/section>\n\t\t\t\t<section class=\"elementor-section elementor-top-section elementor-element elementor-element-3f6a696 elementor-section-boxed elementor-section-height-default elementor-section-height-default parallax_section_no qode_elementor_container_no\" data-id=\"3f6a696\" data-element_type=\"section\">\n\t\t\t\t\t\t<div class=\"elementor-container elementor-column-gap-default\">\n\t\t\t\t\t<div class=\"elementor-column elementor-col-100 elementor-top-column elementor-element elementor-element-9c5e3b0\" data-id=\"9c5e3b0\" data-element_type=\"column\">\n\t\t\t<div class=\"elementor-widget-wrap elementor-element-populated\">\n\t\t\t\t\t\t<div class=\"elementor-element elementor-element-215ee5d elementor-widget elementor-widget-bridge_portfolio_list\" data-id=\"215ee5d\" data-element_type=\"widget\" data-widget_type=\"bridge_portfolio_list.default\">\n\t\t\t\t<div class=\"elementor-widget-container\">\n\t\t\t\t\t<div class='projects_holder_outer v4 portfolio_with_space portfolio_standard'>\n        <div class='projects_holder portfolio_main_holder clearfix v4 standard portfolio_full_image portfolio_one_by_one'>\n        \n        <p>Sorry, no posts matched your criteria.<\/p>    <\/div>\n\n    \n    <\/div>\t\t\t\t<\/div>\n\t\t\t\t<\/div>\n\t\t\t\t\t<\/div>\n\t\t<\/div>\n\t\t\t\t\t<\/div>\n\t\t<\/section>\n\t\t\t\t<\/div>\n\t\t","protected":false},"excerpt":{"rendered":"<p>Sistemas de tubos Consumibles MEDTRON ofrece una amplia gama de sistemas de tubos para la inyecci\u00f3n de medios de contraste. Est\u00e1 compuesta por tubos de succi\u00f3n de una sola v\u00eda, as\u00ed como sistemas de tubos de dos cabezas o conectores en Y de dos v\u00edas&#8230;<\/p>\n","protected":false},"author":1,"featured_media":10903,"parent":1483,"menu_order":3,"comment_status":"closed","ping_status":"closed","template":"","meta":{"_acf_changed":false,"footnotes":""},"class_list":["post-1672","page","type-page","status-publish","has-post-thumbnail","hentry"],"acf":[],"yoast_head":"<!-- This site is optimized with the Yoast SEO plugin v25.0 - https:\/\/yoast.com\/wordpress\/plugins\/seo\/ -->\n<title>Sistemas de tubos - consumibles | MEDTRON AG<\/title>\n<meta name=\"description\" content=\"Sistemas de tubos - Consumible para inyectores de medios de contraste para TC, RM y angiograf\u00eda | MEDTRON AG\" \/>\n<meta name=\"robots\" content=\"noindex, follow, max-snippet:-1, max-image-preview:large, max-video-preview:-1\" \/>\n<meta property=\"og:locale\" content=\"es_ES\" \/>\n<meta property=\"og:type\" content=\"article\" \/>\n<meta property=\"og:title\" content=\"Sistemas de tubos - consumibles | MEDTRON AG\" \/>\n<meta property=\"og:description\" content=\"Sistemas de tubos - Consumible para inyectores de medios de contraste para TC, RM y angiograf\u00eda | MEDTRON AG\" \/>\n<meta property=\"og:url\" content=\"https:\/\/medtron-msls.zeitraum.dev\/es\/consumibles\/sistemas-de-tubos\/\" \/>\n<meta property=\"og:site_name\" content=\"Medtron ES\" \/>\n<meta property=\"article:modified_time\" content=\"2025-05-12T09:04:35+00:00\" \/>\n<meta property=\"og:image\" content=\"https:\/\/medtron-msls.zeitraum.dev\/es\/wp-content\/uploads\/sites\/3\/2022\/09\/Verbrauchsmaterial-Schlauchsysteme-Medtron-AG.jpg\" \/>\n\t<meta property=\"og:image:width\" content=\"963\" \/>\n\t<meta property=\"og:image:height\" content=\"700\" \/>\n\t<meta property=\"og:image:type\" content=\"image\/jpeg\" \/>\n<meta name=\"twitter:card\" content=\"summary_large_image\" \/>\n<meta name=\"twitter:label1\" content=\"Tiempo de lectura\" \/>\n\t<meta name=\"twitter:data1\" content=\"7 minutos\" \/>\n<script type=\"application\/ld+json\" class=\"yoast-schema-graph\">{\"@context\":\"https:\/\/schema.org\",\"@graph\":[{\"@type\":\"WebPage\",\"@id\":\"https:\/\/medtron-msls.zeitraum.dev\/es\/consumibles\/sistemas-de-tubos\/\",\"url\":\"https:\/\/medtron-msls.zeitraum.dev\/es\/consumibles\/sistemas-de-tubos\/\",\"name\":\"Sistemas de tubos - consumibles | MEDTRON AG\",\"isPartOf\":{\"@id\":\"https:\/\/medtron-msls.zeitraum.dev\/es\/#website\"},\"primaryImageOfPage\":{\"@id\":\"https:\/\/medtron-msls.zeitraum.dev\/es\/consumibles\/sistemas-de-tubos\/#primaryimage\"},\"image\":{\"@id\":\"https:\/\/medtron-msls.zeitraum.dev\/es\/consumibles\/sistemas-de-tubos\/#primaryimage\"},\"thumbnailUrl\":\"https:\/\/medtron-msls.zeitraum.dev\/es\/wp-content\/uploads\/sites\/3\/2022\/09\/Verbrauchsmaterial-Schlauchsysteme-Medtron-AG.jpg\",\"datePublished\":\"2021-10-21T13:20:46+00:00\",\"dateModified\":\"2025-05-12T09:04:35+00:00\",\"description\":\"Sistemas de tubos - Consumible para inyectores de medios de contraste para TC, RM y angiograf\u00eda | MEDTRON AG\",\"breadcrumb\":{\"@id\":\"https:\/\/medtron-msls.zeitraum.dev\/es\/consumibles\/sistemas-de-tubos\/#breadcrumb\"},\"inLanguage\":\"es\",\"potentialAction\":[{\"@type\":\"ReadAction\",\"target\":[\"https:\/\/medtron-msls.zeitraum.dev\/es\/consumibles\/sistemas-de-tubos\/\"]}]},{\"@type\":\"ImageObject\",\"inLanguage\":\"es\",\"@id\":\"https:\/\/medtron-msls.zeitraum.dev\/es\/consumibles\/sistemas-de-tubos\/#primaryimage\",\"url\":\"https:\/\/medtron-msls.zeitraum.dev\/es\/wp-content\/uploads\/sites\/3\/2022\/09\/Verbrauchsmaterial-Schlauchsysteme-Medtron-AG.jpg\",\"contentUrl\":\"https:\/\/medtron-msls.zeitraum.dev\/es\/wp-content\/uploads\/sites\/3\/2022\/09\/Verbrauchsmaterial-Schlauchsysteme-Medtron-AG.jpg\",\"width\":963,\"height\":700,\"caption\":\"Verbrauchsmaterial Schlauchsysteme\"},{\"@type\":\"BreadcrumbList\",\"@id\":\"https:\/\/medtron-msls.zeitraum.dev\/es\/consumibles\/sistemas-de-tubos\/#breadcrumb\",\"itemListElement\":[{\"@type\":\"ListItem\",\"position\":1,\"name\":\"Startseite\",\"item\":\"https:\/\/medtron-msls.zeitraum.dev\/es\/\"},{\"@type\":\"ListItem\",\"position\":2,\"name\":\"Consumibles\",\"item\":\"https:\/\/medtron-msls.zeitraum.dev\/es\/consumibles\/\"},{\"@type\":\"ListItem\",\"position\":3,\"name\":\"Sistemas de tubos\"}]},{\"@type\":\"WebSite\",\"@id\":\"https:\/\/medtron-msls.zeitraum.dev\/es\/#website\",\"url\":\"https:\/\/medtron-msls.zeitraum.dev\/es\/\",\"name\":\"Medtron ES\",\"description\":\"Herzlich Willkommen\",\"potentialAction\":[{\"@type\":\"SearchAction\",\"target\":{\"@type\":\"EntryPoint\",\"urlTemplate\":\"https:\/\/medtron-msls.zeitraum.dev\/es\/?s={search_term_string}\"},\"query-input\":{\"@type\":\"PropertyValueSpecification\",\"valueRequired\":true,\"valueName\":\"search_term_string\"}}],\"inLanguage\":\"es\"}]}<\/script>\n<!-- \/ Yoast SEO plugin. -->","yoast_head_json":{"title":"Sistemas de tubos - consumibles | MEDTRON AG","description":"Sistemas de tubos - Consumible para inyectores de medios de contraste para TC, RM y angiograf\u00eda | MEDTRON AG","robots":{"index":"noindex","follow":"follow","max-snippet":"max-snippet:-1","max-image-preview":"max-image-preview:large","max-video-preview":"max-video-preview:-1"},"og_locale":"es_ES","og_type":"article","og_title":"Sistemas de tubos - consumibles | MEDTRON AG","og_description":"Sistemas de tubos - Consumible para inyectores de medios de contraste para TC, RM y angiograf\u00eda | MEDTRON AG","og_url":"https:\/\/medtron-msls.zeitraum.dev\/es\/consumibles\/sistemas-de-tubos\/","og_site_name":"Medtron ES","article_modified_time":"2025-05-12T09:04:35+00:00","og_image":[{"width":963,"height":700,"url":"https:\/\/medtron-msls.zeitraum.dev\/es\/wp-content\/uploads\/sites\/3\/2022\/09\/Verbrauchsmaterial-Schlauchsysteme-Medtron-AG.jpg","type":"image\/jpeg"}],"twitter_card":"summary_large_image","twitter_misc":{"Tiempo de lectura":"7 minutos"},"schema":{"@context":"https:\/\/schema.org","@graph":[{"@type":"WebPage","@id":"https:\/\/medtron-msls.zeitraum.dev\/es\/consumibles\/sistemas-de-tubos\/","url":"https:\/\/medtron-msls.zeitraum.dev\/es\/consumibles\/sistemas-de-tubos\/","name":"Sistemas de tubos - consumibles | MEDTRON AG","isPartOf":{"@id":"https:\/\/medtron-msls.zeitraum.dev\/es\/#website"},"primaryImageOfPage":{"@id":"https:\/\/medtron-msls.zeitraum.dev\/es\/consumibles\/sistemas-de-tubos\/#primaryimage"},"image":{"@id":"https:\/\/medtron-msls.zeitraum.dev\/es\/consumibles\/sistemas-de-tubos\/#primaryimage"},"thumbnailUrl":"https:\/\/medtron-msls.zeitraum.dev\/es\/wp-content\/uploads\/sites\/3\/2022\/09\/Verbrauchsmaterial-Schlauchsysteme-Medtron-AG.jpg","datePublished":"2021-10-21T13:20:46+00:00","dateModified":"2025-05-12T09:04:35+00:00","description":"Sistemas de tubos - Consumible para inyectores de medios de contraste para TC, RM y angiograf\u00eda | MEDTRON AG","breadcrumb":{"@id":"https:\/\/medtron-msls.zeitraum.dev\/es\/consumibles\/sistemas-de-tubos\/#breadcrumb"},"inLanguage":"es","potentialAction":[{"@type":"ReadAction","target":["https:\/\/medtron-msls.zeitraum.dev\/es\/consumibles\/sistemas-de-tubos\/"]}]},{"@type":"ImageObject","inLanguage":"es","@id":"https:\/\/medtron-msls.zeitraum.dev\/es\/consumibles\/sistemas-de-tubos\/#primaryimage","url":"https:\/\/medtron-msls.zeitraum.dev\/es\/wp-content\/uploads\/sites\/3\/2022\/09\/Verbrauchsmaterial-Schlauchsysteme-Medtron-AG.jpg","contentUrl":"https:\/\/medtron-msls.zeitraum.dev\/es\/wp-content\/uploads\/sites\/3\/2022\/09\/Verbrauchsmaterial-Schlauchsysteme-Medtron-AG.jpg","width":963,"height":700,"caption":"Verbrauchsmaterial Schlauchsysteme"},{"@type":"BreadcrumbList","@id":"https:\/\/medtron-msls.zeitraum.dev\/es\/consumibles\/sistemas-de-tubos\/#breadcrumb","itemListElement":[{"@type":"ListItem","position":1,"name":"Startseite","item":"https:\/\/medtron-msls.zeitraum.dev\/es\/"},{"@type":"ListItem","position":2,"name":"Consumibles","item":"https:\/\/medtron-msls.zeitraum.dev\/es\/consumibles\/"},{"@type":"ListItem","position":3,"name":"Sistemas de tubos"}]},{"@type":"WebSite","@id":"https:\/\/medtron-msls.zeitraum.dev\/es\/#website","url":"https:\/\/medtron-msls.zeitraum.dev\/es\/","name":"Medtron ES","description":"Herzlich Willkommen","potentialAction":[{"@type":"SearchAction","target":{"@type":"EntryPoint","urlTemplate":"https:\/\/medtron-msls.zeitraum.dev\/es\/?s={search_term_string}"},"query-input":{"@type":"PropertyValueSpecification","valueRequired":true,"valueName":"search_term_string"}}],"inLanguage":"es"}]}},"_links":{"self":[{"href":"https:\/\/medtron-msls.zeitraum.dev\/es\/wp-json\/wp\/v2\/pages\/1672","targetHints":{"allow":["GET"]}}],"collection":[{"href":"https:\/\/medtron-msls.zeitraum.dev\/es\/wp-json\/wp\/v2\/pages"}],"about":[{"href":"https:\/\/medtron-msls.zeitraum.dev\/es\/wp-json\/wp\/v2\/types\/page"}],"author":[{"embeddable":true,"href":"https:\/\/medtron-msls.zeitraum.dev\/es\/wp-json\/wp\/v2\/users\/1"}],"replies":[{"embeddable":true,"href":"https:\/\/medtron-msls.zeitraum.dev\/es\/wp-json\/wp\/v2\/comments?post=1672"}],"version-history":[{"count":4,"href":"https:\/\/medtron-msls.zeitraum.dev\/es\/wp-json\/wp\/v2\/pages\/1672\/revisions"}],"predecessor-version":[{"id":17473,"href":"https:\/\/medtron-msls.zeitraum.dev\/es\/wp-json\/wp\/v2\/pages\/1672\/revisions\/17473"}],"up":[{"embeddable":true,"href":"https:\/\/medtron-msls.zeitraum.dev\/es\/wp-json\/wp\/v2\/pages\/1483"}],"wp:featuredmedia":[{"embeddable":true,"href":"https:\/\/medtron-msls.zeitraum.dev\/es\/wp-json\/wp\/v2\/media\/10903"}],"wp:attachment":[{"href":"https:\/\/medtron-msls.zeitraum.dev\/es\/wp-json\/wp\/v2\/media?parent=1672"}],"curies":[{"name":"wp","href":"https:\/\/api.w.org\/{rel}","templated":true}]}}