{"id":1684,"date":"2021-10-21T15:33:31","date_gmt":"2021-10-21T13:33:31","guid":{"rendered":"https:\/\/medtronv2.bluealpha.de\/?page_id=1684"},"modified":"2025-05-12T11:09:13","modified_gmt":"2025-05-12T09:09:13","slug":"jeringas","status":"publish","type":"page","link":"https:\/\/medtron-msls.zeitraum.dev\/es\/consumibles\/jeringas\/","title":{"rendered":"Jeringas"},"content":{"rendered":"\t\t<div data-elementor-type=\"wp-page\" data-elementor-id=\"1684\" class=\"elementor elementor-1684\">\n\t\t\t\t\t\t<section class=\"elementor-section elementor-top-section elementor-element elementor-element-44a82cea content-block full-width elementor-section-boxed elementor-section-height-default elementor-section-height-default parallax_section_no qode_elementor_container_no\" data-id=\"44a82cea\" data-element_type=\"section\">\n\t\t\t\t\t\t<div class=\"elementor-container elementor-column-gap-default\">\n\t\t\t\t\t<div class=\"elementor-column elementor-col-100 elementor-top-column elementor-element elementor-element-12343cd5\" data-id=\"12343cd5\" data-element_type=\"column\">\n\t\t\t<div class=\"elementor-widget-wrap elementor-element-populated\">\n\t\t\t\t\t\t<section class=\"elementor-section elementor-inner-section elementor-element elementor-element-52a83628 elementor-section-boxed elementor-section-height-default elementor-section-height-default parallax_section_no qode_elementor_container_no\" data-id=\"52a83628\" data-element_type=\"section\">\n\t\t\t\t\t\t<div class=\"elementor-container elementor-column-gap-default\">\n\t\t\t\t\t<div class=\"elementor-column elementor-col-100 elementor-inner-column elementor-element elementor-element-2e354b1c\" data-id=\"2e354b1c\" data-element_type=\"column\">\n\t\t\t<div class=\"elementor-widget-wrap elementor-element-populated\">\n\t\t\t\t\t\t<div class=\"elementor-element elementor-element-d89b7e8 elementor-widget elementor-widget-heading\" data-id=\"d89b7e8\" data-element_type=\"widget\" data-widget_type=\"heading.default\">\n\t\t\t\t<div class=\"elementor-widget-container\">\n\t\t\t\t\t<h1 class=\"elementor-heading-title elementor-size-default\">Jeringas<\/h1>\t\t\t\t<\/div>\n\t\t\t\t<\/div>\n\t\t\t\t<div class=\"elementor-element elementor-element-65c9e5ff elementor-widget elementor-widget-text-editor\" data-id=\"65c9e5ff\" data-element_type=\"widget\" data-widget_type=\"text-editor.default\">\n\t\t\t\t<div class=\"elementor-widget-container\">\n\t\t\t\t\t\t\t\t\t<h2 class=\"magenta_small\">Consumibles<\/h2>\t\t\t\t\t\t\t\t<\/div>\n\t\t\t\t<\/div>\n\t\t\t\t\t<\/div>\n\t\t<\/div>\n\t\t\t\t\t<\/div>\n\t\t<\/section>\n\t\t\t\t\t<\/div>\n\t\t<\/div>\n\t\t\t\t\t<\/div>\n\t\t<\/section>\n\t\t\t\t<section class=\"elementor-section elementor-top-section elementor-element elementor-element-3675c80 elementor-section-boxed elementor-section-height-default elementor-section-height-default parallax_section_no qode_elementor_container_no\" data-id=\"3675c80\" data-element_type=\"section\">\n\t\t\t\t\t\t<div class=\"elementor-container elementor-column-gap-default\">\n\t\t\t\t\t<div class=\"elementor-column elementor-col-100 elementor-top-column elementor-element elementor-element-6cbeaea\" data-id=\"6cbeaea\" data-element_type=\"column\">\n\t\t\t<div class=\"elementor-widget-wrap elementor-element-populated\">\n\t\t\t\t\t\t<div class=\"elementor-element elementor-element-c5b5811 elementor-widget elementor-widget-text-editor\" data-id=\"c5b5811\" data-element_type=\"widget\" data-widget_type=\"text-editor.default\">\n\t\t\t\t<div class=\"elementor-widget-container\">\n\t\t\t\t\t\t\t\t\t<p>La gama de jeringas de MEDTRON para la inyecci\u00f3n de medio de contraste o soluci\u00f3n salina est\u00e1 compuesta por jeringas de carga f\u00e1cil Easy Loading (jeringas ELS) con vol\u00famenes de llenado de 65\u00a0ml y 200\u00a0ml. Se tienen disponibles jeringas de contraste monouso, as\u00ed como jeringas multiuso de hasta 8\u00a0horas, y nuestro sistema Day Safe multiuso de hasta 24\u00a0horas.\u00a0\u00a0\u00a0<\/p><p>Todas las jeringas se pueden utilizar para ex\u00e1menes de diagn\u00f3stico mediante tomograf\u00eda computarizada, resonancia magn\u00e9tica y angiograf\u00eda. Los manguitos de presi\u00f3n se utilizan en la angiograf\u00eda. La resistencia a la presi\u00f3n de nuestras jeringas est\u00e1 validada y ellas no contienen DEHP. La jeringa ELS de 200\u00a0ml est\u00e1 disponible opcionalmente con un tubo de llenado r\u00e1pido (Quick Filling Tube). Para nuestro inyector Accutron Thera para tratamiento se dispone de una jeringa ELS de 200\u00a0ml.<\/p>\t\t\t\t\t\t\t\t<\/div>\n\t\t\t\t<\/div>\n\t\t\t\t\t<\/div>\n\t\t<\/div>\n\t\t\t\t\t<\/div>\n\t\t<\/section>\n\t\t\t\t<section class=\"elementor-section elementor-top-section elementor-element elementor-element-3f6a696 elementor-section-boxed elementor-section-height-default elementor-section-height-default parallax_section_no qode_elementor_container_no\" data-id=\"3f6a696\" data-element_type=\"section\">\n\t\t\t\t\t\t<div class=\"elementor-container elementor-column-gap-default\">\n\t\t\t\t\t<div class=\"elementor-column elementor-col-100 elementor-top-column elementor-element elementor-element-9c5e3b0\" data-id=\"9c5e3b0\" data-element_type=\"column\">\n\t\t\t<div class=\"elementor-widget-wrap elementor-element-populated\">\n\t\t\t\t\t\t<div class=\"elementor-element elementor-element-215ee5d elementor-widget elementor-widget-bridge_portfolio_list\" data-id=\"215ee5d\" data-element_type=\"widget\" data-widget_type=\"bridge_portfolio_list.default\">\n\t\t\t\t<div class=\"elementor-widget-container\">\n\t\t\t\t\t<div class='projects_holder_outer v4 portfolio_with_space portfolio_standard'>\n        <div class='projects_holder portfolio_main_holder clearfix v4 standard portfolio_full_image portfolio_one_by_one'>\n        \n        <p>Sorry, no posts matched your criteria.<\/p>    <\/div>\n\n    \n    <\/div>\t\t\t\t<\/div>\n\t\t\t\t<\/div>\n\t\t\t\t\t<\/div>\n\t\t<\/div>\n\t\t\t\t\t<\/div>\n\t\t<\/section>\n\t\t\t\t<\/div>\n\t\t","protected":false},"excerpt":{"rendered":"<p>Jeringas Consumibles La gama de jeringas de MEDTRON para la inyecci\u00f3n de medio de contraste o soluci\u00f3n salina est\u00e1 compuesta por jeringas de carga f\u00e1cil Easy Loading (jeringas ELS) con vol\u00famenes de llenado de 65\u00a0ml y 200\u00a0ml. Se tienen disponibles jeringas de contraste monouso, as\u00ed&#8230;<\/p>\n","protected":false},"author":1,"featured_media":10913,"parent":1483,"menu_order":4,"comment_status":"closed","ping_status":"closed","template":"","meta":{"_acf_changed":false,"footnotes":""},"class_list":["post-1684","page","type-page","status-publish","has-post-thumbnail","hentry"],"acf":[],"yoast_head":"<!-- This site is optimized with the Yoast SEO plugin v25.0 - https:\/\/yoast.com\/wordpress\/plugins\/seo\/ -->\n<title>Jeringas - Consumibles | MEDTRON AG<\/title>\n<meta name=\"description\" content=\"Jeringas - consumibles para inyectores para TC, IRM y angiograf\u00eda \u2713 Jeringas desechables \u2713 Uso m\u00faltiple \u2713 8 h-24 h \u2713 | MEDTRON AG\" \/>\n<meta name=\"robots\" content=\"noindex, follow, max-snippet:-1, max-image-preview:large, max-video-preview:-1\" \/>\n<meta property=\"og:locale\" content=\"es_ES\" \/>\n<meta property=\"og:type\" content=\"article\" \/>\n<meta property=\"og:title\" content=\"Jeringas - Consumibles | MEDTRON AG\" \/>\n<meta property=\"og:description\" content=\"Jeringas - consumibles para inyectores para TC, IRM y angiograf\u00eda \u2713 Jeringas desechables \u2713 Uso m\u00faltiple \u2713 8 h-24 h \u2713 | MEDTRON AG\" \/>\n<meta property=\"og:url\" content=\"https:\/\/medtron-msls.zeitraum.dev\/es\/consumibles\/jeringas\/\" \/>\n<meta property=\"og:site_name\" content=\"Medtron ES\" \/>\n<meta property=\"article:modified_time\" content=\"2025-05-12T09:09:13+00:00\" \/>\n<meta property=\"og:image\" content=\"https:\/\/medtron-msls.zeitraum.dev\/es\/wp-content\/uploads\/sites\/3\/2022\/09\/Verbrauchsmaterial-Kontrastmittelspritzen-Medtron-AG.jpg\" \/>\n\t<meta property=\"og:image:width\" content=\"963\" \/>\n\t<meta property=\"og:image:height\" content=\"700\" \/>\n\t<meta property=\"og:image:type\" content=\"image\/jpeg\" \/>\n<meta name=\"twitter:card\" content=\"summary_large_image\" \/>\n<meta name=\"twitter:label1\" content=\"Tiempo de lectura\" \/>\n\t<meta name=\"twitter:data1\" content=\"3 minutos\" \/>\n<script type=\"application\/ld+json\" class=\"yoast-schema-graph\">{\"@context\":\"https:\/\/schema.org\",\"@graph\":[{\"@type\":\"WebPage\",\"@id\":\"https:\/\/medtron-msls.zeitraum.dev\/es\/consumibles\/jeringas\/\",\"url\":\"https:\/\/medtron-msls.zeitraum.dev\/es\/consumibles\/jeringas\/\",\"name\":\"Jeringas - Consumibles | MEDTRON AG\",\"isPartOf\":{\"@id\":\"https:\/\/medtron-msls.zeitraum.dev\/es\/#website\"},\"primaryImageOfPage\":{\"@id\":\"https:\/\/medtron-msls.zeitraum.dev\/es\/consumibles\/jeringas\/#primaryimage\"},\"image\":{\"@id\":\"https:\/\/medtron-msls.zeitraum.dev\/es\/consumibles\/jeringas\/#primaryimage\"},\"thumbnailUrl\":\"https:\/\/medtron-msls.zeitraum.dev\/es\/wp-content\/uploads\/sites\/3\/2022\/09\/Verbrauchsmaterial-Kontrastmittelspritzen-Medtron-AG.jpg\",\"datePublished\":\"2021-10-21T13:33:31+00:00\",\"dateModified\":\"2025-05-12T09:09:13+00:00\",\"description\":\"Jeringas - consumibles para inyectores para TC, IRM y angiograf\u00eda \u2713 Jeringas desechables \u2713 Uso m\u00faltiple \u2713 8 h-24 h \u2713 | MEDTRON AG\",\"breadcrumb\":{\"@id\":\"https:\/\/medtron-msls.zeitraum.dev\/es\/consumibles\/jeringas\/#breadcrumb\"},\"inLanguage\":\"es\",\"potentialAction\":[{\"@type\":\"ReadAction\",\"target\":[\"https:\/\/medtron-msls.zeitraum.dev\/es\/consumibles\/jeringas\/\"]}]},{\"@type\":\"ImageObject\",\"inLanguage\":\"es\",\"@id\":\"https:\/\/medtron-msls.zeitraum.dev\/es\/consumibles\/jeringas\/#primaryimage\",\"url\":\"https:\/\/medtron-msls.zeitraum.dev\/es\/wp-content\/uploads\/sites\/3\/2022\/09\/Verbrauchsmaterial-Kontrastmittelspritzen-Medtron-AG.jpg\",\"contentUrl\":\"https:\/\/medtron-msls.zeitraum.dev\/es\/wp-content\/uploads\/sites\/3\/2022\/09\/Verbrauchsmaterial-Kontrastmittelspritzen-Medtron-AG.jpg\",\"width\":963,\"height\":700,\"caption\":\"Vebrauchsmaterial Kontrastmittelspritzen\"},{\"@type\":\"BreadcrumbList\",\"@id\":\"https:\/\/medtron-msls.zeitraum.dev\/es\/consumibles\/jeringas\/#breadcrumb\",\"itemListElement\":[{\"@type\":\"ListItem\",\"position\":1,\"name\":\"Startseite\",\"item\":\"https:\/\/medtron-msls.zeitraum.dev\/es\/\"},{\"@type\":\"ListItem\",\"position\":2,\"name\":\"Consumibles\",\"item\":\"https:\/\/medtron-msls.zeitraum.dev\/es\/consumibles\/\"},{\"@type\":\"ListItem\",\"position\":3,\"name\":\"Jeringas\"}]},{\"@type\":\"WebSite\",\"@id\":\"https:\/\/medtron-msls.zeitraum.dev\/es\/#website\",\"url\":\"https:\/\/medtron-msls.zeitraum.dev\/es\/\",\"name\":\"Medtron ES\",\"description\":\"Herzlich Willkommen\",\"potentialAction\":[{\"@type\":\"SearchAction\",\"target\":{\"@type\":\"EntryPoint\",\"urlTemplate\":\"https:\/\/medtron-msls.zeitraum.dev\/es\/?s={search_term_string}\"},\"query-input\":{\"@type\":\"PropertyValueSpecification\",\"valueRequired\":true,\"valueName\":\"search_term_string\"}}],\"inLanguage\":\"es\"}]}<\/script>\n<!-- \/ Yoast SEO plugin. -->","yoast_head_json":{"title":"Jeringas - Consumibles | MEDTRON AG","description":"Jeringas - consumibles para inyectores para TC, IRM y angiograf\u00eda \u2713 Jeringas desechables \u2713 Uso m\u00faltiple \u2713 8 h-24 h \u2713 | MEDTRON AG","robots":{"index":"noindex","follow":"follow","max-snippet":"max-snippet:-1","max-image-preview":"max-image-preview:large","max-video-preview":"max-video-preview:-1"},"og_locale":"es_ES","og_type":"article","og_title":"Jeringas - Consumibles | MEDTRON AG","og_description":"Jeringas - consumibles para inyectores para TC, IRM y angiograf\u00eda \u2713 Jeringas desechables \u2713 Uso m\u00faltiple \u2713 8 h-24 h \u2713 | MEDTRON AG","og_url":"https:\/\/medtron-msls.zeitraum.dev\/es\/consumibles\/jeringas\/","og_site_name":"Medtron ES","article_modified_time":"2025-05-12T09:09:13+00:00","og_image":[{"width":963,"height":700,"url":"https:\/\/medtron-msls.zeitraum.dev\/es\/wp-content\/uploads\/sites\/3\/2022\/09\/Verbrauchsmaterial-Kontrastmittelspritzen-Medtron-AG.jpg","type":"image\/jpeg"}],"twitter_card":"summary_large_image","twitter_misc":{"Tiempo de lectura":"3 minutos"},"schema":{"@context":"https:\/\/schema.org","@graph":[{"@type":"WebPage","@id":"https:\/\/medtron-msls.zeitraum.dev\/es\/consumibles\/jeringas\/","url":"https:\/\/medtron-msls.zeitraum.dev\/es\/consumibles\/jeringas\/","name":"Jeringas - Consumibles | MEDTRON AG","isPartOf":{"@id":"https:\/\/medtron-msls.zeitraum.dev\/es\/#website"},"primaryImageOfPage":{"@id":"https:\/\/medtron-msls.zeitraum.dev\/es\/consumibles\/jeringas\/#primaryimage"},"image":{"@id":"https:\/\/medtron-msls.zeitraum.dev\/es\/consumibles\/jeringas\/#primaryimage"},"thumbnailUrl":"https:\/\/medtron-msls.zeitraum.dev\/es\/wp-content\/uploads\/sites\/3\/2022\/09\/Verbrauchsmaterial-Kontrastmittelspritzen-Medtron-AG.jpg","datePublished":"2021-10-21T13:33:31+00:00","dateModified":"2025-05-12T09:09:13+00:00","description":"Jeringas - consumibles para inyectores para TC, IRM y angiograf\u00eda \u2713 Jeringas desechables \u2713 Uso m\u00faltiple \u2713 8 h-24 h \u2713 | MEDTRON AG","breadcrumb":{"@id":"https:\/\/medtron-msls.zeitraum.dev\/es\/consumibles\/jeringas\/#breadcrumb"},"inLanguage":"es","potentialAction":[{"@type":"ReadAction","target":["https:\/\/medtron-msls.zeitraum.dev\/es\/consumibles\/jeringas\/"]}]},{"@type":"ImageObject","inLanguage":"es","@id":"https:\/\/medtron-msls.zeitraum.dev\/es\/consumibles\/jeringas\/#primaryimage","url":"https:\/\/medtron-msls.zeitraum.dev\/es\/wp-content\/uploads\/sites\/3\/2022\/09\/Verbrauchsmaterial-Kontrastmittelspritzen-Medtron-AG.jpg","contentUrl":"https:\/\/medtron-msls.zeitraum.dev\/es\/wp-content\/uploads\/sites\/3\/2022\/09\/Verbrauchsmaterial-Kontrastmittelspritzen-Medtron-AG.jpg","width":963,"height":700,"caption":"Vebrauchsmaterial Kontrastmittelspritzen"},{"@type":"BreadcrumbList","@id":"https:\/\/medtron-msls.zeitraum.dev\/es\/consumibles\/jeringas\/#breadcrumb","itemListElement":[{"@type":"ListItem","position":1,"name":"Startseite","item":"https:\/\/medtron-msls.zeitraum.dev\/es\/"},{"@type":"ListItem","position":2,"name":"Consumibles","item":"https:\/\/medtron-msls.zeitraum.dev\/es\/consumibles\/"},{"@type":"ListItem","position":3,"name":"Jeringas"}]},{"@type":"WebSite","@id":"https:\/\/medtron-msls.zeitraum.dev\/es\/#website","url":"https:\/\/medtron-msls.zeitraum.dev\/es\/","name":"Medtron ES","description":"Herzlich Willkommen","potentialAction":[{"@type":"SearchAction","target":{"@type":"EntryPoint","urlTemplate":"https:\/\/medtron-msls.zeitraum.dev\/es\/?s={search_term_string}"},"query-input":{"@type":"PropertyValueSpecification","valueRequired":true,"valueName":"search_term_string"}}],"inLanguage":"es"}]}},"_links":{"self":[{"href":"https:\/\/medtron-msls.zeitraum.dev\/es\/wp-json\/wp\/v2\/pages\/1684","targetHints":{"allow":["GET"]}}],"collection":[{"href":"https:\/\/medtron-msls.zeitraum.dev\/es\/wp-json\/wp\/v2\/pages"}],"about":[{"href":"https:\/\/medtron-msls.zeitraum.dev\/es\/wp-json\/wp\/v2\/types\/page"}],"author":[{"embeddable":true,"href":"https:\/\/medtron-msls.zeitraum.dev\/es\/wp-json\/wp\/v2\/users\/1"}],"replies":[{"embeddable":true,"href":"https:\/\/medtron-msls.zeitraum.dev\/es\/wp-json\/wp\/v2\/comments?post=1684"}],"version-history":[{"count":4,"href":"https:\/\/medtron-msls.zeitraum.dev\/es\/wp-json\/wp\/v2\/pages\/1684\/revisions"}],"predecessor-version":[{"id":17475,"href":"https:\/\/medtron-msls.zeitraum.dev\/es\/wp-json\/wp\/v2\/pages\/1684\/revisions\/17475"}],"up":[{"embeddable":true,"href":"https:\/\/medtron-msls.zeitraum.dev\/es\/wp-json\/wp\/v2\/pages\/1483"}],"wp:featuredmedia":[{"embeddable":true,"href":"https:\/\/medtron-msls.zeitraum.dev\/es\/wp-json\/wp\/v2\/media\/10913"}],"wp:attachment":[{"href":"https:\/\/medtron-msls.zeitraum.dev\/es\/wp-json\/wp\/v2\/media?parent=1684"}],"curies":[{"name":"wp","href":"https:\/\/api.w.org\/{rel}","templated":true}]}}