{"id":14485,"date":"2023-12-13T11:59:22","date_gmt":"2023-12-13T09:59:22","guid":{"rendered":"https:\/\/medtron-msls.zeitraum.dev\/fr\/?page_id=14485"},"modified":"2023-12-13T18:21:37","modified_gmt":"2023-12-13T16:21:37","slug":"jetzt-bewerben","status":"publish","type":"page","link":"https:\/\/medtron-msls.zeitraum.dev\/fr\/ueber-uns\/karriere\/jetzt-bewerben\/","title":{"rendered":"Jetzt bewerben"},"content":{"rendered":"\t\t<div data-elementor-type=\"wp-page\" data-elementor-id=\"14485\" class=\"elementor elementor-14485\">\n\t\t\t\t\t\t<section class=\"elementor-section elementor-top-section elementor-element elementor-element-294747d elementor-section-boxed elementor-section-height-default elementor-section-height-default parallax_section_no qode_elementor_container_no\" data-id=\"294747d\" data-element_type=\"section\">\n\t\t\t\t\t\t<div class=\"elementor-container elementor-column-gap-default\">\n\t\t\t\t\t<div class=\"elementor-column elementor-col-100 elementor-top-column elementor-element elementor-element-c27c811\" data-id=\"c27c811\" data-element_type=\"column\">\n\t\t\t<div class=\"elementor-widget-wrap\">\n\t\t\t\t\t\t\t<\/div>\n\t\t<\/div>\n\t\t\t\t\t<\/div>\n\t\t<\/section>\n\t\t\t\t<section class=\"elementor-section elementor-top-section elementor-element elementor-element-ae5c5c7 content-block full-width elementor-section-boxed elementor-section-height-default elementor-section-height-default parallax_section_no qode_elementor_container_no\" data-id=\"ae5c5c7\" data-element_type=\"section\">\n\t\t\t\t\t\t<div class=\"elementor-container elementor-column-gap-default\">\n\t\t\t\t\t<div class=\"elementor-column elementor-col-100 elementor-top-column elementor-element elementor-element-261b01a\" data-id=\"261b01a\" data-element_type=\"column\">\n\t\t\t<div class=\"elementor-widget-wrap elementor-element-populated\">\n\t\t\t\t\t\t<section class=\"elementor-section elementor-inner-section elementor-element elementor-element-c52f47f elementor-section-boxed elementor-section-height-default elementor-section-height-default parallax_section_no qode_elementor_container_no\" data-id=\"c52f47f\" data-element_type=\"section\">\n\t\t\t\t\t\t<div class=\"elementor-container elementor-column-gap-default\">\n\t\t\t\t\t<div class=\"elementor-column elementor-col-100 elementor-inner-column elementor-element elementor-element-55d2ee9\" data-id=\"55d2ee9\" data-element_type=\"column\">\n\t\t\t<div class=\"elementor-widget-wrap elementor-element-populated\">\n\t\t\t\t\t\t<div class=\"elementor-element elementor-element-9e9034b elementor-widget elementor-widget-spacer\" data-id=\"9e9034b\" data-element_type=\"widget\" data-widget_type=\"spacer.default\">\n\t\t\t\t<div class=\"elementor-widget-container\">\n\t\t\t\t\t\t\t<div class=\"elementor-spacer\">\n\t\t\t<div class=\"elementor-spacer-inner\"><\/div>\n\t\t<\/div>\n\t\t\t\t\t\t<\/div>\n\t\t\t\t<\/div>\n\t\t\t\t<div class=\"elementor-element elementor-element-125c487 elementor-widget elementor-widget-heading\" data-id=\"125c487\" data-element_type=\"widget\" data-widget_type=\"heading.default\">\n\t\t\t\t<div class=\"elementor-widget-container\">\n\t\t\t\t\t<h2 class=\"elementor-heading-title elementor-size-default\">Ausf\u00fcllen, Hochladen, Bewerben<\/h2>\t\t\t\t<\/div>\n\t\t\t\t<\/div>\n\t\t\t\t<div class=\"elementor-element elementor-element-1c410d7 elementor-widget elementor-widget-text-editor\" data-id=\"1c410d7\" data-element_type=\"widget\" data-widget_type=\"text-editor.default\">\n\t\t\t\t<div class=\"elementor-widget-container\">\n\t\t\t\t\t\t\t\t\t<h2 class=\"magenta_small\">Wir freuen uns von Ihnen zu h\u00f6ren!<\/h2>\t\t\t\t\t\t\t\t<\/div>\n\t\t\t\t<\/div>\n\t\t\t\t\t<\/div>\n\t\t<\/div>\n\t\t\t\t\t<\/div>\n\t\t<\/section>\n\t\t\t\t\t<\/div>\n\t\t<\/div>\n\t\t\t\t\t<\/div>\n\t\t<\/section>\n\t\t\t\t<section class=\"elementor-section elementor-top-section elementor-element elementor-element-6cf4644 elementor-section-boxed elementor-section-height-default elementor-section-height-default parallax_section_no qode_elementor_container_no\" data-id=\"6cf4644\" data-element_type=\"section\">\n\t\t\t\t\t\t<div class=\"elementor-container elementor-column-gap-default\">\n\t\t\t\t\t<div class=\"elementor-column elementor-col-100 elementor-top-column elementor-element elementor-element-955b42d mscf\" data-id=\"955b42d\" data-element_type=\"column\">\n\t\t\t<div class=\"elementor-widget-wrap elementor-element-populated\">\n\t\t\t\t\t\t<div class=\"elementor-element elementor-element-abe2abf elementor-widget elementor-widget-bridge_cf_7\" data-id=\"abe2abf\" data-element_type=\"widget\" data-widget_type=\"bridge_cf_7.default\">\n\t\t\t\t<div class=\"elementor-widget-container\">\n\t\t\t\t\t    <div class=\"qode-contact-form-7 qode-contact-form-7-0\">\n    \n<div class=\"wpcf7 no-js\" id=\"wpcf7-f2085-o1\" lang=\"de-DE\" dir=\"ltr\" data-wpcf7-id=\"2085\">\n<div class=\"screen-reader-response\"><p role=\"status\" aria-live=\"polite\" aria-atomic=\"true\"><\/p> <ul><\/ul><\/div>\n<form action=\"\/fr\/wp-json\/wp\/v2\/pages\/14485#wpcf7-f2085-o1\" method=\"post\" class=\"wpcf7-form init default\" aria-label=\"Kontaktformular\" enctype=\"multipart\/form-data\" novalidate=\"novalidate\" data-status=\"init\">\n<div style=\"display: none;\">\n<input type=\"hidden\" name=\"_wpcf7\" value=\"2085\" \/>\n<input type=\"hidden\" name=\"_wpcf7_version\" value=\"6.0.6\" \/>\n<input type=\"hidden\" name=\"_wpcf7_locale\" value=\"de_DE_formal\" \/>\n<input type=\"hidden\" name=\"_wpcf7_unit_tag\" value=\"wpcf7-f2085-o1\" \/>\n<input type=\"hidden\" name=\"_wpcf7_container_post\" value=\"0\" \/>\n<input type=\"hidden\" name=\"_wpcf7_posted_data_hash\" value=\"\" \/>\n<\/div>\n<div class=\"contact-container\">\n  <div class=\"contact-row\">\n      <div class=\"contact-col\">\n          <h4>Pers\u00f6nliche Angaben<\/h4>\n          <label>Anrede<\/label>\n          <span class=\"wpcf7-form-control-wrap\" data-name=\"your-anrede\"><select class=\"wpcf7-form-control wpcf7-select wpcf7-validates-as-required\" aria-required=\"true\" aria-invalid=\"false\" name=\"your-anrede\"><option value=\"\">&#8211; Bitte ausw\u00e4hlen &#8211;<\/option><option value=\"Herr\">Herr<\/option><option value=\"Frau\">Frau<\/option><option value=\"Divers\">Divers<\/option><\/select><\/span>\n\n          <label>Titel<\/label>\n          <span class=\"wpcf7-form-control-wrap\" data-name=\"your-titel\"><input size=\"40\" maxlength=\"400\" class=\"wpcf7-form-control wpcf7-text\" aria-invalid=\"false\" value=\"\" type=\"text\" name=\"your-titel\" \/><\/span>\n\n          <label>Vorname*<\/label>\n          <span class=\"wpcf7-form-control-wrap\" data-name=\"your-first-name\"><input size=\"40\" maxlength=\"400\" class=\"wpcf7-form-control wpcf7-text wpcf7-validates-as-required\" aria-required=\"true\" aria-invalid=\"false\" value=\"\" type=\"text\" name=\"your-first-name\" \/><\/span>\n\n          <label>Nachname*<\/label>\n          <span class=\"wpcf7-form-control-wrap\" data-name=\"your-last-name\"><input size=\"40\" maxlength=\"400\" class=\"wpcf7-form-control wpcf7-text wpcf7-validates-as-required\" aria-required=\"true\" aria-invalid=\"false\" value=\"\" type=\"text\" name=\"your-last-name\" \/><\/span>\n\n          <label>Geburtsdatum*<\/label>\n          <span class=\"wpcf7-form-control-wrap\" data-name=\"your-date-of-birth\"><input class=\"wpcf7-form-control wpcf7-date wpcf7-validates-as-required wpcf7-validates-as-date\" aria-required=\"true\" aria-invalid=\"false\" value=\"\" type=\"date\" name=\"your-date-of-birth\" \/><\/span>\n      <\/div>\n      <div class=\"contact-col\">\n\n          <h4>Kontaktinformationen<\/h4>\n\n          <label>Telefonnummer*<\/label>\n          <span class=\"wpcf7-form-control-wrap\" data-name=\"your-telefon\"><input size=\"40\" maxlength=\"400\" class=\"wpcf7-form-control wpcf7-text wpcf7-validates-as-required\" aria-required=\"true\" aria-invalid=\"false\" value=\"\" type=\"text\" name=\"your-telefon\" \/><\/span>\n\n          <label>E-Mail*<\/label>\n          <span class=\"wpcf7-form-control-wrap\" data-name=\"your-email\"><input size=\"40\" maxlength=\"400\" class=\"wpcf7-form-control wpcf7-email wpcf7-validates-as-required wpcf7-text wpcf7-validates-as-email\" aria-required=\"true\" aria-invalid=\"false\" value=\"\" type=\"email\" name=\"your-email\" \/><\/span>\n\n          <label>Stra\u00dfe und Hausnummer*<\/label>\n          <span class=\"wpcf7-form-control-wrap\" data-name=\"your-str-adresse\"><input size=\"40\" maxlength=\"400\" class=\"wpcf7-form-control wpcf7-text wpcf7-validates-as-required\" aria-required=\"true\" aria-invalid=\"false\" value=\"\" type=\"text\" name=\"your-str-adresse\" \/><\/span>\n\n          <label>PLZ*<\/label>\n          <span class=\"wpcf7-form-control-wrap\" data-name=\"your-plz-adress\"><input class=\"wpcf7-form-control wpcf7-number wpcf7-validates-as-number\" aria-invalid=\"false\" value=\"\" type=\"number\" name=\"your-plz-adress\" \/><\/span>\n\n          <label>Ort*<\/label>\n          <span class=\"wpcf7-form-control-wrap\" data-name=\"your-city-adresse\"><input size=\"40\" maxlength=\"400\" class=\"wpcf7-form-control wpcf7-text wpcf7-validates-as-required\" aria-required=\"true\" aria-invalid=\"false\" value=\"\" type=\"text\" name=\"your-city-adresse\" \/><\/span>\n\n      <\/div>\n  <\/div>\n  <div class=\"contact-row\">\n      <div class=\"contact-col\">\n\n          <h4 class=\"extra-info\">Bewerbung um die Stelle als:*<\/h4>\n<span class=\"wpcf7-form-control-wrap\" data-name=\"bewerbung-um\"><select class=\"wpcf7-form-control wpcf7-select wpcf7-validates-as-required\" aria-required=\"true\" aria-invalid=\"false\" name=\"bewerbung-um\"><option value=\"Produktionsmitarbeiter (m\/w\/d)\">Produktionsmitarbeiter (m\/w\/d)<\/option><option value=\"Initiativbewerbung (m\/w\/d)\">Initiativbewerbung (m\/w\/d)<\/option><\/select><\/span>\n\n          <h4 class=\"extra-info\">Unterlagen hochladen<\/h4>\n\n          <label>Anschreiben<\/label>\n          <span class=\"wpcf7-form-control-wrap\" data-name=\"your-letter\"><input size=\"40\" class=\"wpcf7-form-control wpcf7-file\" accept=\".jpg,.pdf\" aria-invalid=\"false\" type=\"file\" name=\"your-letter\" \/><\/span>\n\n          <label>Lebenslauf*<\/label>\n          <span class=\"wpcf7-form-control-wrap\" data-name=\"your-lebenslauf\"><input size=\"40\" class=\"wpcf7-form-control wpcf7-file\" accept=\".jpg,.pdf\" aria-invalid=\"false\" type=\"file\" name=\"your-lebenslauf\" \/><\/span>\n\n          <label>Zeugnisse<\/label>\n          <span class=\"wpcf7-form-control-wrap\" data-name=\"your-zeugnisse\"><input size=\"40\" class=\"wpcf7-form-control wpcf7-file\" accept=\".jpg,.pdf\" aria-invalid=\"false\" type=\"file\" name=\"your-zeugnisse\" \/><\/span>\n\n          <label>Sonstige Unterlagen<\/label>\n          <span class=\"wpcf7-form-control-wrap\" data-name=\"your-sonstige\"><input size=\"40\" class=\"wpcf7-form-control wpcf7-file\" accept=\".jpg,.pdf\" aria-invalid=\"false\" type=\"file\" name=\"your-sonstige\" \/><\/span>\n\n<span class=\"wpcf7-form-control-wrap kc_captcha\" data-name=\"kc_captcha\"><span class=\"wpcf7-form-control wpcf7-radio\"><span class=\"captcha-image\" ><span class=\"cf7ic_instructions\">Bitte beweisen Sie, dass Sie kein Spambot sind und w\u00e4hlen Sie das Symbol<span> Herz<\/span>.<\/span><label><input aria-label=\"1\" type=\"radio\" name=\"kc_captcha\" value=\"kc_human\" \/><svg width=\"50\" height=\"50\" aria-hidden=\"true\" role=\"img\" xmlns=\"http:\/\/www.w3.org\/2000\/svg\" viewBox=\"0 0 576 512\"><path fill=\"currentColor\" d=\"M415 24c-53 0-103 42-127 65-24-23-74-65-127-65C70 24 16 77 16 166c0 72 67 133 69 135l187 181c9 8 23 8 32 0l187-180c2-3 69-64 69-136 0-89-54-142-145-142z\"\/><\/svg><\/label><label><input aria-label=\"2\" type=\"radio\" name=\"kc_captcha\" value=\"bot\" \/><svg width=\"50\" height=\"50\" aria-hidden=\"true\" role=\"img\" xmlns=\"http:\/\/www.w3.org\/2000\/svg\" viewBox=\"0 0 576 512\"><path fill=\"currentColor\" d=\"M259 18l-65 132-146 22c-26 3-37 36-18 54l106 103-25 146c-5 26 23 46 46 33l131-68 131 68c23 13 51-7 46-33l-25-146 106-103c19-18 8-51-18-54l-146-22-65-132a32 32 0 00-58 0z\"\/><\/svg><\/label><label><input aria-label=\"3\" type=\"radio\" name=\"kc_captcha\" value=\"bot\" \/><svg width=\"50\" height=\"50\" aria-hidden=\"true\" role=\"img\" xmlns=\"http:\/\/www.w3.org\/2000\/svg\" viewBox=\"0 0 640 512\"><path fill=\"currentColor\" d=\"M624 352h-16V244c0-13-5-25-14-34L494 110c-9-9-21-14-34-14h-44V48c0-26-21-48-48-48H48C22 0 0 22 0 48v320c0 27 22 48 48 48h16a96 96 0 00192 0h128a96 96 0 00192 0h48c9 0 16-7 16-16v-32c0-9-7-16-16-16zM160 464a48 48 0 110-96 48 48 0 010 96zm320 0a48 48 0 110-96 48 48 0 010 96zm80-208H416V144h44l100 100v12z\"\/><\/svg><\/label>\r\n    <\/span>\r\n    <span style=\"display:none\">\r\n        <input type=\"text\" name=\"kc_honeypot\">\r\n    <\/span><\/span><\/span>\n\n          <span class=\"wpcf7-form-control-wrap\" data-name=\"Datenschutz\"><span class=\"wpcf7-form-control wpcf7-acceptance\"><span class=\"wpcf7-list-item\"><label><input type=\"checkbox\" name=\"Datenschutz\" value=\"1\" aria-invalid=\"false\" \/><span class=\"wpcf7-list-item-label\">Ich stimme den Datenschutzbestimmungen, insbesondere auch der Pr\u00fcfung meiner Bewerbung im Hinblick auf weitere offene Positionen zu.<\/span><\/label><\/span><\/span><\/span>\n\n          <input class=\"wpcf7-form-control wpcf7-submit has-spinner\" type=\"submit\" value=\"Absenden\" \/>\n\n      <\/div>\n  <\/div>\n<\/div><div class=\"wpcf7-response-output\" aria-hidden=\"true\"><\/div>\n<\/form>\n<\/div>\n    <\/div>\n\t\t\t\t<\/div>\n\t\t\t\t<\/div>\n\t\t\t\t\t<\/div>\n\t\t<\/div>\n\t\t\t\t\t<\/div>\n\t\t<\/section>\n\t\t\t\t<section class=\"elementor-section elementor-top-section elementor-element elementor-element-2db0072 elementor-section-boxed elementor-section-height-default elementor-section-height-default parallax_section_no qode_elementor_container_no\" data-id=\"2db0072\" data-element_type=\"section\">\n\t\t\t\t\t\t<div class=\"elementor-container elementor-column-gap-default\">\n\t\t\t\t\t<div class=\"elementor-column elementor-col-100 elementor-top-column elementor-element elementor-element-bb95d9f\" data-id=\"bb95d9f\" data-element_type=\"column\">\n\t\t\t<div class=\"elementor-widget-wrap elementor-element-populated\">\n\t\t\t\t\t\t<div class=\"elementor-element elementor-element-1a61047 elementor-widget elementor-widget-spacer\" data-id=\"1a61047\" data-element_type=\"widget\" data-widget_type=\"spacer.default\">\n\t\t\t\t<div class=\"elementor-widget-container\">\n\t\t\t\t\t\t\t<div class=\"elementor-spacer\">\n\t\t\t<div class=\"elementor-spacer-inner\"><\/div>\n\t\t<\/div>\n\t\t\t\t\t\t<\/div>\n\t\t\t\t<\/div>\n\t\t\t\t\t<\/div>\n\t\t<\/div>\n\t\t\t\t\t<\/div>\n\t\t<\/section>\n\t\t\t\t<\/div>\n\t\t","protected":false},"excerpt":{"rendered":"<p>Ausf\u00fcllen, Hochladen, Bewerben Wir freuen uns von Ihnen zu h\u00f6ren! Pers\u00f6nliche Angaben Anrede &#8211; Bitte ausw\u00e4hlen &#8211;HerrFrauDivers Titel Vorname* Nachname* Geburtsdatum* Kontaktinformationen Telefonnummer* E-Mail* Stra\u00dfe und Hausnummer* PLZ* Ort* Bewerbung um die Stelle als:* Mechatroniker (m\/w\/d)Software-Entwicklungsingenieur in der Medizintechnik (m\/w\/d) am Standort Saarbr\u00fccken (m\/w\/d) Unterlagen&#8230;<\/p>\n","protected":false},"author":117,"featured_media":10909,"parent":1858,"menu_order":0,"comment_status":"closed","ping_status":"closed","template":"full_width.php","meta":{"_acf_changed":false,"footnotes":""},"class_list":["post-14485","page","type-page","status-publish","has-post-thumbnail","hentry"],"acf":[],"yoast_head":"<!-- This site is optimized with the Yoast SEO plugin v25.0 - https:\/\/yoast.com\/wordpress\/plugins\/seo\/ -->\n<title>Jetzt bewerben | MEDTRON AG<\/title>\n<meta name=\"description\" content=\"Schicken Sie uns jetzt Ihre Bewerbung und werden Sie schon bald Teil des MEDTRON-Teams. Wir freuen uns von Ihnen zu h\u00f6ren! | MEDTRON AG\" \/>\n<meta name=\"robots\" content=\"noindex, follow, max-snippet:-1, max-image-preview:large, max-video-preview:-1\" \/>\n<meta property=\"og:locale\" content=\"fr_FR\" \/>\n<meta property=\"og:type\" content=\"article\" \/>\n<meta property=\"og:title\" content=\"Jetzt bewerben | MEDTRON AG\" \/>\n<meta property=\"og:description\" content=\"Schicken Sie uns jetzt Ihre Bewerbung und werden Sie schon bald Teil des MEDTRON-Teams. Wir freuen uns von Ihnen zu h\u00f6ren! | MEDTRON AG\" \/>\n<meta property=\"og:url\" content=\"https:\/\/medtron-msls.zeitraum.dev\/fr\/ueber-uns\/karriere\/jetzt-bewerben\/\" \/>\n<meta property=\"og:site_name\" content=\"Medtron FR\" \/>\n<meta property=\"article:modified_time\" content=\"2023-12-13T16:21:37+00:00\" \/>\n<meta property=\"og:image\" content=\"https:\/\/medtron-msls.zeitraum.dev\/fr\/wp-content\/uploads\/sites\/6\/2022\/09\/Kontakt-Medtron-AG.jpg\" \/>\n\t<meta property=\"og:image:width\" content=\"963\" \/>\n\t<meta property=\"og:image:height\" content=\"700\" \/>\n\t<meta property=\"og:image:type\" content=\"image\/jpeg\" \/>\n<meta name=\"twitter:card\" content=\"summary_large_image\" \/>\n<meta name=\"twitter:label1\" content=\"Dur\u00e9e de lecture estim\u00e9e\" \/>\n\t<meta name=\"twitter:data1\" content=\"1 minute\" \/>\n<script type=\"application\/ld+json\" class=\"yoast-schema-graph\">{\"@context\":\"https:\/\/schema.org\",\"@graph\":[{\"@type\":\"WebPage\",\"@id\":\"https:\/\/medtron-msls.zeitraum.dev\/fr\/ueber-uns\/karriere\/jetzt-bewerben\/\",\"url\":\"https:\/\/medtron-msls.zeitraum.dev\/fr\/ueber-uns\/karriere\/jetzt-bewerben\/\",\"name\":\"Jetzt bewerben | MEDTRON AG\",\"isPartOf\":{\"@id\":\"https:\/\/medtron-msls.zeitraum.dev\/fr\/#website\"},\"primaryImageOfPage\":{\"@id\":\"https:\/\/medtron-msls.zeitraum.dev\/fr\/ueber-uns\/karriere\/jetzt-bewerben\/#primaryimage\"},\"image\":{\"@id\":\"https:\/\/medtron-msls.zeitraum.dev\/fr\/ueber-uns\/karriere\/jetzt-bewerben\/#primaryimage\"},\"thumbnailUrl\":\"https:\/\/medtron-msls.zeitraum.dev\/fr\/wp-content\/uploads\/sites\/6\/2022\/09\/Kontakt-Medtron-AG.jpg\",\"datePublished\":\"2023-12-13T09:59:22+00:00\",\"dateModified\":\"2023-12-13T16:21:37+00:00\",\"description\":\"Schicken Sie uns jetzt Ihre Bewerbung und werden Sie schon bald Teil des MEDTRON-Teams. Wir freuen uns von Ihnen zu h\u00f6ren! | MEDTRON AG\",\"breadcrumb\":{\"@id\":\"https:\/\/medtron-msls.zeitraum.dev\/fr\/ueber-uns\/karriere\/jetzt-bewerben\/#breadcrumb\"},\"inLanguage\":\"fr-FR\",\"potentialAction\":[{\"@type\":\"ReadAction\",\"target\":[\"https:\/\/medtron-msls.zeitraum.dev\/fr\/ueber-uns\/karriere\/jetzt-bewerben\/\"]}]},{\"@type\":\"ImageObject\",\"inLanguage\":\"fr-FR\",\"@id\":\"https:\/\/medtron-msls.zeitraum.dev\/fr\/ueber-uns\/karriere\/jetzt-bewerben\/#primaryimage\",\"url\":\"https:\/\/medtron-msls.zeitraum.dev\/fr\/wp-content\/uploads\/sites\/6\/2022\/09\/Kontakt-Medtron-AG.jpg\",\"contentUrl\":\"https:\/\/medtron-msls.zeitraum.dev\/fr\/wp-content\/uploads\/sites\/6\/2022\/09\/Kontakt-Medtron-AG.jpg\",\"width\":963,\"height\":700},{\"@type\":\"BreadcrumbList\",\"@id\":\"https:\/\/medtron-msls.zeitraum.dev\/fr\/ueber-uns\/karriere\/jetzt-bewerben\/#breadcrumb\",\"itemListElement\":[{\"@type\":\"ListItem\",\"position\":1,\"name\":\"Startseite\",\"item\":\"https:\/\/medtron-msls.zeitraum.dev\/fr\/\"},{\"@type\":\"ListItem\",\"position\":2,\"name\":\"\u00dcber Uns\",\"item\":\"https:\/\/medtron-msls.zeitraum.dev\/fr\/ueber-uns\/\"},{\"@type\":\"ListItem\",\"position\":3,\"name\":\"Karriere\",\"item\":\"https:\/\/medtron-msls.zeitraum.dev\/fr\/ueber-uns\/karriere\/\"},{\"@type\":\"ListItem\",\"position\":4,\"name\":\"Jetzt bewerben\"}]},{\"@type\":\"WebSite\",\"@id\":\"https:\/\/medtron-msls.zeitraum.dev\/fr\/#website\",\"url\":\"https:\/\/medtron-msls.zeitraum.dev\/fr\/\",\"name\":\"Medtron FR\",\"description\":\"Herzlich Willkommen\",\"potentialAction\":[{\"@type\":\"SearchAction\",\"target\":{\"@type\":\"EntryPoint\",\"urlTemplate\":\"https:\/\/medtron-msls.zeitraum.dev\/fr\/?s={search_term_string}\"},\"query-input\":{\"@type\":\"PropertyValueSpecification\",\"valueRequired\":true,\"valueName\":\"search_term_string\"}}],\"inLanguage\":\"fr-FR\"}]}<\/script>\n<!-- \/ Yoast SEO plugin. -->","yoast_head_json":{"title":"Jetzt bewerben | MEDTRON AG","description":"Schicken Sie uns jetzt Ihre Bewerbung und werden Sie schon bald Teil des MEDTRON-Teams. Wir freuen uns von Ihnen zu h\u00f6ren! | MEDTRON AG","robots":{"index":"noindex","follow":"follow","max-snippet":"max-snippet:-1","max-image-preview":"max-image-preview:large","max-video-preview":"max-video-preview:-1"},"og_locale":"fr_FR","og_type":"article","og_title":"Jetzt bewerben | MEDTRON AG","og_description":"Schicken Sie uns jetzt Ihre Bewerbung und werden Sie schon bald Teil des MEDTRON-Teams. Wir freuen uns von Ihnen zu h\u00f6ren! | MEDTRON AG","og_url":"https:\/\/medtron-msls.zeitraum.dev\/fr\/ueber-uns\/karriere\/jetzt-bewerben\/","og_site_name":"Medtron FR","article_modified_time":"2023-12-13T16:21:37+00:00","og_image":[{"width":963,"height":700,"url":"https:\/\/medtron-msls.zeitraum.dev\/fr\/wp-content\/uploads\/sites\/6\/2022\/09\/Kontakt-Medtron-AG.jpg","type":"image\/jpeg"}],"twitter_card":"summary_large_image","twitter_misc":{"Dur\u00e9e de lecture estim\u00e9e":"1 minute"},"schema":{"@context":"https:\/\/schema.org","@graph":[{"@type":"WebPage","@id":"https:\/\/medtron-msls.zeitraum.dev\/fr\/ueber-uns\/karriere\/jetzt-bewerben\/","url":"https:\/\/medtron-msls.zeitraum.dev\/fr\/ueber-uns\/karriere\/jetzt-bewerben\/","name":"Jetzt bewerben | MEDTRON AG","isPartOf":{"@id":"https:\/\/medtron-msls.zeitraum.dev\/fr\/#website"},"primaryImageOfPage":{"@id":"https:\/\/medtron-msls.zeitraum.dev\/fr\/ueber-uns\/karriere\/jetzt-bewerben\/#primaryimage"},"image":{"@id":"https:\/\/medtron-msls.zeitraum.dev\/fr\/ueber-uns\/karriere\/jetzt-bewerben\/#primaryimage"},"thumbnailUrl":"https:\/\/medtron-msls.zeitraum.dev\/fr\/wp-content\/uploads\/sites\/6\/2022\/09\/Kontakt-Medtron-AG.jpg","datePublished":"2023-12-13T09:59:22+00:00","dateModified":"2023-12-13T16:21:37+00:00","description":"Schicken Sie uns jetzt Ihre Bewerbung und werden Sie schon bald Teil des MEDTRON-Teams. Wir freuen uns von Ihnen zu h\u00f6ren! | MEDTRON AG","breadcrumb":{"@id":"https:\/\/medtron-msls.zeitraum.dev\/fr\/ueber-uns\/karriere\/jetzt-bewerben\/#breadcrumb"},"inLanguage":"fr-FR","potentialAction":[{"@type":"ReadAction","target":["https:\/\/medtron-msls.zeitraum.dev\/fr\/ueber-uns\/karriere\/jetzt-bewerben\/"]}]},{"@type":"ImageObject","inLanguage":"fr-FR","@id":"https:\/\/medtron-msls.zeitraum.dev\/fr\/ueber-uns\/karriere\/jetzt-bewerben\/#primaryimage","url":"https:\/\/medtron-msls.zeitraum.dev\/fr\/wp-content\/uploads\/sites\/6\/2022\/09\/Kontakt-Medtron-AG.jpg","contentUrl":"https:\/\/medtron-msls.zeitraum.dev\/fr\/wp-content\/uploads\/sites\/6\/2022\/09\/Kontakt-Medtron-AG.jpg","width":963,"height":700},{"@type":"BreadcrumbList","@id":"https:\/\/medtron-msls.zeitraum.dev\/fr\/ueber-uns\/karriere\/jetzt-bewerben\/#breadcrumb","itemListElement":[{"@type":"ListItem","position":1,"name":"Startseite","item":"https:\/\/medtron-msls.zeitraum.dev\/fr\/"},{"@type":"ListItem","position":2,"name":"\u00dcber Uns","item":"https:\/\/medtron-msls.zeitraum.dev\/fr\/ueber-uns\/"},{"@type":"ListItem","position":3,"name":"Karriere","item":"https:\/\/medtron-msls.zeitraum.dev\/fr\/ueber-uns\/karriere\/"},{"@type":"ListItem","position":4,"name":"Jetzt bewerben"}]},{"@type":"WebSite","@id":"https:\/\/medtron-msls.zeitraum.dev\/fr\/#website","url":"https:\/\/medtron-msls.zeitraum.dev\/fr\/","name":"Medtron FR","description":"Herzlich Willkommen","potentialAction":[{"@type":"SearchAction","target":{"@type":"EntryPoint","urlTemplate":"https:\/\/medtron-msls.zeitraum.dev\/fr\/?s={search_term_string}"},"query-input":{"@type":"PropertyValueSpecification","valueRequired":true,"valueName":"search_term_string"}}],"inLanguage":"fr-FR"}]}},"_links":{"self":[{"href":"https:\/\/medtron-msls.zeitraum.dev\/fr\/wp-json\/wp\/v2\/pages\/14485","targetHints":{"allow":["GET"]}}],"collection":[{"href":"https:\/\/medtron-msls.zeitraum.dev\/fr\/wp-json\/wp\/v2\/pages"}],"about":[{"href":"https:\/\/medtron-msls.zeitraum.dev\/fr\/wp-json\/wp\/v2\/types\/page"}],"author":[{"embeddable":true,"href":"https:\/\/medtron-msls.zeitraum.dev\/fr\/wp-json\/wp\/v2\/users\/117"}],"replies":[{"embeddable":true,"href":"https:\/\/medtron-msls.zeitraum.dev\/fr\/wp-json\/wp\/v2\/comments?post=14485"}],"version-history":[{"count":0,"href":"https:\/\/medtron-msls.zeitraum.dev\/fr\/wp-json\/wp\/v2\/pages\/14485\/revisions"}],"up":[{"embeddable":true,"href":"https:\/\/medtron-msls.zeitraum.dev\/fr\/wp-json\/wp\/v2\/pages\/1858"}],"wp:featuredmedia":[{"embeddable":true,"href":"https:\/\/medtron-msls.zeitraum.dev\/fr\/wp-json\/wp\/v2\/media\/10909"}],"wp:attachment":[{"href":"https:\/\/medtron-msls.zeitraum.dev\/fr\/wp-json\/wp\/v2\/media?parent=14485"}],"curies":[{"name":"wp","href":"https:\/\/api.w.org\/{rel}","templated":true}]}}