{"id":15325,"date":"2024-04-26T09:32:30","date_gmt":"2024-04-26T07:32:30","guid":{"rendered":"https:\/\/medtron-msls.zeitraum.dev\/fr\/?page_id=15325"},"modified":"2024-05-27T10:31:42","modified_gmt":"2024-05-27T08:31:42","slug":"expertenvortrag-2024","status":"publish","type":"page","link":"https:\/\/medtron-msls.zeitraum.dev\/fr\/expertenvortrag-2024\/","title":{"rendered":"Expertenvortrag mit Dorina Petersen"},"content":{"rendered":"\t\t<div data-elementor-type=\"wp-page\" data-elementor-id=\"15325\" class=\"elementor elementor-15325\">\n\t\t\t\t\t\t<section class=\"elementor-section elementor-top-section elementor-element elementor-element-bd321b8 elementor-section-boxed elementor-section-height-default elementor-section-height-default parallax_section_no qode_elementor_container_no\" data-id=\"bd321b8\" data-element_type=\"section\">\n\t\t\t\t\t\t<div class=\"elementor-container elementor-column-gap-default\">\n\t\t\t\t\t<div class=\"elementor-column elementor-col-100 elementor-top-column elementor-element elementor-element-3742c5a\" data-id=\"3742c5a\" data-element_type=\"column\">\n\t\t\t<div class=\"elementor-widget-wrap elementor-element-populated\">\n\t\t\t\t\t\t<div class=\"elementor-element elementor-element-cd6babf elementor-widget elementor-widget-slider_revolution\" data-id=\"cd6babf\" data-element_type=\"widget\" data-widget_type=\"slider_revolution.default\">\n\t\t\t\t<div class=\"elementor-widget-container\">\n\t\t\t\t\t\n\t\t<div class=\"wp-block-themepunch-revslider\">\n\t\t\t<!-- START Workshop Aufzeichnung REVOLUTION SLIDER 6.6.20 --><p class=\"rs-p-wp-fix\"><\/p>\n\t\t\t<rs-module-wrap id=\"rev_slider_32_1_wrapper\" data-source=\"gallery\" style=\"visibility:hidden;background:transparent;padding:0;margin:0px auto;margin-top:0;margin-bottom:0;\">\n\t\t\t\t<rs-module id=\"rev_slider_32_1\" style=\"\" data-version=\"6.6.20\">\n\t\t\t\t\t<rs-slides style=\"overflow: hidden; position: absolute;\">\n\t\t\t\t\t\t<rs-slide style=\"position: absolute;\" data-key=\"rs-67\" data-title=\"Slide\" data-in=\"o:0;\" data-out=\"a:false;\">\n\t\t\t\t\t\t\t<img fetchpriority=\"high\" decoding=\"async\" src=\"\/\/medtron-msls.zeitraum.dev\/fr\/wp-content\/plugins\/revslider\/public\/assets\/assets\/dummy.png\" alt=\"bunter k\u00fcnstlerisch gestalteter Kopf\" title=\"bunter-kopf\" width=\"1300\" height=\"600\" class=\"rev-slidebg tp-rs-img rs-lazyload\" data-lazyload=\"\/\/medtron-msls.zeitraum.dev\/fr\/wp-content\/uploads\/2023\/06\/Header-Anfrage.png\" data-bg=\"p:center top;\" data-parallax=\"off\" data-no-retina>\n<!---->\t\t\t\t\t\t<\/rs-slide>\n\t\t\t\t\t<\/rs-slides>\n\t\t\t\t\t<rs-static-layers><!--\n\t\t\t\t\t--><\/rs-static-layers>\n\t\t\t\t<\/rs-module>\n\t\t\t\t<script>\n\t\t\t\t\tsetREVStartSize({c: 'rev_slider_32_1',rl:[1240,1240,1240,480],el:[600,600,600,320],gw:[1300,1300,1300,480],gh:[600,600,600,320],type:'hero',justify:'',layout:'fullwidth',mh:\"0\"});if (window.RS_MODULES!==undefined && window.RS_MODULES.modules!==undefined && window.RS_MODULES.modules[\"revslider321\"]!==undefined) {window.RS_MODULES.modules[\"revslider321\"].once = false;window.revapi32 = undefined;if (window.RS_MODULES.checkMinimal!==undefined) window.RS_MODULES.checkMinimal()}\n\t\t\t\t<\/script>\n\t\t\t<\/rs-module-wrap>\n\t\t\t<!-- END REVOLUTION SLIDER -->\n<\/div>\n\n\t\t\t\t\t\t<\/div>\n\t\t\t\t<\/div>\n\t\t\t\t\t<\/div>\n\t\t<\/div>\n\t\t\t\t\t<\/div>\n\t\t<\/section>\n\t\t\t\t<section class=\"elementor-section elementor-top-section elementor-element elementor-element-d24f1f1 elementor-section-boxed elementor-section-height-default elementor-section-height-default parallax_section_no qode_elementor_container_no\" data-id=\"d24f1f1\" data-element_type=\"section\">\n\t\t\t\t\t\t<div class=\"elementor-container elementor-column-gap-default\">\n\t\t\t\t\t<div class=\"elementor-column elementor-col-100 elementor-top-column elementor-element elementor-element-9af7204\" data-id=\"9af7204\" data-element_type=\"column\">\n\t\t\t<div class=\"elementor-widget-wrap elementor-element-populated\">\n\t\t\t\t\t\t<div class=\"elementor-element elementor-element-eb21f68 elementor-widget elementor-widget-heading\" data-id=\"eb21f68\" data-element_type=\"widget\" data-widget_type=\"heading.default\">\n\t\t\t\t<div class=\"elementor-widget-container\">\n\t\t\t\t\t<h1 class=\"elementor-heading-title elementor-size-default\">Expertenvortrag \"Neues Kontrastmittel Gadopiclenol\"<\/h1>\t\t\t\t<\/div>\n\t\t\t\t<\/div>\n\t\t\t\t<div class=\"elementor-element elementor-element-2d8afb3 elementor-widget elementor-widget-text-editor\" data-id=\"2d8afb3\" data-element_type=\"widget\" data-widget_type=\"text-editor.default\">\n\t\t\t\t<div class=\"elementor-widget-container\">\n\t\t\t\t\t\t\t\t\t<h3>Mit Dorina Petersen<\/h3>\t\t\t\t\t\t\t\t<\/div>\n\t\t\t\t<\/div>\n\t\t\t\t\t<\/div>\n\t\t<\/div>\n\t\t\t\t\t<\/div>\n\t\t<\/section>\n\t\t\t\t<section class=\"elementor-section elementor-top-section elementor-element elementor-element-02b6862 elementor-section-boxed elementor-section-height-default elementor-section-height-default parallax_section_no qode_elementor_container_no\" data-id=\"02b6862\" data-element_type=\"section\">\n\t\t\t\t\t\t<div class=\"elementor-container elementor-column-gap-default\">\n\t\t\t\t\t<div class=\"elementor-column elementor-col-50 elementor-top-column elementor-element elementor-element-6a8c8f0\" data-id=\"6a8c8f0\" data-element_type=\"column\">\n\t\t\t<div class=\"elementor-widget-wrap elementor-element-populated\">\n\t\t\t\t\t\t<div class=\"elementor-element elementor-element-2038c5f elementor-widget elementor-widget-text-editor\" data-id=\"2038c5f\" data-element_type=\"widget\" data-widget_type=\"text-editor.default\">\n\t\t\t\t<div class=\"elementor-widget-container\">\n\t\t\t\t\t\t\t\t\t<h4><span style=\"color: #e4007b;\">Sichere Dir deine Portion Extra-Wissen!<\/span><\/h4>\t\t\t\t\t\t\t\t<\/div>\n\t\t\t\t<\/div>\n\t\t\t\t<div class=\"elementor-element elementor-element-9f07bbd elementor-widget elementor-widget-text-editor\" data-id=\"9f07bbd\" data-element_type=\"widget\" data-widget_type=\"text-editor.default\">\n\t\t\t\t<div class=\"elementor-widget-container\">\n\t\t\t\t\t\t\t\t\t<p>Sch\u00f6n, dass Du Dich f\u00fcr unseren Expertenvortrag mit <a href=\"https:\/\/www.dorina-petersen.de\/\">Dorina Petersen<\/a> beim 105. Deutschen R\u00f6ntgenkongress interessierst!<\/p><p>Wir m\u00f6chten den Wissensaustausch f\u00f6rdern und stellen Dir deshalb die Unterlagen zum Vortrag \u00ab\u00a0Neues Kontrastmittel Gadopiclenol\u00a0\u00bb kostenfrei zur Verf\u00fcgung.\u00a0<\/p><p>\u00a0<\/p><p style=\"background-color: #ffffff;\">F\u00fclle daf\u00fcr das Kontaktformular aus und erhalte direkt im Anschluss per Mail die Unterlagen zum Expertenvortrag \u00ab\u00a0Neues Kontrastmittel Gadopiclenol\u00a0\u00bb.<br \/>Bitte pr\u00fcfe auch Deinen Spam-Ordner.<\/p>\t\t\t\t\t\t\t\t<\/div>\n\t\t\t\t<\/div>\n\t\t\t\t\t<\/div>\n\t\t<\/div>\n\t\t\t\t<div class=\"elementor-column elementor-col-50 elementor-top-column elementor-element elementor-element-41eb1b9\" data-id=\"41eb1b9\" data-element_type=\"column\">\n\t\t\t<div class=\"elementor-widget-wrap elementor-element-populated\">\n\t\t\t\t\t\t<div class=\"elementor-element elementor-element-0aa1d0a elementor-widget elementor-widget-image\" data-id=\"0aa1d0a\" data-element_type=\"widget\" data-widget_type=\"image.default\">\n\t\t\t\t<div class=\"elementor-widget-container\">\n\t\t\t\t\t\t\t\t\t\t\t\t\t\t\t<img decoding=\"async\" width=\"212\" height=\"300\" src=\"https:\/\/medtron-msls.zeitraum.dev\/fr\/wp-content\/uploads\/sites\/6\/2024\/04\/Dorina_Kundenstopper_Final-212x300.jpg\" class=\"attachment-medium size-medium wp-image-15327\" alt=\"Expertenvortrag beim R\u00f6ko24 mit Dorina Petersen\" srcset=\"https:\/\/medtron-msls.zeitraum.dev\/fr\/wp-content\/uploads\/sites\/6\/2024\/04\/Dorina_Kundenstopper_Final-212x300.jpg 212w, https:\/\/medtron-msls.zeitraum.dev\/fr\/wp-content\/uploads\/sites\/6\/2024\/04\/Dorina_Kundenstopper_Final-723x1024.jpg 723w, https:\/\/medtron-msls.zeitraum.dev\/fr\/wp-content\/uploads\/sites\/6\/2024\/04\/Dorina_Kundenstopper_Final-768x1087.jpg 768w, https:\/\/medtron-msls.zeitraum.dev\/fr\/wp-content\/uploads\/sites\/6\/2024\/04\/Dorina_Kundenstopper_Final-1085x1536.jpg 1085w, https:\/\/medtron-msls.zeitraum.dev\/fr\/wp-content\/uploads\/sites\/6\/2024\/04\/Dorina_Kundenstopper_Final-scaled.jpg 1447w, https:\/\/medtron-msls.zeitraum.dev\/fr\/wp-content\/uploads\/sites\/6\/2024\/04\/Dorina_Kundenstopper_Final-8x12.jpg 8w, https:\/\/medtron-msls.zeitraum.dev\/fr\/wp-content\/uploads\/sites\/6\/2024\/04\/Dorina_Kundenstopper_Final-700x991.jpg 700w\" sizes=\"(max-width: 212px) 100vw, 212px\" \/>\t\t\t\t\t\t\t\t\t\t\t\t\t\t\t<\/div>\n\t\t\t\t<\/div>\n\t\t\t\t\t<\/div>\n\t\t<\/div>\n\t\t\t\t\t<\/div>\n\t\t<\/section>\n\t\t\t\t<section class=\"elementor-section elementor-top-section elementor-element elementor-element-c24160a elementor-section-boxed elementor-section-height-default elementor-section-height-default parallax_section_no qode_elementor_container_no\" data-id=\"c24160a\" data-element_type=\"section\">\n\t\t\t\t\t\t<div class=\"elementor-container elementor-column-gap-default\">\n\t\t\t\t\t<div class=\"elementor-column elementor-col-100 elementor-top-column elementor-element elementor-element-4a89c83\" data-id=\"4a89c83\" data-element_type=\"column\">\n\t\t\t<div class=\"elementor-widget-wrap elementor-element-populated\">\n\t\t\t\t\t\t<div class=\"elementor-element elementor-element-c89670a mscf elementor-widget elementor-widget-bridge_cf_7\" data-id=\"c89670a\" data-element_type=\"widget\" data-widget_type=\"bridge_cf_7.default\">\n\t\t\t\t<div class=\"elementor-widget-container\">\n\t\t\t\t\t    <div class=\"qode-contact-form-7 qode-contact-form-7-0\">\n    \n<div class=\"wpcf7 no-js\" id=\"wpcf7-f15331-o1\" lang=\"de-DE\" dir=\"ltr\" data-wpcf7-id=\"15331\">\n<div class=\"screen-reader-response\"><p role=\"status\" aria-live=\"polite\" aria-atomic=\"true\"><\/p> <ul><\/ul><\/div>\n<form action=\"\/fr\/wp-json\/wp\/v2\/pages\/15325#wpcf7-f15331-o1\" method=\"post\" class=\"wpcf7-form init default wpcf7-acceptance-as-validation\" aria-label=\"Kontaktformular\" novalidate=\"novalidate\" data-status=\"init\">\n<div style=\"display: none;\">\n<input type=\"hidden\" name=\"_wpcf7\" value=\"15331\" \/>\n<input type=\"hidden\" name=\"_wpcf7_version\" value=\"6.0.6\" \/>\n<input type=\"hidden\" name=\"_wpcf7_locale\" value=\"de_DE\" \/>\n<input type=\"hidden\" name=\"_wpcf7_unit_tag\" value=\"wpcf7-f15331-o1\" \/>\n<input type=\"hidden\" name=\"_wpcf7_container_post\" value=\"0\" \/>\n<input type=\"hidden\" name=\"_wpcf7_posted_data_hash\" value=\"\" \/>\n<\/div>\n<div class=\"contact-container\">\n    <div class=\"contact-row\">\n        <div class=\"contact-col\">\n            <label> Anrede*\n                <span class=\"wpcf7-form-control-wrap\" data-name=\"anrede\"><select class=\"wpcf7-form-control wpcf7-select wpcf7-validates-as-required\" aria-required=\"true\" aria-invalid=\"false\" name=\"anrede\"><option value=\"Herr\">Herr<\/option><option value=\"Frau\">Frau<\/option><option value=\"Divers\">Divers<\/option><\/select><\/span> <\/label>\n        <\/div>\n    <\/div>\n    <div class=\"contact-row\">\n        <div class=\"contact-col\">\n            <label> Vorname*\n                <span class=\"wpcf7-form-control-wrap\" data-name=\"first-name\"><input size=\"40\" maxlength=\"400\" class=\"wpcf7-form-control wpcf7-text wpcf7-validates-as-required\" aria-required=\"true\" aria-invalid=\"false\" value=\"\" type=\"text\" name=\"first-name\" \/><\/span> <\/label>\n        <\/div>\n        <div class=\"contact-col\">\n            <label> Nachname*\n                <span class=\"wpcf7-form-control-wrap\" data-name=\"last-name\"><input size=\"40\" maxlength=\"400\" class=\"wpcf7-form-control wpcf7-text wpcf7-validates-as-required\" aria-required=\"true\" aria-invalid=\"false\" value=\"\" type=\"text\" name=\"last-name\" \/><\/span> <\/label>\n        <\/div>\n    <\/div>\n    <div class=\"contact-row\">\n        <div class=\"contact-col\">\n            <label> E-Mailadresse*\n                <span class=\"wpcf7-form-control-wrap\" data-name=\"email-name\"><input size=\"40\" maxlength=\"400\" class=\"wpcf7-form-control wpcf7-email wpcf7-validates-as-required wpcf7-text wpcf7-validates-as-email\" aria-required=\"true\" aria-invalid=\"false\" value=\"\" type=\"email\" name=\"email-name\" \/><\/span> <\/label>\n        <\/div>\n        <div class=\"contact-col\">\n            <label> Land\n                <span class=\"wpcf7-form-control-wrap\" data-name=\"country-name\"><input size=\"40\" maxlength=\"400\" class=\"wpcf7-form-control wpcf7-text\" aria-invalid=\"false\" value=\"\" type=\"text\" name=\"country-name\" \/><\/span> <\/label>\n        <\/div>\n    <\/div>\n    <div class=\"contact-row\">\n        <div class=\"contact-col\">\n            <label> Firma*\n                <span class=\"wpcf7-form-control-wrap\" data-name=\"company-name\"><input size=\"40\" maxlength=\"400\" class=\"wpcf7-form-control wpcf7-text wpcf7-validates-as-required\" aria-required=\"true\" aria-invalid=\"false\" value=\"\" type=\"text\" name=\"company-name\" \/><\/span> <\/label>\n        <\/div>\n        <div class=\"contact-col\">\n            <label> Position*\n                <span class=\"wpcf7-form-control-wrap\" data-name=\"position-name\"><input size=\"40\" maxlength=\"400\" class=\"wpcf7-form-control wpcf7-text wpcf7-validates-as-required\" aria-required=\"true\" aria-invalid=\"false\" value=\"\" type=\"text\" name=\"position-name\" \/><\/span> <\/label>\n<\/div>\n    <\/div>\n<span class=\"wpcf7-form-control-wrap\" data-name=\"acceptance-701\"><span class=\"wpcf7-form-control wpcf7-acceptance\"><span class=\"wpcf7-list-item\"><label><input type=\"checkbox\" name=\"acceptance-701\" value=\"1\" aria-invalid=\"false\" \/><span class=\"wpcf7-list-item-label\">Mit dem Absenden erkl\u00e4re ich mich damit einverstanden, dass die MEDTRON AG meine personenbezogenen Daten, wie in der <a href=\" https:\/\/medtron-msls.zeitraum.dev\/fr\/datenschutz\/\"> Datenschutzerkl\u00e4rung <\/a> beschrieben, verarbeitet. Die MEDTRON AG wird die angegebenen Daten verwenden, um mir die angeforderten Informationen sowie weitere interessante Inhalte wie Newsletter, Webinar- und Eventeinladungen zuzusenden. Ich kann die Einwilligung jederzeit widerrufen.*<\/span><\/label><\/span><\/span><\/span>\n<\/div>\n <\/div>\n<\/div>\n<br>\n<input class=\"wpcf7-form-control wpcf7-submit has-spinner\" type=\"submit\" value=\"Einsenden\" \/><div class=\"wpcf7-response-output\" aria-hidden=\"true\"><\/div>\n<\/form>\n<\/div>\n    <\/div>\n\t\t\t\t<\/div>\n\t\t\t\t<\/div>\n\t\t\t\t\t<\/div>\n\t\t<\/div>\n\t\t\t\t\t<\/div>\n\t\t<\/section>\n\t\t\t\t<\/div>\n\t\t","protected":false},"excerpt":{"rendered":"<p>Expertenvortrag \u00ab\u00a0Neues Kontrastmittel Gadopiclenol\u00a0\u00bb Mit Dorina Petersen Sichere Dir deine Portion Extra-Wissen! Sch\u00f6n, dass Du Dich f\u00fcr unseren Expertenvortrag mit Dorina Petersen beim 105. Deutschen R\u00f6ntgenkongress interessierst! Wir m\u00f6chten den Wissensaustausch f\u00f6rdern und stellen Dir deshalb die Unterlagen zum Vortrag \u00ab\u00a0Neues Kontrastmittel Gadopiclenol\u00a0\u00bb kostenfrei zur&#8230;<\/p>\n","protected":false},"author":117,"featured_media":15327,"parent":0,"menu_order":0,"comment_status":"closed","ping_status":"closed","template":"","meta":{"_acf_changed":false,"footnotes":""},"class_list":["post-15325","page","type-page","status-publish","has-post-thumbnail","hentry"],"acf":[],"yoast_head":"<!-- This site is optimized with the Yoast SEO plugin v25.0 - https:\/\/yoast.com\/wordpress\/plugins\/seo\/ -->\n<title>Expertenvortrag beim R\u00f6ko24 mit Dorina Petersen I MEDTRON AG<\/title>\n<meta name=\"description\" content=\"Sichern Sie sich Ihre kostenfreien Unterlagen zum Expertenvortrag von MR-Expertin Dorina Petersen \u00fcber das neue Kontrastmittel Gadopiclenol\" \/>\n<meta name=\"robots\" content=\"noindex, follow, max-snippet:-1, max-image-preview:large, max-video-preview:-1\" \/>\n<meta property=\"og:locale\" content=\"fr_FR\" \/>\n<meta property=\"og:type\" content=\"article\" \/>\n<meta property=\"og:title\" content=\"Expertenvortrag beim R\u00f6ko24 mit Dorina Petersen I MEDTRON AG\" \/>\n<meta property=\"og:description\" content=\"Sichern Sie sich Ihre kostenfreien Unterlagen zum Expertenvortrag von MR-Expertin Dorina Petersen \u00fcber das neue Kontrastmittel Gadopiclenol\" \/>\n<meta property=\"og:url\" content=\"https:\/\/medtron-msls.zeitraum.dev\/fr\/expertenvortrag-2024\/\" \/>\n<meta property=\"og:site_name\" content=\"Medtron FR\" \/>\n<meta property=\"article:modified_time\" content=\"2024-05-27T08:31:42+00:00\" \/>\n<meta property=\"og:image\" content=\"https:\/\/medtron-msls.zeitraum.dev\/fr\/wp-content\/uploads\/sites\/6\/2024\/04\/Dorina_Kundenstopper_Final-scaled.jpg\" \/>\n\t<meta property=\"og:image:width\" content=\"1447\" \/>\n\t<meta property=\"og:image:height\" content=\"2048\" \/>\n\t<meta property=\"og:image:type\" content=\"image\/jpeg\" \/>\n<meta name=\"twitter:card\" content=\"summary_large_image\" \/>\n<meta name=\"twitter:label1\" content=\"Dur\u00e9e de lecture estim\u00e9e\" \/>\n\t<meta name=\"twitter:data1\" content=\"1 minute\" \/>\n<script type=\"application\/ld+json\" class=\"yoast-schema-graph\">{\"@context\":\"https:\/\/schema.org\",\"@graph\":[{\"@type\":\"WebPage\",\"@id\":\"https:\/\/medtron-msls.zeitraum.dev\/fr\/expertenvortrag-2024\/\",\"url\":\"https:\/\/medtron-msls.zeitraum.dev\/fr\/expertenvortrag-2024\/\",\"name\":\"Expertenvortrag beim R\u00f6ko24 mit Dorina Petersen I MEDTRON AG\",\"isPartOf\":{\"@id\":\"https:\/\/medtron-msls.zeitraum.dev\/fr\/#website\"},\"primaryImageOfPage\":{\"@id\":\"https:\/\/medtron-msls.zeitraum.dev\/fr\/expertenvortrag-2024\/#primaryimage\"},\"image\":{\"@id\":\"https:\/\/medtron-msls.zeitraum.dev\/fr\/expertenvortrag-2024\/#primaryimage\"},\"thumbnailUrl\":\"https:\/\/medtron-msls.zeitraum.dev\/fr\/wp-content\/uploads\/sites\/6\/2024\/04\/Dorina_Kundenstopper_Final-scaled.jpg\",\"datePublished\":\"2024-04-26T07:32:30+00:00\",\"dateModified\":\"2024-05-27T08:31:42+00:00\",\"description\":\"Sichern Sie sich Ihre kostenfreien Unterlagen zum Expertenvortrag von MR-Expertin Dorina Petersen \u00fcber das neue Kontrastmittel Gadopiclenol\",\"breadcrumb\":{\"@id\":\"https:\/\/medtron-msls.zeitraum.dev\/fr\/expertenvortrag-2024\/#breadcrumb\"},\"inLanguage\":\"fr-FR\",\"potentialAction\":[{\"@type\":\"ReadAction\",\"target\":[\"https:\/\/medtron-msls.zeitraum.dev\/fr\/expertenvortrag-2024\/\"]}]},{\"@type\":\"ImageObject\",\"inLanguage\":\"fr-FR\",\"@id\":\"https:\/\/medtron-msls.zeitraum.dev\/fr\/expertenvortrag-2024\/#primaryimage\",\"url\":\"https:\/\/medtron-msls.zeitraum.dev\/fr\/wp-content\/uploads\/sites\/6\/2024\/04\/Dorina_Kundenstopper_Final-scaled.jpg\",\"contentUrl\":\"https:\/\/medtron-msls.zeitraum.dev\/fr\/wp-content\/uploads\/sites\/6\/2024\/04\/Dorina_Kundenstopper_Final-scaled.jpg\",\"width\":1447,\"height\":2048,\"caption\":\"Expertenvortrag beim R\u00f6ko24 mit Dorina Petersen\"},{\"@type\":\"BreadcrumbList\",\"@id\":\"https:\/\/medtron-msls.zeitraum.dev\/fr\/expertenvortrag-2024\/#breadcrumb\",\"itemListElement\":[{\"@type\":\"ListItem\",\"position\":1,\"name\":\"Startseite\",\"item\":\"https:\/\/medtron-msls.zeitraum.dev\/fr\/\"},{\"@type\":\"ListItem\",\"position\":2,\"name\":\"Expertenvortrag mit Dorina Petersen\"}]},{\"@type\":\"WebSite\",\"@id\":\"https:\/\/medtron-msls.zeitraum.dev\/fr\/#website\",\"url\":\"https:\/\/medtron-msls.zeitraum.dev\/fr\/\",\"name\":\"Medtron FR\",\"description\":\"Herzlich Willkommen\",\"potentialAction\":[{\"@type\":\"SearchAction\",\"target\":{\"@type\":\"EntryPoint\",\"urlTemplate\":\"https:\/\/medtron-msls.zeitraum.dev\/fr\/?s={search_term_string}\"},\"query-input\":{\"@type\":\"PropertyValueSpecification\",\"valueRequired\":true,\"valueName\":\"search_term_string\"}}],\"inLanguage\":\"fr-FR\"}]}<\/script>\n<!-- \/ Yoast SEO plugin. -->","yoast_head_json":{"title":"Expertenvortrag beim R\u00f6ko24 mit Dorina Petersen I MEDTRON AG","description":"Sichern Sie sich Ihre kostenfreien Unterlagen zum Expertenvortrag von MR-Expertin Dorina Petersen \u00fcber das neue Kontrastmittel Gadopiclenol","robots":{"index":"noindex","follow":"follow","max-snippet":"max-snippet:-1","max-image-preview":"max-image-preview:large","max-video-preview":"max-video-preview:-1"},"og_locale":"fr_FR","og_type":"article","og_title":"Expertenvortrag beim R\u00f6ko24 mit Dorina Petersen I MEDTRON AG","og_description":"Sichern Sie sich Ihre kostenfreien Unterlagen zum Expertenvortrag von MR-Expertin Dorina Petersen \u00fcber das neue Kontrastmittel Gadopiclenol","og_url":"https:\/\/medtron-msls.zeitraum.dev\/fr\/expertenvortrag-2024\/","og_site_name":"Medtron FR","article_modified_time":"2024-05-27T08:31:42+00:00","og_image":[{"width":1447,"height":2048,"url":"https:\/\/medtron-msls.zeitraum.dev\/fr\/wp-content\/uploads\/sites\/6\/2024\/04\/Dorina_Kundenstopper_Final-scaled.jpg","type":"image\/jpeg"}],"twitter_card":"summary_large_image","twitter_misc":{"Dur\u00e9e de lecture estim\u00e9e":"1 minute"},"schema":{"@context":"https:\/\/schema.org","@graph":[{"@type":"WebPage","@id":"https:\/\/medtron-msls.zeitraum.dev\/fr\/expertenvortrag-2024\/","url":"https:\/\/medtron-msls.zeitraum.dev\/fr\/expertenvortrag-2024\/","name":"Expertenvortrag beim R\u00f6ko24 mit Dorina Petersen I MEDTRON AG","isPartOf":{"@id":"https:\/\/medtron-msls.zeitraum.dev\/fr\/#website"},"primaryImageOfPage":{"@id":"https:\/\/medtron-msls.zeitraum.dev\/fr\/expertenvortrag-2024\/#primaryimage"},"image":{"@id":"https:\/\/medtron-msls.zeitraum.dev\/fr\/expertenvortrag-2024\/#primaryimage"},"thumbnailUrl":"https:\/\/medtron-msls.zeitraum.dev\/fr\/wp-content\/uploads\/sites\/6\/2024\/04\/Dorina_Kundenstopper_Final-scaled.jpg","datePublished":"2024-04-26T07:32:30+00:00","dateModified":"2024-05-27T08:31:42+00:00","description":"Sichern Sie sich Ihre kostenfreien Unterlagen zum Expertenvortrag von MR-Expertin Dorina Petersen \u00fcber das neue Kontrastmittel Gadopiclenol","breadcrumb":{"@id":"https:\/\/medtron-msls.zeitraum.dev\/fr\/expertenvortrag-2024\/#breadcrumb"},"inLanguage":"fr-FR","potentialAction":[{"@type":"ReadAction","target":["https:\/\/medtron-msls.zeitraum.dev\/fr\/expertenvortrag-2024\/"]}]},{"@type":"ImageObject","inLanguage":"fr-FR","@id":"https:\/\/medtron-msls.zeitraum.dev\/fr\/expertenvortrag-2024\/#primaryimage","url":"https:\/\/medtron-msls.zeitraum.dev\/fr\/wp-content\/uploads\/sites\/6\/2024\/04\/Dorina_Kundenstopper_Final-scaled.jpg","contentUrl":"https:\/\/medtron-msls.zeitraum.dev\/fr\/wp-content\/uploads\/sites\/6\/2024\/04\/Dorina_Kundenstopper_Final-scaled.jpg","width":1447,"height":2048,"caption":"Expertenvortrag beim R\u00f6ko24 mit Dorina Petersen"},{"@type":"BreadcrumbList","@id":"https:\/\/medtron-msls.zeitraum.dev\/fr\/expertenvortrag-2024\/#breadcrumb","itemListElement":[{"@type":"ListItem","position":1,"name":"Startseite","item":"https:\/\/medtron-msls.zeitraum.dev\/fr\/"},{"@type":"ListItem","position":2,"name":"Expertenvortrag mit Dorina Petersen"}]},{"@type":"WebSite","@id":"https:\/\/medtron-msls.zeitraum.dev\/fr\/#website","url":"https:\/\/medtron-msls.zeitraum.dev\/fr\/","name":"Medtron FR","description":"Herzlich Willkommen","potentialAction":[{"@type":"SearchAction","target":{"@type":"EntryPoint","urlTemplate":"https:\/\/medtron-msls.zeitraum.dev\/fr\/?s={search_term_string}"},"query-input":{"@type":"PropertyValueSpecification","valueRequired":true,"valueName":"search_term_string"}}],"inLanguage":"fr-FR"}]}},"_links":{"self":[{"href":"https:\/\/medtron-msls.zeitraum.dev\/fr\/wp-json\/wp\/v2\/pages\/15325","targetHints":{"allow":["GET"]}}],"collection":[{"href":"https:\/\/medtron-msls.zeitraum.dev\/fr\/wp-json\/wp\/v2\/pages"}],"about":[{"href":"https:\/\/medtron-msls.zeitraum.dev\/fr\/wp-json\/wp\/v2\/types\/page"}],"author":[{"embeddable":true,"href":"https:\/\/medtron-msls.zeitraum.dev\/fr\/wp-json\/wp\/v2\/users\/117"}],"replies":[{"embeddable":true,"href":"https:\/\/medtron-msls.zeitraum.dev\/fr\/wp-json\/wp\/v2\/comments?post=15325"}],"version-history":[{"count":0,"href":"https:\/\/medtron-msls.zeitraum.dev\/fr\/wp-json\/wp\/v2\/pages\/15325\/revisions"}],"wp:featuredmedia":[{"embeddable":true,"href":"https:\/\/medtron-msls.zeitraum.dev\/fr\/wp-json\/wp\/v2\/media\/15327"}],"wp:attachment":[{"href":"https:\/\/medtron-msls.zeitraum.dev\/fr\/wp-json\/wp\/v2\/media?parent=15325"}],"curies":[{"name":"wp","href":"https:\/\/api.w.org\/{rel}","templated":true}]}}