{"id":1554,"date":"2021-10-25T12:53:12","date_gmt":"2021-10-25T10:53:12","guid":{"rendered":"https:\/\/medtronv2.bluealpha.de\/?page_id=1554"},"modified":"2022-12-10T11:55:31","modified_gmt":"2022-12-10T09:55:31","slug":"zubehoer","status":"publish","type":"page","link":"https:\/\/medtron-msls.zeitraum.dev\/zh\/verbrauchsmaterial\/zubehoer\/","title":{"rendered":"Zubeh\u00f6r"},"content":{"rendered":"\t\t<div data-elementor-type=\"wp-page\" data-elementor-id=\"1554\" class=\"elementor elementor-1554\">\n\t\t\t\t\t\t<section class=\"elementor-section elementor-top-section elementor-element elementor-element-3bd2fa8b content-block full-width elementor-section-boxed elementor-section-height-default elementor-section-height-default parallax_section_no qode_elementor_container_no\" data-id=\"3bd2fa8b\" data-element_type=\"section\">\n\t\t\t\t\t\t<div class=\"elementor-container elementor-column-gap-default\">\n\t\t\t\t\t<div class=\"elementor-column elementor-col-100 elementor-top-column elementor-element elementor-element-45f91b44\" data-id=\"45f91b44\" data-element_type=\"column\">\n\t\t\t<div class=\"elementor-widget-wrap elementor-element-populated\">\n\t\t\t\t\t\t<section class=\"elementor-section elementor-inner-section elementor-element elementor-element-3d861022 elementor-section-boxed elementor-section-height-default elementor-section-height-default parallax_section_no qode_elementor_container_no\" data-id=\"3d861022\" data-element_type=\"section\">\n\t\t\t\t\t\t<div class=\"elementor-container elementor-column-gap-default\">\n\t\t\t\t\t<div class=\"elementor-column elementor-col-100 elementor-inner-column elementor-element elementor-element-2a7dc9a5\" data-id=\"2a7dc9a5\" data-element_type=\"column\">\n\t\t\t<div class=\"elementor-widget-wrap elementor-element-populated\">\n\t\t\t\t\t\t<div class=\"elementor-element elementor-element-41106445 elementor-widget elementor-widget-heading\" data-id=\"41106445\" data-element_type=\"widget\" data-widget_type=\"heading.default\">\n\t\t\t\t<div class=\"elementor-widget-container\">\n\t\t\t\t\t<h1 class=\"elementor-heading-title elementor-size-default\">Zubeh\u00f6r<\/h1>\t\t\t\t<\/div>\n\t\t\t\t<\/div>\n\t\t\t\t<div class=\"elementor-element elementor-element-79230b0e elementor-widget elementor-widget-text-editor\" data-id=\"79230b0e\" data-element_type=\"widget\" data-widget_type=\"text-editor.default\">\n\t\t\t\t<div class=\"elementor-widget-container\">\n\t\t\t\t\t\t\t\t\t<h2 class=\"magenta_small\">Verbrauchsmaterial<\/h2>\t\t\t\t\t\t\t\t<\/div>\n\t\t\t\t<\/div>\n\t\t\t\t\t<\/div>\n\t\t<\/div>\n\t\t\t\t\t<\/div>\n\t\t<\/section>\n\t\t\t\t\t<\/div>\n\t\t<\/div>\n\t\t\t\t\t<\/div>\n\t\t<\/section>\n\t\t\t\t<section class=\"elementor-section elementor-top-section elementor-element elementor-element-ed8b207 elementor-section-boxed elementor-section-height-default elementor-section-height-default parallax_section_no qode_elementor_container_no\" data-id=\"ed8b207\" data-element_type=\"section\">\n\t\t\t\t\t\t<div class=\"elementor-container elementor-column-gap-default\">\n\t\t\t\t\t<div class=\"elementor-column elementor-col-100 elementor-top-column elementor-element elementor-element-9a5a9bb\" data-id=\"9a5a9bb\" data-element_type=\"column\">\n\t\t\t<div class=\"elementor-widget-wrap elementor-element-populated\">\n\t\t\t\t\t\t<div class=\"elementor-element elementor-element-18eac33 elementor-widget elementor-widget-text-editor\" data-id=\"18eac33\" data-element_type=\"widget\" data-widget_type=\"text-editor.default\">\n\t\t\t\t<div class=\"elementor-widget-container\">\n\t\t\t\t\t\t\t\t\t<p>Unsere Auswahl an Zubeh\u00f6r macht die Kontrastmittelinjektion mit MEDTRON Verbrauchsmaterialien noch einfacher. F\u00fcr die sichere Entnahme von Kontrastmittel und Kochsalzl\u00f6sung haben wir Spikes mit Bel\u00fcftung und Minispikes im Angebot. Mit unserem Einwegehahn und den Dreiwegeh\u00e4hnen in diversen Ausf\u00fchrungen kann die Durchleitung der Fl\u00fcssigkeiten bei der Kontrastmittelinjektion flexibel zu- und abgeschaltet werden. F\u00fcr die Hochdruckinjektion in der Angiographie bieten wir einen darauf spezialisierten Dreiwegehahn.<\/p>\t\t\t\t\t\t\t\t<\/div>\n\t\t\t\t<\/div>\n\t\t\t\t\t<\/div>\n\t\t<\/div>\n\t\t\t\t\t<\/div>\n\t\t<\/section>\n\t\t\t\t<section class=\"elementor-section elementor-top-section elementor-element elementor-element-3f6a696 elementor-section-boxed elementor-section-height-default elementor-section-height-default parallax_section_no qode_elementor_container_no\" data-id=\"3f6a696\" data-element_type=\"section\">\n\t\t\t\t\t\t<div class=\"elementor-container elementor-column-gap-default\">\n\t\t\t\t\t<div class=\"elementor-column elementor-col-100 elementor-top-column elementor-element elementor-element-9c5e3b0\" data-id=\"9c5e3b0\" data-element_type=\"column\">\n\t\t\t<div class=\"elementor-widget-wrap elementor-element-populated\">\n\t\t\t\t\t\t<div class=\"elementor-element elementor-element-215ee5d elementor-widget elementor-widget-bridge_portfolio_list\" data-id=\"215ee5d\" data-element_type=\"widget\" data-widget_type=\"bridge_portfolio_list.default\">\n\t\t\t\t<div class=\"elementor-widget-container\">\n\t\t\t\t\t<div class='projects_holder_outer v4 portfolio_with_space portfolio_standard'>\n        <div class='projects_holder portfolio_main_holder clearfix v4 standard portfolio_full_image portfolio_one_by_one'>\n        \n        <article class='mix portfolio_category_4 portfolio_category_25 portfolio_category_8 portfolio_category_89 default' style=''>\n    \n    \n    \n    \n            <div class=\"item_holder thin_plus_only\">\n\n                    <div class=\"text_holder\">\n        <div class=\"text_holder_outer\">\n            <div class=\"text_holder_inner\">\n                            <span class=\"thin_plus_only_icon\">+<\/span>\n                        <\/div>\n        <\/div>\n    <\/div>\n\n                                    <a itemprop=\"url\" class=\"portfolio_link_class\" title=\"Spike mit Bel\u00fcftung MU 314095-100\" href=\"https:\/\/medtron-msls.zeitraum.dev\/zh\/blog\/verbrauchsmaterial\/detail\/spike-mit-belueftung-mu\/\"><\/a>\n                \n                <div style=\"background-color: #7070704D\" class=\"portfolio_shader\"><\/div>\n                <div class=\"image_holder\">\n                    \n<span class='image'><img fetchpriority=\"high\" decoding=\"async\" width=\"963\" height=\"700\" src=\"https:\/\/medtron-msls.zeitraum.dev\/zh\/wp-content\/uploads\/sites\/5\/2021\/10\/Spike-319095_963x700-1.png\" class=\"attachment-full size-full wp-post-image\" alt=\"Spike mit Bel\u00fcftung, Verbrauchsmaterial f\u00fcr eine Mehrfachverwendung f\u00fcr CT und MRT zum Einsatz im Rahmen des Day-Safe-Systems\" srcset=\"https:\/\/medtron-msls.zeitraum.dev\/zh\/wp-content\/uploads\/sites\/5\/2021\/10\/Spike-319095_963x700-1.png 963w, https:\/\/medtron-msls.zeitraum.dev\/zh\/wp-content\/uploads\/sites\/5\/2021\/10\/Spike-319095_963x700-1-300x218.png 300w, https:\/\/medtron-msls.zeitraum.dev\/zh\/wp-content\/uploads\/sites\/5\/2021\/10\/Spike-319095_963x700-1-768x558.png 768w, https:\/\/medtron-msls.zeitraum.dev\/zh\/wp-content\/uploads\/sites\/5\/2021\/10\/Spike-319095_963x700-1-18x12.png 18w, https:\/\/medtron-msls.zeitraum.dev\/zh\/wp-content\/uploads\/sites\/5\/2021\/10\/Spike-319095_963x700-1-700x509.png 700w\" sizes=\"(max-width: 963px) 100vw, 963px\" \/><\/span>                <\/div>\n            <\/div>\n\n                <div class='portfolio_description text_align_center' style=background-color:#FFFFFF;'>\n\n        \n    <h4 itemprop=\"name\" class=\"portfolio_title entry_title\"><a itemprop=\"url\" href=\"https:\/\/medtron-msls.zeitraum.dev\/zh\/blog\/verbrauchsmaterial\/detail\/spike-mit-belueftung-mu\/\"  target=\"_self\"> Spike mit Bel\u00fcftung MU 314095-100<\/a><\/h4>\n\n\n        \n            <span class=\"project_category\" style=\"color: #FFFFFF\" >\n    CT, Day Safe System, MR, Zubeh\u00f6r    <\/span>\n\n    <\/div>\n\n        \n<\/article>\n<article class='mix portfolio_category_103 portfolio_category_16 portfolio_category_89 default' style=''>\n    \n    \n    \n    \n            <div class=\"item_holder thin_plus_only\">\n\n                    <div class=\"text_holder\">\n        <div class=\"text_holder_outer\">\n            <div class=\"text_holder_inner\">\n                            <span class=\"thin_plus_only_icon\">+<\/span>\n                        <\/div>\n        <\/div>\n    <\/div>\n\n                                    <a itemprop=\"url\" class=\"portfolio_link_class\" title=\"HDW 526 Hochdruck Dreiwegehahn 315087-100\" href=\"https:\/\/medtron-msls.zeitraum.dev\/zh\/blog\/verbrauchsmaterial\/detail\/hdw-526-hochdruck-dreiwegehahn\/\"><\/a>\n                \n                <div style=\"background-color: #7070704D\" class=\"portfolio_shader\"><\/div>\n                <div class=\"image_holder\">\n                    \n<span class='image'><img decoding=\"async\" width=\"963\" height=\"700\" src=\"https:\/\/medtron-msls.zeitraum.dev\/zh\/wp-content\/uploads\/sites\/5\/2021\/10\/315087-100-901.jpg\" class=\"attachment-full size-full wp-post-image\" alt=\"HDW 526 Hochdruck Dreiwegehahn, Verbrauchsmaterial f\u00fcr Angiographie\" srcset=\"https:\/\/medtron-msls.zeitraum.dev\/zh\/wp-content\/uploads\/sites\/5\/2021\/10\/315087-100-901.jpg 963w, https:\/\/medtron-msls.zeitraum.dev\/zh\/wp-content\/uploads\/sites\/5\/2021\/10\/315087-100-901-300x218.jpg 300w, https:\/\/medtron-msls.zeitraum.dev\/zh\/wp-content\/uploads\/sites\/5\/2021\/10\/315087-100-901-768x558.jpg 768w, https:\/\/medtron-msls.zeitraum.dev\/zh\/wp-content\/uploads\/sites\/5\/2021\/10\/315087-100-901-700x509.jpg 700w\" sizes=\"(max-width: 963px) 100vw, 963px\" \/><\/span>                <\/div>\n            <\/div>\n\n                <div class='portfolio_description text_align_center' style=background-color:#FFFFFF;'>\n\n        \n    <h4 itemprop=\"name\" class=\"portfolio_title entry_title\"><a itemprop=\"url\" href=\"https:\/\/medtron-msls.zeitraum.dev\/zh\/blog\/verbrauchsmaterial\/detail\/hdw-526-hochdruck-dreiwegehahn\/\"  target=\"_self\"> HDW 526 Hochdruck Dreiwegehahn 315087-100<\/a><\/h4>\n\n\n        \n            <span class=\"project_category\" style=\"color: #FFFFFF\" >\n    Einmalgebrauch, HP, Zubeh\u00f6r    <\/span>\n\n    <\/div>\n\n        \n<\/article>\n<article class='mix portfolio_category_4 portfolio_category_103 portfolio_category_8 portfolio_category_89 default' style=''>\n    \n    \n    \n    \n            <div class=\"item_holder thin_plus_only\">\n\n                    <div class=\"text_holder\">\n        <div class=\"text_holder_outer\">\n            <div class=\"text_holder_inner\">\n                            <span class=\"thin_plus_only_icon\">+<\/span>\n                        <\/div>\n        <\/div>\n    <\/div>\n\n                                    <a itemprop=\"url\" class=\"portfolio_link_class\" title=\"DW 229 Patientenanschluss mit Dreiwegehahn 318042-100\" href=\"https:\/\/medtron-msls.zeitraum.dev\/zh\/blog\/verbrauchsmaterial\/detail\/dw-229-patientenanschluss-mit-dreiwegehahn\/\"><\/a>\n                \n                <div style=\"background-color: #7070704D\" class=\"portfolio_shader\"><\/div>\n                <div class=\"image_holder\">\n                    \n<span class='image'><img decoding=\"async\" width=\"1920\" height=\"1400\" src=\"https:\/\/medtron-msls.zeitraum.dev\/zh\/wp-content\/uploads\/sites\/5\/2021\/10\/318042-100.jpg\" class=\"attachment-full size-full wp-post-image\" alt=\"DW 229 Patientenanschluss mit Dreiwegehahn, Verbrauchsmaterial f\u00fcr CT und MRT\" srcset=\"https:\/\/medtron-msls.zeitraum.dev\/zh\/wp-content\/uploads\/sites\/5\/2021\/10\/318042-100.jpg 1920w, https:\/\/medtron-msls.zeitraum.dev\/zh\/wp-content\/uploads\/sites\/5\/2021\/10\/318042-100-300x219.jpg 300w, https:\/\/medtron-msls.zeitraum.dev\/zh\/wp-content\/uploads\/sites\/5\/2021\/10\/318042-100-1024x747.jpg 1024w, https:\/\/medtron-msls.zeitraum.dev\/zh\/wp-content\/uploads\/sites\/5\/2021\/10\/318042-100-768x560.jpg 768w, https:\/\/medtron-msls.zeitraum.dev\/zh\/wp-content\/uploads\/sites\/5\/2021\/10\/318042-100-1536x1120.jpg 1536w, https:\/\/medtron-msls.zeitraum.dev\/zh\/wp-content\/uploads\/sites\/5\/2021\/10\/318042-100-16x12.jpg 16w, https:\/\/medtron-msls.zeitraum.dev\/zh\/wp-content\/uploads\/sites\/5\/2021\/10\/318042-100-700x510.jpg 700w\" sizes=\"(max-width: 1920px) 100vw, 1920px\" \/><\/span>                <\/div>\n            <\/div>\n\n                <div class='portfolio_description text_align_center' style=background-color:#FFFFFF;'>\n\n        \n    <h4 itemprop=\"name\" class=\"portfolio_title entry_title\"><a itemprop=\"url\" href=\"https:\/\/medtron-msls.zeitraum.dev\/zh\/blog\/verbrauchsmaterial\/detail\/dw-229-patientenanschluss-mit-dreiwegehahn\/\"  target=\"_self\"> DW 229 Patientenanschluss mit Dreiwegehahn 318042-100<\/a><\/h4>\n\n\n        \n            <span class=\"project_category\" style=\"color: #FFFFFF\" >\n    CT, Einmalgebrauch, MR, Zubeh\u00f6r    <\/span>\n\n    <\/div>\n\n        \n<\/article>\n<article class='mix portfolio_category_4 portfolio_category_103 portfolio_category_8 portfolio_category_89 default' style=''>\n    \n    \n    \n    \n            <div class=\"item_holder thin_plus_only\">\n\n                    <div class=\"text_holder\">\n        <div class=\"text_holder_outer\">\n            <div class=\"text_holder_inner\">\n                            <span class=\"thin_plus_only_icon\">+<\/span>\n                        <\/div>\n        <\/div>\n    <\/div>\n\n                                    <a itemprop=\"url\" class=\"portfolio_link_class\" title=\"Minispike, gr\u00fcn, Luer Lock 319099-100\" href=\"https:\/\/medtron-msls.zeitraum.dev\/zh\/blog\/verbrauchsmaterial\/detail\/minispike-gruen-luer-lock\/\"><\/a>\n                \n                <div style=\"background-color: #7070704D\" class=\"portfolio_shader\"><\/div>\n                <div class=\"image_holder\">\n                    \n<span class='image'><img loading=\"lazy\" decoding=\"async\" width=\"963\" height=\"700\" src=\"https:\/\/medtron-msls.zeitraum.dev\/zh\/wp-content\/uploads\/sites\/5\/2021\/10\/Spike-319099_963x700.png\" class=\"attachment-full size-full wp-post-image\" alt=\"Minispike gr\u00fcn mit Luer Lock, Verbrauchsmaterial f\u00fcr CT, MRT und Angiographie\" srcset=\"https:\/\/medtron-msls.zeitraum.dev\/zh\/wp-content\/uploads\/sites\/5\/2021\/10\/Spike-319099_963x700.png 963w, https:\/\/medtron-msls.zeitraum.dev\/zh\/wp-content\/uploads\/sites\/5\/2021\/10\/Spike-319099_963x700-300x218.png 300w, https:\/\/medtron-msls.zeitraum.dev\/zh\/wp-content\/uploads\/sites\/5\/2021\/10\/Spike-319099_963x700-768x558.png 768w, https:\/\/medtron-msls.zeitraum.dev\/zh\/wp-content\/uploads\/sites\/5\/2021\/10\/Spike-319099_963x700-18x12.png 18w, https:\/\/medtron-msls.zeitraum.dev\/zh\/wp-content\/uploads\/sites\/5\/2021\/10\/Spike-319099_963x700-700x509.png 700w\" sizes=\"(max-width: 963px) 100vw, 963px\" \/><\/span>                <\/div>\n            <\/div>\n\n                <div class='portfolio_description text_align_center' style=background-color:#FFFFFF;'>\n\n        \n    <h4 itemprop=\"name\" class=\"portfolio_title entry_title\"><a itemprop=\"url\" href=\"https:\/\/medtron-msls.zeitraum.dev\/zh\/blog\/verbrauchsmaterial\/detail\/minispike-gruen-luer-lock\/\"  target=\"_self\"> Minispike, gr\u00fcn, Luer Lock 319099-100<\/a><\/h4>\n\n\n        \n            <span class=\"project_category\" style=\"color: #FFFFFF\" >\n    CT, Einmalgebrauch, MR, Zubeh\u00f6r    <\/span>\n\n    <\/div>\n\n        \n<\/article>\n        <div class='filler'><\/div>\n            <div class='filler'><\/div>\n            <div class='filler'><\/div>\n            <div class='filler'><\/div>\n        <\/div>\n\n    \n    <\/div>\t\t\t\t<\/div>\n\t\t\t\t<\/div>\n\t\t\t\t\t<\/div>\n\t\t<\/div>\n\t\t\t\t\t<\/div>\n\t\t<\/section>\n\t\t\t\t<\/div>\n\t\t","protected":false},"excerpt":{"rendered":"<p>Zubeh\u00f6r Verbrauchsmaterial Unsere Auswahl an &#8230;<\/p>\n","protected":false},"author":1,"featured_media":10914,"parent":1483,"menu_order":6,"comment_status":"closed","ping_status":"closed","template":"","meta":{"_acf_changed":false,"footnotes":""},"class_list":["post-1554","page","type-page","status-publish","has-post-thumbnail","hentry"],"acf":[],"yoast_head":"<!-- This site is optimized with the Yoast SEO plugin v25.0 - https:\/\/yoast.com\/wordpress\/plugins\/seo\/ -->\n<title>Zubeh\u00f6r - Verbrauchsmaterial | MEDTRON AG<\/title>\n<meta name=\"description\" content=\"Zubeh\u00f6r - Verbrauchsmaterial f\u00fcr Injektoren \u2713 Dreiwegehahn \u2713 Minispike \u2713 Spike mit Bel\u00fcftung \u2713 Minispike Luer Lock \u2713 Einweghahn | MEDTRON AG\" \/>\n<meta name=\"robots\" content=\"noindex, follow, max-snippet:-1, max-image-preview:large, max-video-preview:-1\" \/>\n<meta property=\"og:locale\" content=\"zh_CN\" \/>\n<meta property=\"og:type\" content=\"article\" \/>\n<meta property=\"og:title\" content=\"Zubeh\u00f6r - Verbrauchsmaterial | MEDTRON AG\" \/>\n<meta property=\"og:description\" content=\"Zubeh\u00f6r - Verbrauchsmaterial f\u00fcr Injektoren \u2713 Dreiwegehahn \u2713 Minispike \u2713 Spike mit Bel\u00fcftung \u2713 Minispike Luer Lock \u2713 Einweghahn | MEDTRON AG\" \/>\n<meta property=\"og:url\" content=\"https:\/\/medtron-msls.zeitraum.dev\/zh\/verbrauchsmaterial\/zubehoer\/\" \/>\n<meta property=\"og:site_name\" content=\"Medtron ZH\" \/>\n<meta property=\"article:modified_time\" content=\"2022-12-10T09:55:31+00:00\" \/>\n<meta property=\"og:image\" content=\"https:\/\/medtron-msls.zeitraum.dev\/zh\/wp-content\/uploads\/sites\/5\/2022\/09\/Verbrauchsmaterial-Zubehoer-Medtron-AG.jpg\" \/>\n\t<meta property=\"og:image:width\" content=\"963\" \/>\n\t<meta property=\"og:image:height\" content=\"700\" \/>\n\t<meta property=\"og:image:type\" content=\"image\/jpeg\" \/>\n<meta name=\"twitter:card\" content=\"summary_large_image\" \/>\n<script type=\"application\/ld+json\" class=\"yoast-schema-graph\">{\"@context\":\"https:\/\/schema.org\",\"@graph\":[{\"@type\":\"WebPage\",\"@id\":\"https:\/\/medtron-msls.zeitraum.dev\/zh\/verbrauchsmaterial\/zubehoer\/\",\"url\":\"https:\/\/medtron-msls.zeitraum.dev\/zh\/verbrauchsmaterial\/zubehoer\/\",\"name\":\"Zubeh\u00f6r - Verbrauchsmaterial | MEDTRON AG\",\"isPartOf\":{\"@id\":\"https:\/\/medtron-msls.zeitraum.dev\/zh\/#website\"},\"primaryImageOfPage\":{\"@id\":\"https:\/\/medtron-msls.zeitraum.dev\/zh\/verbrauchsmaterial\/zubehoer\/#primaryimage\"},\"image\":{\"@id\":\"https:\/\/medtron-msls.zeitraum.dev\/zh\/verbrauchsmaterial\/zubehoer\/#primaryimage\"},\"thumbnailUrl\":\"https:\/\/medtron-msls.zeitraum.dev\/zh\/wp-content\/uploads\/sites\/5\/2022\/09\/Verbrauchsmaterial-Zubehoer-Medtron-AG.jpg\",\"datePublished\":\"2021-10-25T10:53:12+00:00\",\"dateModified\":\"2022-12-10T09:55:31+00:00\",\"description\":\"Zubeh\u00f6r - Verbrauchsmaterial f\u00fcr Injektoren \u2713 Dreiwegehahn \u2713 Minispike \u2713 Spike mit Bel\u00fcftung \u2713 Minispike Luer Lock \u2713 Einweghahn | MEDTRON AG\",\"breadcrumb\":{\"@id\":\"https:\/\/medtron-msls.zeitraum.dev\/zh\/verbrauchsmaterial\/zubehoer\/#breadcrumb\"},\"inLanguage\":\"zh-Hans\",\"potentialAction\":[{\"@type\":\"ReadAction\",\"target\":[\"https:\/\/medtron-msls.zeitraum.dev\/zh\/verbrauchsmaterial\/zubehoer\/\"]}]},{\"@type\":\"ImageObject\",\"inLanguage\":\"zh-Hans\",\"@id\":\"https:\/\/medtron-msls.zeitraum.dev\/zh\/verbrauchsmaterial\/zubehoer\/#primaryimage\",\"url\":\"https:\/\/medtron-msls.zeitraum.dev\/zh\/wp-content\/uploads\/sites\/5\/2022\/09\/Verbrauchsmaterial-Zubehoer-Medtron-AG.jpg\",\"contentUrl\":\"https:\/\/medtron-msls.zeitraum.dev\/zh\/wp-content\/uploads\/sites\/5\/2022\/09\/Verbrauchsmaterial-Zubehoer-Medtron-AG.jpg\",\"width\":963,\"height\":700,\"caption\":\"Verbrauchsmaterial Zubeh\u00f6r\"},{\"@type\":\"BreadcrumbList\",\"@id\":\"https:\/\/medtron-msls.zeitraum.dev\/zh\/verbrauchsmaterial\/zubehoer\/#breadcrumb\",\"itemListElement\":[{\"@type\":\"ListItem\",\"position\":1,\"name\":\"Startseite\",\"item\":\"https:\/\/medtron-msls.zeitraum.dev\/zh\/\"},{\"@type\":\"ListItem\",\"position\":2,\"name\":\"Verbrauchsmaterial\",\"item\":\"https:\/\/medtron-msls.zeitraum.dev\/zh\/verbrauchsmaterial\/\"},{\"@type\":\"ListItem\",\"position\":3,\"name\":\"Zubeh\u00f6r\"}]},{\"@type\":\"WebSite\",\"@id\":\"https:\/\/medtron-msls.zeitraum.dev\/zh\/#website\",\"url\":\"https:\/\/medtron-msls.zeitraum.dev\/zh\/\",\"name\":\"Medtron ZH\",\"description\":\"Herzlich Willkommen\",\"potentialAction\":[{\"@type\":\"SearchAction\",\"target\":{\"@type\":\"EntryPoint\",\"urlTemplate\":\"https:\/\/medtron-msls.zeitraum.dev\/zh\/?s={search_term_string}\"},\"query-input\":{\"@type\":\"PropertyValueSpecification\",\"valueRequired\":true,\"valueName\":\"search_term_string\"}}],\"inLanguage\":\"zh-Hans\"}]}<\/script>\n<!-- \/ Yoast SEO plugin. -->","yoast_head_json":{"title":"Zubeh\u00f6r - Verbrauchsmaterial | MEDTRON AG","description":"Zubeh\u00f6r - Verbrauchsmaterial f\u00fcr Injektoren \u2713 Dreiwegehahn \u2713 Minispike \u2713 Spike mit Bel\u00fcftung \u2713 Minispike Luer Lock \u2713 Einweghahn | MEDTRON AG","robots":{"index":"noindex","follow":"follow","max-snippet":"max-snippet:-1","max-image-preview":"max-image-preview:large","max-video-preview":"max-video-preview:-1"},"og_locale":"zh_CN","og_type":"article","og_title":"Zubeh\u00f6r - Verbrauchsmaterial | MEDTRON AG","og_description":"Zubeh\u00f6r - Verbrauchsmaterial f\u00fcr Injektoren \u2713 Dreiwegehahn \u2713 Minispike \u2713 Spike mit Bel\u00fcftung \u2713 Minispike Luer Lock \u2713 Einweghahn | MEDTRON AG","og_url":"https:\/\/medtron-msls.zeitraum.dev\/zh\/verbrauchsmaterial\/zubehoer\/","og_site_name":"Medtron ZH","article_modified_time":"2022-12-10T09:55:31+00:00","og_image":[{"width":963,"height":700,"url":"https:\/\/medtron-msls.zeitraum.dev\/zh\/wp-content\/uploads\/sites\/5\/2022\/09\/Verbrauchsmaterial-Zubehoer-Medtron-AG.jpg","type":"image\/jpeg"}],"twitter_card":"summary_large_image","schema":{"@context":"https:\/\/schema.org","@graph":[{"@type":"WebPage","@id":"https:\/\/medtron-msls.zeitraum.dev\/zh\/verbrauchsmaterial\/zubehoer\/","url":"https:\/\/medtron-msls.zeitraum.dev\/zh\/verbrauchsmaterial\/zubehoer\/","name":"Zubeh\u00f6r - Verbrauchsmaterial | MEDTRON AG","isPartOf":{"@id":"https:\/\/medtron-msls.zeitraum.dev\/zh\/#website"},"primaryImageOfPage":{"@id":"https:\/\/medtron-msls.zeitraum.dev\/zh\/verbrauchsmaterial\/zubehoer\/#primaryimage"},"image":{"@id":"https:\/\/medtron-msls.zeitraum.dev\/zh\/verbrauchsmaterial\/zubehoer\/#primaryimage"},"thumbnailUrl":"https:\/\/medtron-msls.zeitraum.dev\/zh\/wp-content\/uploads\/sites\/5\/2022\/09\/Verbrauchsmaterial-Zubehoer-Medtron-AG.jpg","datePublished":"2021-10-25T10:53:12+00:00","dateModified":"2022-12-10T09:55:31+00:00","description":"Zubeh\u00f6r - Verbrauchsmaterial f\u00fcr Injektoren \u2713 Dreiwegehahn \u2713 Minispike \u2713 Spike mit Bel\u00fcftung \u2713 Minispike Luer Lock \u2713 Einweghahn | MEDTRON AG","breadcrumb":{"@id":"https:\/\/medtron-msls.zeitraum.dev\/zh\/verbrauchsmaterial\/zubehoer\/#breadcrumb"},"inLanguage":"zh-Hans","potentialAction":[{"@type":"ReadAction","target":["https:\/\/medtron-msls.zeitraum.dev\/zh\/verbrauchsmaterial\/zubehoer\/"]}]},{"@type":"ImageObject","inLanguage":"zh-Hans","@id":"https:\/\/medtron-msls.zeitraum.dev\/zh\/verbrauchsmaterial\/zubehoer\/#primaryimage","url":"https:\/\/medtron-msls.zeitraum.dev\/zh\/wp-content\/uploads\/sites\/5\/2022\/09\/Verbrauchsmaterial-Zubehoer-Medtron-AG.jpg","contentUrl":"https:\/\/medtron-msls.zeitraum.dev\/zh\/wp-content\/uploads\/sites\/5\/2022\/09\/Verbrauchsmaterial-Zubehoer-Medtron-AG.jpg","width":963,"height":700,"caption":"Verbrauchsmaterial Zubeh\u00f6r"},{"@type":"BreadcrumbList","@id":"https:\/\/medtron-msls.zeitraum.dev\/zh\/verbrauchsmaterial\/zubehoer\/#breadcrumb","itemListElement":[{"@type":"ListItem","position":1,"name":"Startseite","item":"https:\/\/medtron-msls.zeitraum.dev\/zh\/"},{"@type":"ListItem","position":2,"name":"Verbrauchsmaterial","item":"https:\/\/medtron-msls.zeitraum.dev\/zh\/verbrauchsmaterial\/"},{"@type":"ListItem","position":3,"name":"Zubeh\u00f6r"}]},{"@type":"WebSite","@id":"https:\/\/medtron-msls.zeitraum.dev\/zh\/#website","url":"https:\/\/medtron-msls.zeitraum.dev\/zh\/","name":"Medtron ZH","description":"Herzlich Willkommen","potentialAction":[{"@type":"SearchAction","target":{"@type":"EntryPoint","urlTemplate":"https:\/\/medtron-msls.zeitraum.dev\/zh\/?s={search_term_string}"},"query-input":{"@type":"PropertyValueSpecification","valueRequired":true,"valueName":"search_term_string"}}],"inLanguage":"zh-Hans"}]}},"_links":{"self":[{"href":"https:\/\/medtron-msls.zeitraum.dev\/zh\/wp-json\/wp\/v2\/pages\/1554","targetHints":{"allow":["GET"]}}],"collection":[{"href":"https:\/\/medtron-msls.zeitraum.dev\/zh\/wp-json\/wp\/v2\/pages"}],"about":[{"href":"https:\/\/medtron-msls.zeitraum.dev\/zh\/wp-json\/wp\/v2\/types\/page"}],"author":[{"embeddable":true,"href":"https:\/\/medtron-msls.zeitraum.dev\/zh\/wp-json\/wp\/v2\/users\/1"}],"replies":[{"embeddable":true,"href":"https:\/\/medtron-msls.zeitraum.dev\/zh\/wp-json\/wp\/v2\/comments?post=1554"}],"version-history":[{"count":0,"href":"https:\/\/medtron-msls.zeitraum.dev\/zh\/wp-json\/wp\/v2\/pages\/1554\/revisions"}],"up":[{"embeddable":true,"href":"https:\/\/medtron-msls.zeitraum.dev\/zh\/wp-json\/wp\/v2\/pages\/1483"}],"wp:featuredmedia":[{"embeddable":true,"href":"https:\/\/medtron-msls.zeitraum.dev\/zh\/wp-json\/wp\/v2\/media\/10914"}],"wp:attachment":[{"href":"https:\/\/medtron-msls.zeitraum.dev\/zh\/wp-json\/wp\/v2\/media?parent=1554"}],"curies":[{"name":"wp","href":"https:\/\/api.w.org\/{rel}","templated":true}]}}